
{"id":794,"date":"2019-09-04T01:43:22","date_gmt":"2019-09-04T01:43:22","guid":{"rendered":"http:\/\/cursos.unipampa.edu.br\/cursos\/ppga\/?page_id=794"},"modified":"2021-08-18T18:25:18","modified_gmt":"2021-08-18T18:25:18","slug":"grupo-de-estudos-em-pesquisa-em-adm","status":"publish","type":"page","link":"https:\/\/cursos.unipampa.edu.br\/cursos\/ppga\/es\/grupo-de-estudos-em-pesquisa-em-adm\/","title":{"rendered":"Grupo de Estudio sobre Trabajo, Organizaciones y Personas &#8211; GESTA"},"content":{"rendered":"<p>El GESTA &#8211; Grupo de Estudio sobre Trabajo, Organizaciones y Personas tiene como objetivo generar y difundir conocimiento cient\u00edfico sobre el mundo del trabajo, centr\u00e1ndose especialmente en las relaciones entre trabajo, comportamiento humano y gesti\u00f3n.<\/p>\n<p>Se busca desarrollar trabajos interdisciplinarios e interculturales que permitan la construcci\u00f3n y apropiaci\u00f3n del conocimiento hist\u00f3rico, la materializaci\u00f3n del conocimiento a partir de la producci\u00f3n de nuevos conocimientos y la participaci\u00f3n e intervenci\u00f3n en los procesos sociales. De esta forma, trabaja valorando la inseparabilidad entre docencia, investigaci\u00f3n y extensi\u00f3n, principio fundamental en la acci\u00f3n acad\u00e9mico-cient\u00edfica y para el desarrollo de posturas cr\u00edticas y activas que, en la medida de lo posible, ayuden a los trabajadores, directivos y organizaciones a avanzar hacia el trabajo. contextos m\u00e1s humanos y socialmente m\u00e1s justos.<\/p>\n<p>Para cumplir con estos prop\u00f3sitos, la GESTA se estructura en cuatro l\u00edneas de investigaci\u00f3n que se trabajan por separado, o incluso articuladas entre s\u00ed. Son ellas:<\/p>\n<ul>\n<li>Gesti\u00f3n de personas y relaciones laborales en la actualidad;<\/li>\n<li>Trabajo y carrera;<\/li>\n<li>Trabajo, Diversidad y G\u00e9nero;<\/li>\n<li>Trabajo, subjetividad y simbolismo en las organizaciones.<\/li>\n<\/ul>\n<p>M\u00e1s informaci\u00f3n con el coordinador del grupo Profa. Carolina Freddo Fleck (carolinafleck@unipampa.edu.br) y en las p\u00e1ginas del grupo en las redes sociales:<\/p>\n<p>Facebook &#8211; @gestaunipampa<\/p>\n<p>Instagram &#8211; @ grupo.gesta<\/p>","protected":false},"excerpt":{"rendered":"<p>El GESTA &#8211; Grupo de Estudio sobre Trabajo, Organizaciones y Personas tiene como objetivo generar y difundir conocimiento cient\u00edfico sobre el mundo del trabajo, centr\u00e1ndose especialmente en las relaciones entre trabajo, comportamiento humano y gesti\u00f3n. Se busca desarrollar trabajos interdisciplinarios e interculturales que permitan la construcci\u00f3n y apropiaci\u00f3n del conocimiento hist\u00f3rico, la materializaci\u00f3n del conocimiento &hellip; <a href=\"https:\/\/cursos.unipampa.edu.br\/cursos\/ppga\/es\/grupo-de-estudos-em-pesquisa-em-adm\/\" class=\"more-link\">Continue reading <span class=\"screen-reader-text\">Grupo de Estudio sobre Trabajo, Organizaciones y Personas &#8211; GESTA<\/span> <span class=\"meta-nav\">&rarr;<\/span><\/a><\/p>\n","protected":false},"author":511,"featured_media":0,"parent":0,"menu_order":0,"comment_status":"closed","ping_status":"closed","template":"","meta":[],"_links":{"self":[{"href":"https:\/\/cursos.unipampa.edu.br\/cursos\/ppga\/es\/wp-json\/wp\/v2\/pages\/794"}],"collection":[{"href":"https:\/\/cursos.unipampa.edu.br\/cursos\/ppga\/es\/wp-json\/wp\/v2\/pages"}],"about":[{"href":"https:\/\/cursos.unipampa.edu.br\/cursos\/ppga\/es\/wp-json\/wp\/v2\/types\/page"}],"author":[{"embeddable":true,"href":"https:\/\/cursos.unipampa.edu.br\/cursos\/ppga\/es\/wp-json\/wp\/v2\/users\/511"}],"replies":[{"embeddable":true,"href":"https:\/\/cursos.unipampa.edu.br\/cursos\/ppga\/es\/wp-json\/wp\/v2\/comments?post=794"}],"version-history":[{"count":8,"href":"https:\/\/cursos.unipampa.edu.br\/cursos\/ppga\/es\/wp-json\/wp\/v2\/pages\/794\/revisions"}],"predecessor-version":[{"id":1423,"href":"https:\/\/cursos.unipampa.edu.br\/cursos\/ppga\/es\/wp-json\/wp\/v2\/pages\/794\/revisions\/1423"}],"wp:attachment":[{"href":"https:\/\/cursos.unipampa.edu.br\/cursos\/ppga\/es\/wp-json\/wp\/v2\/media?parent=794"}],"curies":[{"name":"wp","href":"https:\/\/api.w.org\/{rel}","templated":true}]}}