
{"id":788,"date":"2019-09-04T01:41:35","date_gmt":"2019-09-04T01:41:35","guid":{"rendered":"http:\/\/cursos.unipampa.edu.br\/cursos\/ppga\/?page_id=788"},"modified":"2021-08-18T18:21:31","modified_gmt":"2021-08-18T18:21:31","slug":"grupo-de-estudos-e-pesquisa-em-organizacoes-e-desenvolvimento-geodes","status":"publish","type":"page","link":"https:\/\/cursos.unipampa.edu.br\/cursos\/ppga\/es\/grupo-de-estudos-e-pesquisa-em-organizacoes-e-desenvolvimento-geodes\/","title":{"rendered":"Grupo de Investigaci\u00f3n de Organizaciones y Estudios de Desarrollo"},"content":{"rendered":"<p><\/p>\n<p style=\"text-align: justify\">El Grupo de Investigaci\u00f3n y Organizaciones y Desarrollo comenz\u00f3 sus actividades a finales de 2015 y est\u00e1 abierto a cualquier persona interesada en la comunidad acad\u00e9mica.<\/p>\n<p style=\"text-align: justify\">El proyecto cuenta con la participaci\u00f3n de docentes y estudiantes de pregrado y posgrado del campus stricto sensu de Santana do Livramento y personas de la Comunidad Fronteriza. Su objetivo es discutir el tema del desarrollo, sus determinantes y caracter\u00edsticas y el papel de las organizaciones para lograrlo.<\/p>\n<p style=\"text-align: justify\">Entre las acciones que han sido organizadas colectivamente por el grupo, las siguientes merecen una menci\u00f3n especial:<\/p>\n<ul>\n<li style=\"text-align: justify\"><strong>Conversaciones productivas:<\/strong> los empresarios regionales est\u00e1n invitados a compartir sus historias y sus aventuras y su visi\u00f3n del desarrollo de la regi\u00f3n, as\u00ed como su papel en el logro de esta visi\u00f3n.<\/li>\n<li style=\"text-align: justify\"><strong>Semana del Medio Ambiente:<\/strong> evento organizado con el objetivo de trabajar en temas relacionados con la preservaci\u00f3n del medio ambiente y el desarrollo sostenible. Est\u00e1 abierto a la comunidad fronteriza y tuvo su primera edici\u00f3n en 2019.<\/li>\n<li style=\"text-align: justify\"><strong>Investigaci\u00f3n colectiva del grupo:<\/strong> esta es una actividad que todav\u00eda se est\u00e1 discutiendo, pero que tiene la intenci\u00f3n de utilizar el conocimiento del grupo para llevar a cabo una investigaci\u00f3n m\u00e1s amplia sobre los objetos relacionados con las l\u00edneas de investigaci\u00f3n del grupo. Una primera iniciativa en 2019 se llev\u00f3 a cabo en la 6ta Frontera: Festival Binacional de Enogastronom\u00eda.<\/li>\n<\/ul>\n<p style=\"text-align: justify\">Para obtener m\u00e1s informaci\u00f3n sobre el grupo, comun\u00edquese con la Prof. Debora Nayar Hoff, por correo electr\u00f3nico: deborahoff@unipampa.edu.br<\/p>\n<p><\/p>","protected":false},"excerpt":{"rendered":"<p>El Grupo de Investigaci\u00f3n y Organizaciones y Desarrollo comenz\u00f3 sus actividades a finales de 2015 y est\u00e1 abierto a cualquier persona interesada en la comunidad acad\u00e9mica. El proyecto cuenta con la participaci\u00f3n de docentes y estudiantes de pregrado y posgrado del campus stricto sensu de Santana do Livramento y personas de la Comunidad Fronteriza. Su &hellip; <a href=\"https:\/\/cursos.unipampa.edu.br\/cursos\/ppga\/es\/grupo-de-estudos-e-pesquisa-em-organizacoes-e-desenvolvimento-geodes\/\" class=\"more-link\">Continue reading <span class=\"screen-reader-text\">Grupo de Investigaci\u00f3n de Organizaciones y Estudios de Desarrollo<\/span> <span class=\"meta-nav\">&rarr;<\/span><\/a><\/p>\n","protected":false},"author":511,"featured_media":0,"parent":0,"menu_order":0,"comment_status":"closed","ping_status":"closed","template":"","meta":[],"_links":{"self":[{"href":"https:\/\/cursos.unipampa.edu.br\/cursos\/ppga\/es\/wp-json\/wp\/v2\/pages\/788"}],"collection":[{"href":"https:\/\/cursos.unipampa.edu.br\/cursos\/ppga\/es\/wp-json\/wp\/v2\/pages"}],"about":[{"href":"https:\/\/cursos.unipampa.edu.br\/cursos\/ppga\/es\/wp-json\/wp\/v2\/types\/page"}],"author":[{"embeddable":true,"href":"https:\/\/cursos.unipampa.edu.br\/cursos\/ppga\/es\/wp-json\/wp\/v2\/users\/511"}],"replies":[{"embeddable":true,"href":"https:\/\/cursos.unipampa.edu.br\/cursos\/ppga\/es\/wp-json\/wp\/v2\/comments?post=788"}],"version-history":[{"count":8,"href":"https:\/\/cursos.unipampa.edu.br\/cursos\/ppga\/es\/wp-json\/wp\/v2\/pages\/788\/revisions"}],"predecessor-version":[{"id":1422,"href":"https:\/\/cursos.unipampa.edu.br\/cursos\/ppga\/es\/wp-json\/wp\/v2\/pages\/788\/revisions\/1422"}],"wp:attachment":[{"href":"https:\/\/cursos.unipampa.edu.br\/cursos\/ppga\/es\/wp-json\/wp\/v2\/media?parent=788"}],"curies":[{"name":"wp","href":"https:\/\/api.w.org\/{rel}","templated":true}]}}