
{"id":755,"date":"2019-08-20T13:40:56","date_gmt":"2019-08-20T13:40:56","guid":{"rendered":"http:\/\/cursos.unipampa.edu.br\/cursos\/ppga\/?page_id=755"},"modified":"2021-02-23T14:47:26","modified_gmt":"2021-02-23T14:47:26","slug":"egressos-turma-2017","status":"publish","type":"page","link":"https:\/\/cursos.unipampa.edu.br\/cursos\/ppga\/es\/egressos-turma-2017\/","title":{"rendered":"Egreso de Clase 2017"},"content":{"rendered":"<p><\/p>\n<ul>\n<li style=\"text-align: justify\"><strong>ANA\u00a0 ALZIRA\u00a0 MENDEZ\u00a0 NUNES &#8211; <a href=\"http:\/\/lattes.cnpq.br\/5682830730675369\">Curr\u00edculo Lattes<\/a><\/strong><\/li>\n<\/ul>\n<p style=\"text-align: justify\"><strong>Disertaci\u00f3n:<\/strong> \u00abUniversidad y desarrollo: desbordamiento de conocimiento como inductor de cambio institucional\u00bb <strong><a href=\"http:\/\/dspace.unipampa.edu.br:8080\/jspui\/handle\/riu\/3959\">PDF<\/a><\/strong><\/p>\n<ul style=\"text-align: justify\">\n<li><strong>BIBIANA GIUDICE DA SILVA CEZAR &#8211; <a href=\"http:\/\/lattes.cnpq.br\/5712883376214096\">Curr\u00edculo Lattes<\/a><\/strong><\/li>\n<\/ul>\n<p style=\"text-align: justify\"><strong>Disertaci\u00f3n:<\/strong> \u00abUso de tecnolog\u00edas de informaci\u00f3n y comunicaci\u00f3n para fines personales en el lugar de trabajo: un estudio comparativo desde diferentes posiciones organizacionales con respecto al uso de estas tecnolog\u00edas\u00bb <a href=\"http:\/\/dspace.unipampa.edu.br:8080\/jspui\/handle\/riu\/3952\">\u00a0<strong>PDF<\/strong><\/a><\/p>\n<ul>\n<li><strong>FILIPE MELLO DORNELLES &#8211;\u00a0<\/strong><a href=\"http:\/\/lattes.cnpq.br\/5682830730675369\"><strong>Curr\u00edculo Lattes<\/strong><\/a><\/li>\n<\/ul>\n<p style=\"text-align: justify\"><strong>Disertaci\u00f3n: <\/strong>\u00abMe encanta amarte: un an\u00e1lisis con los consumidores de la regi\u00f3n fronteriza de BRA-UY sobre el amor de la marca Coca-Cola\u00bb<strong> <a href=\"https:\/\/cursos.unipampa.edu.br\/cursos\/ppga\/files\/2019\/09\/vesao-final-dorneles-f--m--dissertacao-ppga-unipampa.pdf\">PDF<\/a><\/strong><\/p>\n<ul>\n<li><strong>JAQUELINE SOUZA DE SOUZA &#8211; <a href=\"http:\/\/lattes.cnpq.br\/0483237778422508\">Curr\u00edculo Lattes<\/a><\/strong><\/li>\n<\/ul>\n<p><strong>Disertaci\u00f3n:<\/strong> \u00abSostenibilidad en los planes de desarrollo institucional de las instituciones de educaci\u00f3n superior: teor\u00eda y pr\u00e1ctica en un estudio de caso.\u00bb <a href=\"http:\/\/dspace.unipampa.edu.br:8080\/jspui\/handle\/riu\/3954\">\u00a0PDF<\/a><\/p>\n<ul style=\"text-align: justify\">\n<li><strong>JEFERSON DA LUZ FERRON &#8211; <a href=\"http:\/\/lattes.cnpq.br\/4851493883764178\">Curr\u00edculo Lattes<\/a><\/strong><\/li>\n<\/ul>\n<p style=\"text-align: justify\"><strong>Disertaci\u00f3n:<\/strong> \u00abEstrategias de reproducci\u00f3n social de los agricultores familiares con sede en Santana do Livramento \/ RS\u00bb <a href=\"http:\/\/dspace.unipampa.edu.br:8080\/jspui\/handle\/riu\/3995\"><strong>PDF<\/strong><\/a><\/p>\n<ul style=\"text-align: justify\">\n<li><strong>LEONARDO CALIARI &#8211; <a href=\"http:\/\/lattes.cnpq.br\/6888385036029822\">Curr\u00edculo Lattes<\/a><\/strong><\/li>\n<\/ul>\n<p style=\"text-align: justify\"><strong>Disertaci\u00f3n:<\/strong> \u00abCaracter\u00edsticas empresariales y desempe\u00f1o de la viticultura en la Campa\u00f1a Ga\u00facha\u00bb <strong><a href=\"http:\/\/dspace.unipampa.edu.br:8080\/jspui\/handle\/riu\/3953\">PDF<\/a><\/strong><\/p>\n<ul style=\"text-align: justify\">\n<li><strong>MARINA VALIM BANDEIRA &#8211; <a href=\"http:\/\/lattes.cnpq.br\/1174680986896999\">Curr\u00edculo Lattes<\/a><\/strong><\/li>\n<\/ul>\n<p style=\"text-align: justify\"><strong>Disertaci\u00f3n:<\/strong> \u00abPersonalidad y Phubbing: Investigando la relaci\u00f3n de la personalidad en estudiantes universitarios con ignorar tel\u00e9fonos inteligentes\u00bb <strong><a href=\"http:\/\/dspace.unipampa.edu.br:8080\/jspui\/handle\/riu\/3951\">PDF<\/a><\/strong><\/p>\n<ul style=\"text-align: justify\">\n<li><strong>MARTIELE GON\u00c7ALVES MOREIRA &#8211; <a href=\"http:\/\/lattes.cnpq.br\/2923256827854654\">Curr\u00edculo Lattes<\/a><\/strong><\/li>\n<\/ul>\n<p style=\"text-align: justify\"><strong>Disertaci\u00f3n:<\/strong> \u00abDiscriminaci\u00f3n contra la mujer en el lugar de trabajo: un an\u00e1lisis a la luz de la teor\u00eda institucional de Thorstein Veblen\u00bb<strong> <a href=\"http:\/\/dspace.unipampa.edu.br:8080\/jspui\/handle\/riu\/3955\">PDF<\/a><\/strong><\/p>\n<ul style=\"text-align: justify\">\n<li><strong>MATHEUS DE MELLO BARCELLOS &#8211; <a href=\"http:\/\/lattes.cnpq.br\/9773371069779933\">Curr\u00edculo Lattes<\/a><\/strong><\/li>\n<\/ul>\n<p style=\"text-align: justify\"><strong>Disertaci\u00f3n:<\/strong> \u00abAn\u00e1lisis de atractivo de sitios web institucionales y p\u00e1ginas de Facebook de grupos comerciales presentes en Porto Alegre \/ RS\u00bb <strong><a href=\"http:\/\/dspace.unipampa.edu.br:8080\/jspui\/handle\/riu\/3950\">PDF<\/a><\/strong><\/p>\n<ul>\n<li style=\"text-align: justify\"><strong>RAFAEL FAGUNDES MIRAILH &#8211; <a href=\"http:\/\/lattes.cnpq.br\/6600497449746709\">Curr\u00edculo Lattes<\/a><\/strong><\/li>\n<\/ul>\n<p style=\"text-align: justify\"><strong>Disertaci\u00f3n:<\/strong> \u00abIndicadores de rendimiento: agricultura familiar desde una perspectiva de cuadro de mando equilibrado\u00bb <a href=\"http:\/\/dspace.unipampa.edu.br:8080\/jspui\/handle\/riu\/4121\">PDF<\/a><\/p>\n<ul style=\"text-align: justify\">\n<li><strong>ROSEMERI DA SILVA MADRID &#8211; <a href=\"http:\/\/lattes.cnpq.br\/3670851287311068\">Curr\u00edculo Lattes<\/a><\/strong><\/li>\n<\/ul>\n<p style=\"text-align: justify\"><strong>Disertaci\u00f3n: <\/strong>\u00abEl proceso de toma de decisiones y el choque pol\u00edtico en el Ayuntamiento de Sant&#8217;ana do Livramento con respecto a la agenda de desarrollo municipal\u00bb<strong> <a href=\"https:\/\/cursos.unipampa.edu.br\/cursos\/ppga\/files\/2019\/09\/dissertacao-rosemeri-madrid.pdf\">PDF<\/a><\/strong><\/p>\n<p><\/p>","protected":false},"excerpt":{"rendered":"<p>ANA\u00a0 ALZIRA\u00a0 MENDEZ\u00a0 NUNES &#8211; Curr\u00edculo Lattes Disertaci\u00f3n: \u00abUniversidad y desarrollo: desbordamiento de conocimiento como inductor de cambio institucional\u00bb PDF BIBIANA GIUDICE DA SILVA CEZAR &#8211; Curr\u00edculo Lattes Disertaci\u00f3n: \u00abUso de tecnolog\u00edas de informaci\u00f3n y comunicaci\u00f3n para fines personales en el lugar de trabajo: un estudio comparativo desde diferentes posiciones organizacionales con respecto al uso &hellip; <a href=\"https:\/\/cursos.unipampa.edu.br\/cursos\/ppga\/es\/egressos-turma-2017\/\" class=\"more-link\">Continue reading <span class=\"screen-reader-text\">Egreso de Clase 2017<\/span> <span class=\"meta-nav\">&rarr;<\/span><\/a><\/p>\n","protected":false},"author":511,"featured_media":0,"parent":0,"menu_order":0,"comment_status":"closed","ping_status":"closed","template":"","meta":[],"_links":{"self":[{"href":"https:\/\/cursos.unipampa.edu.br\/cursos\/ppga\/es\/wp-json\/wp\/v2\/pages\/755"}],"collection":[{"href":"https:\/\/cursos.unipampa.edu.br\/cursos\/ppga\/es\/wp-json\/wp\/v2\/pages"}],"about":[{"href":"https:\/\/cursos.unipampa.edu.br\/cursos\/ppga\/es\/wp-json\/wp\/v2\/types\/page"}],"author":[{"embeddable":true,"href":"https:\/\/cursos.unipampa.edu.br\/cursos\/ppga\/es\/wp-json\/wp\/v2\/users\/511"}],"replies":[{"embeddable":true,"href":"https:\/\/cursos.unipampa.edu.br\/cursos\/ppga\/es\/wp-json\/wp\/v2\/comments?post=755"}],"version-history":[{"count":19,"href":"https:\/\/cursos.unipampa.edu.br\/cursos\/ppga\/es\/wp-json\/wp\/v2\/pages\/755\/revisions"}],"predecessor-version":[{"id":1145,"href":"https:\/\/cursos.unipampa.edu.br\/cursos\/ppga\/es\/wp-json\/wp\/v2\/pages\/755\/revisions\/1145"}],"wp:attachment":[{"href":"https:\/\/cursos.unipampa.edu.br\/cursos\/ppga\/es\/wp-json\/wp\/v2\/media?parent=755"}],"curies":[{"name":"wp","href":"https:\/\/api.w.org\/{rel}","templated":true}]}}