
{"id":749,"date":"2019-08-20T13:40:29","date_gmt":"2019-08-20T13:40:29","guid":{"rendered":"http:\/\/cursos.unipampa.edu.br\/cursos\/ppga\/?page_id=749"},"modified":"2021-02-17T19:06:35","modified_gmt":"2021-02-17T19:06:35","slug":"egressos-turma-2016","status":"publish","type":"page","link":"https:\/\/cursos.unipampa.edu.br\/cursos\/ppga\/es\/egressos-turma-2016\/","title":{"rendered":"Egreso de Clase 2016"},"content":{"rendered":"<p><\/p>\n<ul>\n<li style=\"text-align: justify\"><strong>CINTHIA SIM\u00d5ES DA SILVA<\/strong> &#8211; <a href=\"http:\/\/lattes.cnpq.br\/5434058358614538\">Curr\u00edculo Lattes<\/a><\/li>\n<\/ul>\n<p style=\"text-align: justify\"><strong>Disertaci\u00f3n:<\/strong> \u00abInstituciones en ganado vacuno y su influencia en el avance de la soja en la campa\u00f1a de Rio Grande do Sul\u00bb <a href=\"http:\/\/dspace.unipampa.edu.br:8080\/jspui\/handle\/riu\/2969\"><strong>PDF<\/strong> <\/a><\/p>\n<ul style=\"text-align: justify\">\n<li><strong>CL\u00c1UDIA MARIA DIAS GUERRA DISCONZI\u00a0 &#8211; <\/strong><a href=\"http:\/\/lattes.cnpq.br\/4316405471100758\">Curr\u00edculo Lattes<\/a><\/li>\n<\/ul>\n<p style=\"text-align: justify\"><strong>Disertaci\u00f3n:<\/strong> \u00abPredicci\u00f3n de precios de futuros de productos agr\u00edcolas brasile\u00f1os utilizando redes neuronales artificiales\u00bb <a href=\"http:\/\/dspace.unipampa.edu.br:8080\/jspui\/handle\/riu\/2967\"><strong>PDF<\/strong><\/a><\/p>\n<ul style=\"text-align: justify\">\n<li><strong>EMERSON OLIVEIRA RIZZATTI &#8211; <a href=\"http:\/\/lattes.cnpq.br\/6822495211355777\">Curr\u00edculo Lattes<\/a><\/strong><\/li>\n<\/ul>\n<p style=\"text-align: justify\"><strong>Disertaci\u00f3n:<\/strong> \u00abFactores cr\u00edticos de \u00e9xito para incubadoras: un an\u00e1lisis de incubadoras instaladas en Rio Grande do Sul\u00bb <a href=\"http:\/\/dspace.unipampa.edu.br:8080\/jspui\/handle\/riu\/2964\"><strong>PDF<\/strong><\/a><\/p>\n<ul style=\"text-align: justify\">\n<li><strong>JULIANA RIBEIRO DA ROSA &#8211; <a href=\"http:\/\/lattes.cnpq.br\/0902769368993179\">Curr\u00edculo Lattes<\/a><\/strong><\/li>\n<\/ul>\n<p style=\"text-align: justify\"><strong>Disertaci\u00f3n:<\/strong> \u00abAfianzamiento organizacional e intenci\u00f3n empresarial del individuo: un estudio con nuevas empresas y empresas de tecnolog\u00eda de la informaci\u00f3n en el estado de Rio Grande do Sul\u201d\u00a0 <a href=\"http:\/\/dspace.unipampa.edu.br:8080\/jspui\/handle\/riu\/2963\"><strong>PDF<\/strong><\/a><\/p>\n<ul style=\"text-align: justify\">\n<li><strong>MARCOS VINICIUS DALAGOSTINI BIDARTE\u00a0 &#8211; <a href=\"http:\/\/lattes.cnpq.br\/1267111842629806\">Curr\u00edculo Lattes<\/a><\/strong><\/li>\n<\/ul>\n<p style=\"text-align: justify\"><strong>Disertaci\u00f3n:<\/strong> \u00abProfesi\u00f3n en el hogar: \u00bfImposici\u00f3n o elecci\u00f3n?\u00bb <a href=\"http:\/\/dspace.unipampa.edu.br:8080\/jspui\/handle\/riu\/2962\"><strong>PDF<\/strong><\/a><\/p>\n<ul style=\"text-align: justify\">\n<li><strong>MICHELE BIELINSKI DA SILVEIRA &#8211; <a href=\"http:\/\/lattes.cnpq.br\/7254756876479836\">Curr\u00edculo Lattes<\/a><\/strong><\/li>\n<\/ul>\n<p style=\"text-align: justify\"><strong>Disertaci\u00f3n:<\/strong> \u00abComercializaci\u00f3n de lugares como promotor del desarrollo territorial: an\u00e1lisis en las empresas vitivin\u00edcolas de la regi\u00f3n de la campa\u00f1a de Rio Grande do Sul\u00bb <strong><a href=\"http:\/\/dspace.unipampa.edu.br:8080\/jspui\/bitstream\/riu\/2966\/1\/Michele%20Bielinski%20da%20Silveira%20-%202018.pdf\">PDF<\/a><\/strong><\/p>\n<ul style=\"text-align: justify\">\n<li><strong>ROSECLAIR DA ROCHA LACERDA BARROSO &#8211; <a href=\"http:\/\/lattes.cnpq.br\/3620743201372864\">Curr\u00edculo Lattes<\/a><\/strong><\/li>\n<\/ul>\n<p style=\"text-align: justify\"><strong>Disertaci\u00f3n:<\/strong> \u00abLa gesti\u00f3n financiera y su implicaci\u00f3n en el desempe\u00f1o empresarial de los emprendedores en el sector de la belleza de Sant&#8217;Ana do Livramento-RS\u00bb <strong><a href=\"http:\/\/dspace.unipampa.edu.br:8080\/jspui\/handle\/riu\/2968\">PDF<\/a><\/strong><\/p>\n<ul>\n<li><strong>WALTER MAR\u00c7AL PAIM LE\u00c3ES JUNIOR &#8211; <a href=\"http:\/\/lattes.cnpq.br\/8533752721414589\">Curr\u00edculo Lattes<\/a><\/strong><\/li>\n<\/ul>\n<p><strong>Disertaci\u00f3n:<\/strong> \u00abPosibilidades de innovaci\u00f3n abierta utilizando datos de gobierno abierto en el contexto brasile\u00f1o\u00bb <strong><a href=\"http:\/\/dspace.unipampa.edu.br:8080\/jspui\/handle\/riu\/2997\">PDF<\/a><\/strong><\/p>","protected":false},"excerpt":{"rendered":"<p>CINTHIA SIM\u00d5ES DA SILVA &#8211; Curr\u00edculo Lattes Disertaci\u00f3n: \u00abInstituciones en ganado vacuno y su influencia en el avance de la soja en la campa\u00f1a de Rio Grande do Sul\u00bb PDF CL\u00c1UDIA MARIA DIAS GUERRA DISCONZI\u00a0 &#8211; Curr\u00edculo Lattes Disertaci\u00f3n: \u00abPredicci\u00f3n de precios de futuros de productos agr\u00edcolas brasile\u00f1os utilizando redes neuronales artificiales\u00bb PDF EMERSON OLIVEIRA &hellip; <a href=\"https:\/\/cursos.unipampa.edu.br\/cursos\/ppga\/es\/egressos-turma-2016\/\" class=\"more-link\">Continue reading <span class=\"screen-reader-text\">Egreso de Clase 2016<\/span> <span class=\"meta-nav\">&rarr;<\/span><\/a><\/p>\n","protected":false},"author":511,"featured_media":0,"parent":0,"menu_order":0,"comment_status":"closed","ping_status":"closed","template":"","meta":[],"_links":{"self":[{"href":"https:\/\/cursos.unipampa.edu.br\/cursos\/ppga\/es\/wp-json\/wp\/v2\/pages\/749"}],"collection":[{"href":"https:\/\/cursos.unipampa.edu.br\/cursos\/ppga\/es\/wp-json\/wp\/v2\/pages"}],"about":[{"href":"https:\/\/cursos.unipampa.edu.br\/cursos\/ppga\/es\/wp-json\/wp\/v2\/types\/page"}],"author":[{"embeddable":true,"href":"https:\/\/cursos.unipampa.edu.br\/cursos\/ppga\/es\/wp-json\/wp\/v2\/users\/511"}],"replies":[{"embeddable":true,"href":"https:\/\/cursos.unipampa.edu.br\/cursos\/ppga\/es\/wp-json\/wp\/v2\/comments?post=749"}],"version-history":[{"count":14,"href":"https:\/\/cursos.unipampa.edu.br\/cursos\/ppga\/es\/wp-json\/wp\/v2\/pages\/749\/revisions"}],"predecessor-version":[{"id":1138,"href":"https:\/\/cursos.unipampa.edu.br\/cursos\/ppga\/es\/wp-json\/wp\/v2\/pages\/749\/revisions\/1138"}],"wp:attachment":[{"href":"https:\/\/cursos.unipampa.edu.br\/cursos\/ppga\/es\/wp-json\/wp\/v2\/media?parent=749"}],"curies":[{"name":"wp","href":"https:\/\/api.w.org\/{rel}","templated":true}]}}