
{"id":59,"date":"2015-07-02T19:31:46","date_gmt":"2015-07-02T19:31:46","guid":{"rendered":"http:\/\/cursos.unipampa.edu.br\/cursos\/ppga\/?page_id=59"},"modified":"2024-01-25T16:33:54","modified_gmt":"2024-01-25T16:33:54","slug":"processo-seletivo","status":"publish","type":"page","link":"https:\/\/cursos.unipampa.edu.br\/cursos\/ppga\/es\/processo-seletivo\/","title":{"rendered":"Proceso seletivo"},"content":{"rendered":"<p>Se publica el aviso de selecci\u00f3n para la clase 2023 &#8211; <a href=\"https:\/\/cursos.unipampa.edu.br\/cursos\/ppga\/files\/2022\/10\/sei_unipampa-0960237-edital-gr.pdf\">Accede aqu\u00ed!<\/a><\/p>\n<p><em><strong>Informaciones importantes:<\/strong><\/em><\/p>\n<ul>\n<li>Toda la informaci\u00f3n sobre el proceso de selecci\u00f3n se publicar\u00e1 en el portal UNIPAMPA &#8211; <a href=\"https:\/\/guri.unipampa.edu.br\/psa\/processos\/\">GURI<\/a><\/li>\n<li>Desde 2019, la prueba ANPAD no es obligatoria para el proceso de selecci\u00f3n. Continuar\u00e1 obteniendo calificaciones, pero no se le impedir\u00e1 participar a un candidato que no haya tomado el examen;<\/li>\n<\/ul>\n<p>&nbsp;<\/p>\n<p><em><strong>Documentos importantes en el proceso:<\/strong><\/em><\/p>\n<p><a href=\"https:\/\/cursos.unipampa.edu.br\/cursos\/ppga\/files\/2020\/11\/modelo-de-projeto.docx\">Plantilla de Proyecto<\/a><\/p>\n<p><a href=\"https:\/\/sites.unipampa.edu.br\/sisbi\/normalizacao\/\">Manual de Estandarizaci\u00f3n UNIPAMPA<\/a><\/p>\n<p>&nbsp;<\/p>","protected":false},"excerpt":{"rendered":"<p>Se publica el aviso de selecci\u00f3n para la clase 2023 &#8211; Accede aqu\u00ed! Informaciones importantes: Toda la informaci\u00f3n sobre el proceso de selecci\u00f3n se publicar\u00e1 en el portal UNIPAMPA &#8211; GURI Desde 2019, la prueba ANPAD no es obligatoria para el proceso de selecci\u00f3n. Continuar\u00e1 obteniendo calificaciones, pero no se le impedir\u00e1 participar a un &hellip; <a href=\"https:\/\/cursos.unipampa.edu.br\/cursos\/ppga\/es\/processo-seletivo\/\" class=\"more-link\">Continue reading <span class=\"screen-reader-text\">Proceso seletivo<\/span> <span class=\"meta-nav\">&rarr;<\/span><\/a><\/p>\n","protected":false},"author":79,"featured_media":0,"parent":0,"menu_order":0,"comment_status":"open","ping_status":"open","template":"","meta":[],"_links":{"self":[{"href":"https:\/\/cursos.unipampa.edu.br\/cursos\/ppga\/es\/wp-json\/wp\/v2\/pages\/59"}],"collection":[{"href":"https:\/\/cursos.unipampa.edu.br\/cursos\/ppga\/es\/wp-json\/wp\/v2\/pages"}],"about":[{"href":"https:\/\/cursos.unipampa.edu.br\/cursos\/ppga\/es\/wp-json\/wp\/v2\/types\/page"}],"author":[{"embeddable":true,"href":"https:\/\/cursos.unipampa.edu.br\/cursos\/ppga\/es\/wp-json\/wp\/v2\/users\/79"}],"replies":[{"embeddable":true,"href":"https:\/\/cursos.unipampa.edu.br\/cursos\/ppga\/es\/wp-json\/wp\/v2\/comments?post=59"}],"version-history":[{"count":95,"href":"https:\/\/cursos.unipampa.edu.br\/cursos\/ppga\/es\/wp-json\/wp\/v2\/pages\/59\/revisions"}],"predecessor-version":[{"id":1951,"href":"https:\/\/cursos.unipampa.edu.br\/cursos\/ppga\/es\/wp-json\/wp\/v2\/pages\/59\/revisions\/1951"}],"wp:attachment":[{"href":"https:\/\/cursos.unipampa.edu.br\/cursos\/ppga\/es\/wp-json\/wp\/v2\/media?parent=59"}],"curies":[{"name":"wp","href":"https:\/\/api.w.org\/{rel}","templated":true}]}}