
{"id":56,"date":"2015-07-02T19:30:49","date_gmt":"2015-07-02T19:30:49","guid":{"rendered":"http:\/\/cursos.unipampa.edu.br\/cursos\/ppga\/?page_id=56"},"modified":"2026-03-09T16:46:53","modified_gmt":"2026-03-09T16:46:53","slug":"estrutura-curricular","status":"publish","type":"page","link":"https:\/\/cursos.unipampa.edu.br\/cursos\/ppga\/es\/estrutura-curricular\/","title":{"rendered":"Estructura Curricular"},"content":{"rendered":"<p>Los componentes del plan de estudios de PPGA &#8211; UNIPAMPA se dividen en componentes de 30 horas de clase (2 cr\u00e9ditos) y 60 horas de clase (4 cr\u00e9ditos). El total de cr\u00e9ditos a cursar por el alumno es de 28 (veintiocho cr\u00e9ditos), segmentados <strong>16 cr\u00e9ditos obligatorios y 12 cr\u00e9ditos optativos en la l\u00ednea de investigaci\u00f3n del alumno.<\/strong><\/p>\n<p><strong>Los componentes obligatorios del plan de estudios son:<\/strong><\/p>\n<p>a) Teor\u00eda de las Organizaciones (4 cr\u00e9ditos);<\/p>\n<p>b) Metodolog\u00eda de la educaci\u00f3n superior (4 cr\u00e9ditos);<\/p>\n<p>c) Metodolog\u00eda de la investigaci\u00f3n (2 cr\u00e9ditos);<\/p>\n<p>d) M\u00e9todos estad\u00edsticos (2 cr\u00e9ditos);<\/p>\n<p>e) M\u00e9todos cualitativos (2 cr\u00e9ditos);<\/p>\n<p>f) Pr\u00e1cticas de interacci\u00f3n social (2 cr\u00e9ditos).<\/p>\n<p>Adem\u00e1s, la realizaci\u00f3n de una pr\u00e1tica docente con aprobaci\u00f3n es un requisito para obtener el t\u00edtulo.<\/p>\n<p>Los componentes curriculares est\u00e1n divididos y ofertados con el fin de que los estudiantes tengan la opci\u00f3n de completar los cr\u00e9ditos necesarios para la maestr\u00eda al finalizar el segundo semestre del curso. De esta forma, el alumno podr\u00e1 dedicar el tercer y cuarto semestre a la elaboraci\u00f3n de su tesis. El resultado esperado es que la finalizaci\u00f3n del curso se lleve a cabo en un plazo m\u00e1ximo de 24 meses, con disertaciones de calidad acad\u00e9mica elaboradas por estudiantes con tiempo dedicado a la investigaci\u00f3n. La estructura curricular recomendada para ambas l\u00edneas de investigaci\u00f3n se muestra en la Tabla 1.<\/p>\n<p>Tabla 1 &#8211; Estructura curricular recomendada para la Maestr\u00eda en Administraci\u00f3n.<\/p>\n<table style=\"height: 155px;border-color: #010807;width: 113.131%;background-color: #b4d7f0;border-style: solid\" width=\"113.131%\">\n<tbody>\n<tr style=\"height: 71px\">\n<td style=\"width: 14.0952%;height: 38px\" width=\"13%\"><\/td>\n<td style=\"width: 23.1796%;height: 38px\" width=\"22%\"><strong>Primeiro Semestre<\/strong><\/td>\n<td style=\"width: 23.3516%;height: 38px\" width=\"21%\"><strong>Segundo Semestre<\/strong><\/td>\n<td style=\"width: 20.5253%;height: 38px\" width=\"22%\"><strong>Terceiro Semestre<\/strong><\/td>\n<td style=\"width: 32.2089%;height: 38px\" width=\"19%\"><strong>Quarto Semestre<\/strong><\/td>\n<\/tr>\n<tr style=\"height: 119px\">\n<td style=\"width: 14.0952%;height: 117px\" width=\"13%\"><strong>Estrutura Curricular<\/strong><\/td>\n<td style=\"width: 23.1796%;height: 117px\" width=\"224\">\n<p style=\"text-align: center\">Teoria das Organiza\u00e7\u00f5es &#8211; 60 h<\/p>\n<p style=\"text-align: center\">Metodologia da Pesquisa &#8211; 30 h<\/p>\n<p style=\"text-align: center\">M\u00e9todos Estat\u00edsticos &#8211;\u00a0 30 h<\/p>\n<p style=\"text-align: center\">Optativas <span style=\"font-family: inherit;font-size: inherit\">(6 cr\u00e9ditos)<\/span><\/p>\n<\/td>\n<td style=\"width: 23.3516%;height: 117px\" width=\"21%\">Metodologia do Ensino Superior &#8211; 60 h<\/p>\n<p>M\u00e9todos Qualitativos\u00a0 &#8211; 60 h<\/p>\n<p>Pr\u00e1ticas de Intera\u00e7\u00e3o Social &#8211; 30 h<\/p>\n<p>Optativas <span style=\"font-family: inherit;font-size: inherit\">(6 cr\u00e9ditos)<\/span><\/td>\n<td style=\"width: 20.5253%;height: 117px\" width=\"22%\">\u00a0 Elabora\u00e7\u00e3o de Disserta\u00e7\u00e3o<\/p>\n<p>Est\u00e1gio de Doc\u00eancia<\/p>\n<p>&nbsp;<\/p>\n<p>&nbsp;<\/p>\n<p>&nbsp;<\/td>\n<td style=\"width: 32.2089%;height: 117px\" width=\"19%\">Elabora\u00e7\u00e3o de Disserta\u00e7\u00e3o<\/p>\n<p>&nbsp;<\/p>\n<p>&nbsp;<\/p>\n<p>&nbsp;<\/p>\n<p>&nbsp;<\/td>\n<\/tr>\n<\/tbody>\n<\/table>\n<p>Cabe se\u00f1alar que la estructura puede ser flexible y los estudiantes tienen la oportunidad de elegir asignaturas optativas m\u00e1s dirigidas a sus intereses de estudio. Para ello, durante todo el semestre se ofrecen diferentes componentes curriculares relacionados con las l\u00edneas de investigaci\u00f3n. La Tabla 2 presenta un listado de componentes curriculares opcionales que se pueden ofrecer en las l\u00edneas de Organizaciones y Desarrollo y Estrategia y Sistemas.<\/p>\n<p>Tabla 2 &#8211; Componentes opcionales del plan de estudios<\/p>\n<table style=\"height: 71px;width: 119.223%;border-collapse: collapse;border-color: #0d0b0b;border-style: solid\" border=\"1\">\n<tbody>\n<tr style=\"height: 71px\">\n<td style=\"width: 35.7535%;height: 71px;text-align: center\"><strong>Organiza\u00e7\u00f5es e Desenvolvimento<\/strong><\/p>\n<p>(cr\u00e9ditos)<\/td>\n<td style=\"width: 83.5052%;height: 71px\">\n<ul>\n<li>Cultura Organizacional (4)<\/li>\n<li>Economia das Organiza\u00e7\u00f5es (4)<\/li>\n<li>Organiza\u00e7\u00f5es, Desenvolvimento e Territ\u00f3rio (4)<\/li>\n<li>Sustentabilidade em Universidades (4)<\/li>\n<li>Teorias do Desenvolvimento (4)<\/li>\n<li>Empreendedorismo (2)<\/li>\n<li>Rela\u00e7\u00f5es de Trabalho (2)<\/li>\n<li>Organiza\u00e7\u00f5es Rurais, Pol\u00edticas P\u00fablicas e Desenvolvimento (2)<\/li>\n<li>T\u00f3picos Emergentes em Organiza\u00e7\u00f5es e Desenvolvimento I (2)<\/li>\n<\/ul>\n<\/td>\n<\/tr>\n<\/tbody>\n<\/table>\n<table style=\"height: 27px;width: 119.445%;border-collapse: collapse;border-style: solid;border-color: #000000\" border=\"1\">\n<tbody>\n<tr>\n<td style=\"width: 35.6974%;text-align: center\"><strong>Estrat\u00e9gia e Sistemas<\/strong><\/p>\n<p>(cr\u00e9ditos)<\/td>\n<td style=\"width: 64.3026%\">\n<ul>\n<li>Clusters e Redes (4)<\/li>\n<li>Gest\u00e3o de Sistemas e Tecnologias de Informa\u00e7\u00e3o (4)<\/li>\n<li>Marketing Ambiental (4)<\/li>\n<li>Planejamento Estrat\u00e9gico (4)<\/li>\n<li>Tecnologia, Indiv\u00edduo, Sociedade (4)<\/li>\n<li>Redes Neurais Artificiais (2)<\/li>\n<li>Gest\u00e3o de Servi\u00e7os, Turismo, Lazer e Entretenimento (2)<\/li>\n<li>Marketing e Consumo (2)<\/li>\n<li>T\u00f3picos Emergentes em Estrat\u00e9gia e Sistemas I (2)<\/li>\n<\/ul>\n<\/td>\n<\/tr>\n<\/tbody>\n<\/table>\n<table style=\"width: 119.347%;border-collapse: collapse;border-style: solid;border-color: #000000\" border=\"1\">\n<tbody>\n<tr>\n<td style=\"width: 35.7977%;text-align: center\"><strong>Ambas as linhas de pesquisa<\/strong><\/p>\n<p>(cr\u00e9ditos)<\/td>\n<td style=\"width: 83.7006%\">\n<ul>\n<li>Reda\u00e7\u00e3o Cient\u00edfica Internacional (2)<\/li>\n<li>M\u00e9todos Estat\u00edsticos Multivariados (2)<\/li>\n<li>T\u00f3picos Emergentes em Administra\u00e7\u00e3o &#8211; EAD I (2)<\/li>\n<\/ul>\n<\/td>\n<\/tr>\n<\/tbody>\n<\/table>\n<p style=\"text-align: justify\">\n<p><\/p>","protected":false},"excerpt":{"rendered":"<p>Los componentes del plan de estudios de PPGA &#8211; UNIPAMPA se dividen en componentes de 30 horas de clase (2 cr\u00e9ditos) y 60 horas de clase (4 cr\u00e9ditos). El total de cr\u00e9ditos a cursar por el alumno es de 28 (veintiocho cr\u00e9ditos), segmentados 16 cr\u00e9ditos obligatorios y 12 cr\u00e9ditos optativos en la l\u00ednea de investigaci\u00f3n &hellip; <a href=\"https:\/\/cursos.unipampa.edu.br\/cursos\/ppga\/es\/estrutura-curricular\/\" class=\"more-link\">Continue reading <span class=\"screen-reader-text\">Estructura Curricular<\/span> <span class=\"meta-nav\">&rarr;<\/span><\/a><\/p>\n","protected":false},"author":79,"featured_media":0,"parent":0,"menu_order":0,"comment_status":"open","ping_status":"open","template":"","meta":[],"_links":{"self":[{"href":"https:\/\/cursos.unipampa.edu.br\/cursos\/ppga\/es\/wp-json\/wp\/v2\/pages\/56"}],"collection":[{"href":"https:\/\/cursos.unipampa.edu.br\/cursos\/ppga\/es\/wp-json\/wp\/v2\/pages"}],"about":[{"href":"https:\/\/cursos.unipampa.edu.br\/cursos\/ppga\/es\/wp-json\/wp\/v2\/types\/page"}],"author":[{"embeddable":true,"href":"https:\/\/cursos.unipampa.edu.br\/cursos\/ppga\/es\/wp-json\/wp\/v2\/users\/79"}],"replies":[{"embeddable":true,"href":"https:\/\/cursos.unipampa.edu.br\/cursos\/ppga\/es\/wp-json\/wp\/v2\/comments?post=56"}],"version-history":[{"count":51,"href":"https:\/\/cursos.unipampa.edu.br\/cursos\/ppga\/es\/wp-json\/wp\/v2\/pages\/56\/revisions"}],"predecessor-version":[{"id":2481,"href":"https:\/\/cursos.unipampa.edu.br\/cursos\/ppga\/es\/wp-json\/wp\/v2\/pages\/56\/revisions\/2481"}],"wp:attachment":[{"href":"https:\/\/cursos.unipampa.edu.br\/cursos\/ppga\/es\/wp-json\/wp\/v2\/media?parent=56"}],"curies":[{"name":"wp","href":"https:\/\/api.w.org\/{rel}","templated":true}]}}