
{"id":49,"date":"2015-07-02T19:24:52","date_gmt":"2015-07-02T19:24:52","guid":{"rendered":"http:\/\/cursos.unipampa.edu.br\/cursos\/ppga\/?page_id=49"},"modified":"2026-03-23T14:34:13","modified_gmt":"2026-03-23T14:34:13","slug":"area-de-concentracao-e-linhas-de-pesquisa","status":"publish","type":"page","link":"https:\/\/cursos.unipampa.edu.br\/cursos\/ppga\/es\/area-de-concentracao-e-linhas-de-pesquisa\/","title":{"rendered":"\u00c1rea de Concentraci\u00f3n y L\u00edneas de Investigaci\u00f3n"},"content":{"rendered":"<p><strong><span style=\"color: #000000\">\u00c1REA DE CONCENTRACI\u00d3N:<\/span> <span style=\"color: #008000\">ADMINISTRACI\u00d3N<\/span><\/strong><\/p>\n<p>La elecci\u00f3n por el \u00e1rea de concentraci\u00f3n de Administraci\u00f3n se debe a la percepci\u00f3n de que las l\u00edneas de investigaci\u00f3n cubiertas por el curso permean, en general, las Ciencias Administrativas. Las dos l\u00edneas de investigaci\u00f3n que componen esta \u00e1rea de enfoque son: 1) Organizaciones y Desarrollo y 2) Estrategia y Sistemas. Se entiende que con ambas l\u00edneas es posible trabajar una gama de temas que buscan comprender el rol del docente e investigador y de la Ciencia Administrativa en diferentes contextos, especialmente en los procesos de desarrollo de ambas organizaciones y del entorno que las rodea. .<\/p>\n<p><span style=\"color: #000000\"><strong>L\u00cdNEAS DE INVESTIGACI\u00d3N:<\/strong><\/span><\/p>\n<p><strong><span style=\"color: #008000\">1) ORGANIZACIONES Y DESARROLLO<\/span><\/strong><\/p>\n<p>Los estudios desarrollados en esta l\u00ednea est\u00e1n enfocados a la comprensi\u00f3n de los conceptos organizacionales y las interrelaciones entre sujetos, organizaciones y medio ambiente. Busca comprender y analizar la din\u00e1mica de estas relaciones, destacando los diferentes impactos en el desarrollo intra e inter organizacional y en la regi\u00f3n donde operan las organizaciones. La l\u00ednea de investigaci\u00f3n se basa en dos n\u00facleos tem\u00e1ticos principales:<\/p>\n<p>a) Estudios organizacionales y sociedad<\/p>\n<p>El n\u00facleo tem\u00e1tico, desde una perspectiva inter y multidisciplinar, tiene como objetivo comprender las relaciones entre las organizaciones p\u00fablicas y \/ o privadas y la sociedad, y estudios sobre las relaciones entre las personas en el contexto organizacional, ambiental y social.<\/p>\n<p>Los principales temas de inter\u00e9s son:<\/p>\n<p>&#8211; An\u00e1lisis de pol\u00edticas de educaci\u00f3n superior;<\/p>\n<p>&#8211; Gesti\u00f3n universitaria;<\/p>\n<p>&#8211; Transformaciones en el trabajo;<\/p>\n<p>&#8211; Inclusi\u00f3n en el contexto organizacional;<\/p>\n<p>&#8211; Comportamiento organizacional y humano;<\/p>\n<p>&#8211; Estudios sobre subjetividad, g\u00e9nero y diversidad.<\/p>\n<p>Los profesores vinculados al n\u00facleo tem\u00e1tico son: Camila Furlan da Costa, Carolina Freddo Fleck, Sebasti\u00e3o Cerqueira-Ad\u00e3o y Thiago Beuron.<\/p>\n<p>b) Econom\u00eda, Desarrollo y Gesti\u00f3n Empresarial<\/p>\n<p>El n\u00facleo tem\u00e1tico busca comprender los procesos de desarrollo y sus relaciones rec\u00edprocas con las organizaciones y la econom\u00eda, incluyendo las perspectivas social y ambiental. En esta \u00e1rea destacan los estudios de diferentes enfoques te\u00f3ricos y metodol\u00f3gicos del desarrollo, la econom\u00eda organizacional y la gesti\u00f3n empresarial. La integraci\u00f3n de estos temas permite la construcci\u00f3n de conocimiento en torno al papel de la din\u00e1mica econ\u00f3mica y social y las caracter\u00edsticas regionales en la din\u00e1mica competitiva de las organizaciones.<\/p>\n<p>Los principales temas de inter\u00e9s son:<\/p>\n<p>&#8211; Econom\u00eda organizacional;<\/p>\n<p>&#8211; Procesos de desarrollo rural, regional (local) y territorial;<\/p>\n<p>&#8211; An\u00e1lisis de pol\u00edticas p\u00fablicas;<\/p>\n<p>&#8211; Gesti\u00f3n de Cadenas Productivas y Agroindustria;<\/p>\n<p>&#8211; Gesti\u00f3n financiera.<\/p>\n<p>Los profesores vinculados al n\u00facleo tem\u00e1tico: Alessandra Troian, Debora Nayar Hoff y Jo\u00e3o Garibaldi Almeida Viana<\/p>\n<p>&nbsp;<\/p>\n<p><strong><span style=\"color: #008000\">2) ESTRATEGIA Y SISTEMAS<\/span><\/strong><\/p>\n<p>Los estudios desarrollados en esta l\u00ednea est\u00e1n enfocados a comprender la importancia de la estrategia, el marketing, las tecnolog\u00edas y los sistemas en las distintas \u00e1reas de la Administraci\u00f3n, sus impactos en las organizaciones y la sociedad, as\u00ed como para el crecimiento y desarrollo econ\u00f3mico. La l\u00ednea de investigaci\u00f3n se basa en dos n\u00facleos tem\u00e1ticos principales:<\/p>\n<p>a) Tecnolog\u00eda, sistemas e innovaci\u00f3n<\/p>\n<p>El n\u00facleo tem\u00e1tico tiene como objetivo desarrollar estudios relacionados con los sistemas, las tecnolog\u00edas de la informaci\u00f3n y la comunicaci\u00f3n (TIC), la gesti\u00f3n y la prospecci\u00f3n de la innovaci\u00f3n, con un enfoque en su comprensi\u00f3n y aplicaci\u00f3n en la construcci\u00f3n del conocimiento, alineados con el desarrollo de las organizaciones y la sociedad.<\/p>\n<p>Los principales temas de inter\u00e9s son:<\/p>\n<p>&#8211; Cl\u00faster y redes;<\/p>\n<p>&#8211; An\u00e1lisis de redes sociales;<\/p>\n<p>&#8211; Internet y redes sociales;<\/p>\n<p>&#8211; Impactos de las nuevas tecnolog\u00edas en el individuo, las organizaciones y la sociedad<\/p>\n<p>&#8211; Dependencias tecnol\u00f3gicas<\/p>\n<p>&#8211; Miner\u00eda de datos e inteligencia artificial;<\/p>\n<p>&#8211; Relaciones entre Gobiernos y Sociedad mediadas por las TIC.<\/p>\n<p>Los profesores vinculados al n\u00facleo tem\u00e1tico son: Claudio Albano, Kathiane Benedetti Corso, Paulo Cassanego J\u00fanior y Rafael Camargo Ferraz.<\/p>\n<p>b) Marketing y Sostenibilidad<\/p>\n<p>El n\u00facleo tem\u00e1tico tiene como objetivo realizar estudios en las \u00e1reas de marketing y sostenibilidad, buscando aplicaciones en los contextos p\u00fablico, social y empresarial. Centr\u00e1ndose en los procesos de creaci\u00f3n y desarrollo de mercados, comportamiento del consumidor, marketing y gesti\u00f3n de la sostenibilidad y otros temas relacionados con los impactos del marketing y la sostenibilidad en la sociedad.<\/p>\n<p>Los principales temas de inter\u00e9s son:<\/p>\n<p>&#8211; Estrategias de marketing;<\/p>\n<p>&#8211; Comportamiento y consumo;<\/p>\n<p>&#8211; Consumidores vulnerables;<\/p>\n<p>&#8211; Comportamiento del consumidor en l\u00ednea;<\/p>\n<p>&#8211; Materialismo;<\/p>\n<p>&#8211; Consumo Consciente, Marketing Ambiental y Sellos Verdes<\/p>\n<p>&#8211; Gesti\u00f3n ambiental y log\u00edstica inversa<\/p>\n<p>Los profesores vinculados al n\u00facleo tem\u00e1tico son: Andressa Hennig Silva, Gustavo Borges y Ricardo Alves.<\/p>","protected":false},"excerpt":{"rendered":"<p>\u00c1REA DE CONCENTRACI\u00d3N: ADMINISTRACI\u00d3N La elecci\u00f3n por el \u00e1rea de concentraci\u00f3n de Administraci\u00f3n se debe a la percepci\u00f3n de que las l\u00edneas de investigaci\u00f3n cubiertas por el curso permean, en general, las Ciencias Administrativas. Las dos l\u00edneas de investigaci\u00f3n que componen esta \u00e1rea de enfoque son: 1) Organizaciones y Desarrollo y 2) Estrategia y Sistemas. &hellip; <a href=\"https:\/\/cursos.unipampa.edu.br\/cursos\/ppga\/es\/area-de-concentracao-e-linhas-de-pesquisa\/\" class=\"more-link\">Continue reading <span class=\"screen-reader-text\">\u00c1rea de Concentraci\u00f3n y L\u00edneas de Investigaci\u00f3n<\/span> <span class=\"meta-nav\">&rarr;<\/span><\/a><\/p>\n","protected":false},"author":79,"featured_media":0,"parent":0,"menu_order":0,"comment_status":"open","ping_status":"open","template":"","meta":[],"_links":{"self":[{"href":"https:\/\/cursos.unipampa.edu.br\/cursos\/ppga\/es\/wp-json\/wp\/v2\/pages\/49"}],"collection":[{"href":"https:\/\/cursos.unipampa.edu.br\/cursos\/ppga\/es\/wp-json\/wp\/v2\/pages"}],"about":[{"href":"https:\/\/cursos.unipampa.edu.br\/cursos\/ppga\/es\/wp-json\/wp\/v2\/types\/page"}],"author":[{"embeddable":true,"href":"https:\/\/cursos.unipampa.edu.br\/cursos\/ppga\/es\/wp-json\/wp\/v2\/users\/79"}],"replies":[{"embeddable":true,"href":"https:\/\/cursos.unipampa.edu.br\/cursos\/ppga\/es\/wp-json\/wp\/v2\/comments?post=49"}],"version-history":[{"count":35,"href":"https:\/\/cursos.unipampa.edu.br\/cursos\/ppga\/es\/wp-json\/wp\/v2\/pages\/49\/revisions"}],"predecessor-version":[{"id":2491,"href":"https:\/\/cursos.unipampa.edu.br\/cursos\/ppga\/es\/wp-json\/wp\/v2\/pages\/49\/revisions\/2491"}],"wp:attachment":[{"href":"https:\/\/cursos.unipampa.edu.br\/cursos\/ppga\/es\/wp-json\/wp\/v2\/media?parent=49"}],"curies":[{"name":"wp","href":"https:\/\/api.w.org\/{rel}","templated":true}]}}