
{"id":428,"date":"2017-09-04T19:42:51","date_gmt":"2017-09-04T19:42:51","guid":{"rendered":"http:\/\/cursos.unipampa.edu.br\/cursos\/ppga\/?page_id=428"},"modified":"2025-10-06T15:57:14","modified_gmt":"2025-10-06T15:57:14","slug":"home","status":"publish","type":"page","link":"https:\/\/cursos.unipampa.edu.br\/cursos\/ppga\/es\/home\/","title":{"rendered":"PPGA-UNIPAMPA"},"content":{"rendered":"<p><\/p>\n<h1 style=\"text-align: center\"><strong>Bienvenido al Programa de Posgrado en Administraci\u00f3n<\/strong><\/h1>\n<p style=\"text-align: center\"><a href=\"https:\/\/cursos.unipampa.edu.br\/cursos\/ppga\/files\/2021\/08\/anpad.png\"><img decoding=\"async\" loading=\"lazy\" class=\"alignnone wp-image-1434\" src=\"https:\/\/cursos.unipampa.edu.br\/cursos\/ppga\/files\/2021\/08\/anpad-300x138.png\" alt=\"\" width=\"185\" height=\"85\" srcset=\"https:\/\/cursos.unipampa.edu.br\/cursos\/ppga\/files\/2021\/08\/anpad-300x138.png 300w, https:\/\/cursos.unipampa.edu.br\/cursos\/ppga\/files\/2021\/08\/anpad-1024x471.png 1024w, https:\/\/cursos.unipampa.edu.br\/cursos\/ppga\/files\/2021\/08\/anpad-768x353.png 768w, https:\/\/cursos.unipampa.edu.br\/cursos\/ppga\/files\/2021\/08\/anpad-1536x706.png 1536w, https:\/\/cursos.unipampa.edu.br\/cursos\/ppga\/files\/2021\/08\/anpad-2048x941.png 2048w\" sizes=\"(max-width: 185px) 100vw, 185px\" \/><\/a><\/p>\n<p><a href=\"https:\/\/cursos.unipampa.edu.br\/cursos\/ppga\/files\/2021\/08\/ppga.jpg\"><img decoding=\"async\" loading=\"lazy\" class=\" wp-image-1435 aligncenter\" src=\"https:\/\/cursos.unipampa.edu.br\/cursos\/ppga\/files\/2021\/08\/ppga-300x169.jpg\" alt=\"\" width=\"465\" height=\"261\" srcset=\"https:\/\/cursos.unipampa.edu.br\/cursos\/ppga\/files\/2021\/08\/ppga-300x169.jpg 300w, https:\/\/cursos.unipampa.edu.br\/cursos\/ppga\/files\/2021\/08\/ppga-1024x576.jpg 1024w, https:\/\/cursos.unipampa.edu.br\/cursos\/ppga\/files\/2021\/08\/ppga-768x432.jpg 768w, https:\/\/cursos.unipampa.edu.br\/cursos\/ppga\/files\/2021\/08\/ppga.jpg 1280w\" sizes=\"(max-width: 465px) 100vw, 465px\" \/><\/a><\/p>\n<p style=\"text-align: justify\">El Curso de Posgrado en Administraci\u00f3n (PPGA \/ UNIPAMPA) se encuentra en el Campus Santana do Livramento en la modalidad de Maestr\u00eda Acad\u00e9mica &#8211; Presencial. El PPGA es un programa de posgrado stricto sensu, de car\u00e1cter acad\u00e9mico, que se enmarca dentro del \u00e1rea de Administraci\u00f3n de la CAPES. Consiste en la acci\u00f3n conjunta de dos l\u00edneas de investigaci\u00f3n: \u201cOrganizaciones y Desarrollo\u201d y \u201cEstrategia y Sistemas\u201d.<\/p>\n<p style=\"text-align: justify\">El curso tiene como objetivo formar investigadores y profesores del sector p\u00fablico y privado capaces de construir y difundir conocimientos en administraci\u00f3n en l\u00ednea con el desarrollo regional y sostenible.<\/p>\n<p style=\"text-align: justify\">Las clases del M\u00e1ster se ofrecen a tiempo completo y deben cursarse durante cuatro semestres. El plan de estudios de la asignatura prev\u00e9 la realizaci\u00f3n de asignaturas obligatorias y optativas, as\u00ed como otras actividades relacionadas con la docencia, la investigaci\u00f3n y la extensi\u00f3n, en un plazo m\u00ednimo de doce meses y m\u00e1ximo de veinticuatro meses. Al finalizar el curso, el alumno obtendr\u00e1 el t\u00edtulo universitario de M\u00e1ster en Administraci\u00f3n.<\/p>\n<p style=\"text-align: justify\">Actualmente, la coordinaci\u00f3n del Programa est\u00e1 constituida por los profesores Rafael Camargo Ferraz &#8211; Coordinador y Alessandra Troian &#8211; Coordinador suplente. El Programa es recomendado por CAPES.<\/p>\n<p><\/p>","protected":false},"excerpt":{"rendered":"<p>Bienvenido al Programa de Posgrado en Administraci\u00f3n El Curso de Posgrado en Administraci\u00f3n (PPGA \/ UNIPAMPA) se encuentra en el Campus Santana do Livramento en la modalidad de Maestr\u00eda Acad\u00e9mica &#8211; Presencial. El PPGA es un programa de posgrado stricto sensu, de car\u00e1cter acad\u00e9mico, que se enmarca dentro del \u00e1rea de Administraci\u00f3n de la CAPES. &hellip; <a href=\"https:\/\/cursos.unipampa.edu.br\/cursos\/ppga\/es\/home\/\" class=\"more-link\">Continue reading <span class=\"screen-reader-text\">PPGA-UNIPAMPA<\/span> <span class=\"meta-nav\">&rarr;<\/span><\/a><\/p>\n","protected":false},"author":79,"featured_media":0,"parent":0,"menu_order":0,"comment_status":"closed","ping_status":"closed","template":"","meta":[],"_links":{"self":[{"href":"https:\/\/cursos.unipampa.edu.br\/cursos\/ppga\/es\/wp-json\/wp\/v2\/pages\/428"}],"collection":[{"href":"https:\/\/cursos.unipampa.edu.br\/cursos\/ppga\/es\/wp-json\/wp\/v2\/pages"}],"about":[{"href":"https:\/\/cursos.unipampa.edu.br\/cursos\/ppga\/es\/wp-json\/wp\/v2\/types\/page"}],"author":[{"embeddable":true,"href":"https:\/\/cursos.unipampa.edu.br\/cursos\/ppga\/es\/wp-json\/wp\/v2\/users\/79"}],"replies":[{"embeddable":true,"href":"https:\/\/cursos.unipampa.edu.br\/cursos\/ppga\/es\/wp-json\/wp\/v2\/comments?post=428"}],"version-history":[{"count":43,"href":"https:\/\/cursos.unipampa.edu.br\/cursos\/ppga\/es\/wp-json\/wp\/v2\/pages\/428\/revisions"}],"predecessor-version":[{"id":2358,"href":"https:\/\/cursos.unipampa.edu.br\/cursos\/ppga\/es\/wp-json\/wp\/v2\/pages\/428\/revisions\/2358"}],"wp:attachment":[{"href":"https:\/\/cursos.unipampa.edu.br\/cursos\/ppga\/es\/wp-json\/wp\/v2\/media?parent=428"}],"curies":[{"name":"wp","href":"https:\/\/api.w.org\/{rel}","templated":true}]}}