
{"id":345,"date":"2017-03-20T19:18:26","date_gmt":"2017-03-20T19:18:26","guid":{"rendered":"http:\/\/cursos.unipampa.edu.br\/cursos\/ppga\/?page_id=345"},"modified":"2026-03-10T19:09:58","modified_gmt":"2026-03-10T19:09:58","slug":"documentos-e-formularios","status":"publish","type":"page","link":"https:\/\/cursos.unipampa.edu.br\/cursos\/ppga\/es\/documentos-e-formularios\/","title":{"rendered":"Documentos y formularios"},"content":{"rendered":"<p><em><strong>Sobre actividades relacionadas con la organizaci\u00f3n acad\u00e9mica y la disertaci\u00f3n<\/strong><\/em><\/p>\n<p><a href=\"https:\/\/cursos.unipampa.edu.br\/cursos\/ppga\/files\/2017\/03\/plano-de-atividades_modelo.docx\">Plan de actividades_Modelo<\/a><\/p>\n<p><a href=\"https:\/\/cursos.unipampa.edu.br\/cursos\/ppga\/files\/2017\/03\/plano-de-pesquisa-dissertacao_modelo.docx\">Plan de Investigaci\u00f3n_Modelo<\/a><\/p>\n<p><em><strong>Sobre la validaci\u00f3n de art\u00edculos cient\u00edficos<\/strong><\/em><\/p>\n<p><a href=\"https:\/\/cursos.unipampa.edu.br\/cursos\/ppga\/files\/2019\/06\/validacao-de-artigos_eventos-apoiados_site.pdf\">Lista de eventos considerados relevantes para la validaci\u00f3n de art\u00edculos cient\u00edficos.<\/a><\/p>\n<p><a href=\"https:\/\/cursos.unipampa.edu.br\/cursos\/ppga\/files\/2018\/06\/formulario-apresentacao-de-artigo-cientifico-2.docx\">Formulario de env\u00edo de art\u00edculos cient\u00edficos para revisi\u00f3n<\/a><\/p>\n<p style=\"text-align: justify\"><em><strong>Sobre la calificaci\u00f3n del proyecto de disertaci\u00f3n<\/strong><\/em><\/p>\n<p style=\"text-align: justify\"><a href=\"https:\/\/cursos.unipampa.edu.br\/cursos\/ppga\/files\/2017\/03\/procedimentos-para-agendamento-do-exame-de-qualificacao.docx\">Procedimientos de programaci\u00f3n del examen de calificaci\u00f3n<\/a><\/p>\n<p style=\"text-align: justify\"><a href=\"https:\/\/cursos.unipampa.edu.br\/cursos\/ppga\/files\/2017\/03\/solicitacao-de-agendamento-de-exame-de-qualificacao.doc\">Formulario de calendario de examen calificado<\/a><\/p>\n<p style=\"text-align: justify\"><em><strong>Sobre la defensa de disertaci\u00f3n y la conclusi\u00f3n del curso<\/strong><\/em><\/p>\n<p style=\"text-align: justify\"><a href=\"http:\/\/sites.unipampa.edu.br\/prpg\/documentos-e-formularios\/formularios-para-a-diplomacao\/\">Procedimientos de defensa y diplomacia<\/a><\/p>\n<p style=\"text-align: justify\"><em><strong>Sobre la ense\u00f1anza orientada<\/strong><\/em><\/p>\n<p style=\"text-align: justify\"><a href=\"https:\/\/cursos.unipampa.edu.br\/cursos\/ppga\/files\/2017\/03\/plano-de-atividades-de-estagio-docente.docx\">Plan de actividades<\/a><\/p>\n<p style=\"text-align: justify\"><a href=\"https:\/\/cursos.unipampa.edu.br\/cursos\/ppga\/files\/2017\/03\/solicitacao-de-dispensa-de-estagio-de-docencia.doc\">Solicitud de renuncia etapa de ense\u00f1anza orientada<\/a><\/p>\n<p style=\"text-align: justify\"><a href=\"https:\/\/cursos.unipampa.edu.br\/cursos\/ppga\/files\/2017\/03\/relatorio-de-atividades-de-estagio-docente.docx\">Informe de actividad<\/a><\/p>\n<p style=\"text-align: justify\"><em><strong>Acerca de la validaci\u00f3n del dominio del idioma ingl\u00e9s<\/strong><\/em><\/p>\n<p style=\"text-align: justify\"><a href=\"https:\/\/cursos.unipampa.edu.br\/cursos\/ppga\/files\/2019\/09\/anexo-1_resolucao-02-ppga-unipampa.docx\">Formulario de validaci\u00f3n de competencia<\/a><\/p>\n<p>&nbsp;<\/p>\n<p>&nbsp;<\/p>\n<p>&nbsp;<\/p>\n<p>&nbsp;<\/p>","protected":false},"excerpt":{"rendered":"<p>Sobre actividades relacionadas con la organizaci\u00f3n acad\u00e9mica y la disertaci\u00f3n Plan de actividades_Modelo Plan de Investigaci\u00f3n_Modelo Sobre la validaci\u00f3n de art\u00edculos cient\u00edficos Lista de eventos considerados relevantes para la validaci\u00f3n de art\u00edculos cient\u00edficos. Formulario de env\u00edo de art\u00edculos cient\u00edficos para revisi\u00f3n Sobre la calificaci\u00f3n del proyecto de disertaci\u00f3n Procedimientos de programaci\u00f3n del examen de calificaci\u00f3n &hellip; <a href=\"https:\/\/cursos.unipampa.edu.br\/cursos\/ppga\/es\/documentos-e-formularios\/\" class=\"more-link\">Continue reading <span class=\"screen-reader-text\">Documentos y formularios<\/span> <span class=\"meta-nav\">&rarr;<\/span><\/a><\/p>\n","protected":false},"author":79,"featured_media":0,"parent":0,"menu_order":0,"comment_status":"closed","ping_status":"closed","template":"","meta":[],"_links":{"self":[{"href":"https:\/\/cursos.unipampa.edu.br\/cursos\/ppga\/es\/wp-json\/wp\/v2\/pages\/345"}],"collection":[{"href":"https:\/\/cursos.unipampa.edu.br\/cursos\/ppga\/es\/wp-json\/wp\/v2\/pages"}],"about":[{"href":"https:\/\/cursos.unipampa.edu.br\/cursos\/ppga\/es\/wp-json\/wp\/v2\/types\/page"}],"author":[{"embeddable":true,"href":"https:\/\/cursos.unipampa.edu.br\/cursos\/ppga\/es\/wp-json\/wp\/v2\/users\/79"}],"replies":[{"embeddable":true,"href":"https:\/\/cursos.unipampa.edu.br\/cursos\/ppga\/es\/wp-json\/wp\/v2\/comments?post=345"}],"version-history":[{"count":26,"href":"https:\/\/cursos.unipampa.edu.br\/cursos\/ppga\/es\/wp-json\/wp\/v2\/pages\/345\/revisions"}],"predecessor-version":[{"id":2487,"href":"https:\/\/cursos.unipampa.edu.br\/cursos\/ppga\/es\/wp-json\/wp\/v2\/pages\/345\/revisions\/2487"}],"wp:attachment":[{"href":"https:\/\/cursos.unipampa.edu.br\/cursos\/ppga\/es\/wp-json\/wp\/v2\/media?parent=345"}],"curies":[{"name":"wp","href":"https:\/\/api.w.org\/{rel}","templated":true}]}}