
{"id":276,"date":"2016-10-11T18:16:00","date_gmt":"2016-10-11T18:16:00","guid":{"rendered":"http:\/\/cursos.unipampa.edu.br\/cursos\/ppga\/?page_id=276"},"modified":"2021-08-09T20:21:00","modified_gmt":"2021-08-09T20:21:00","slug":"sied","status":"publish","type":"page","link":"https:\/\/cursos.unipampa.edu.br\/cursos\/ppga\/es\/sied\/","title":{"rendered":"SIED"},"content":{"rendered":"<p>El III Simposio de Estrategia y Desarrollo ocurri\u00f3 en los d\u00edas 16 y 17 de octubre de 2018. Para quedarse por dentro de todos los trabajos presentados y lo que ocurri\u00f3, accede al sitio del evento y la p\u00e1gina de Facebook.<\/p>\n<p>Acceda a la p\u00e1gina del evento:\u00a0<a href=\"http:\/\/eventos.unipampa.edu.br\/sied\">eventos.unipampa.edu.br\/sied<\/a><\/p>\n<p>Curta nuestra p\u00e1gina en Facebook:\u00a0\u00a0<a href=\"https:\/\/www.facebook.com\/SIEDUnipampa\/\">facebook.com\/SIEDUnipampa\/<\/a><\/p>","protected":false},"excerpt":{"rendered":"<p>El III Simposio de Estrategia y Desarrollo ocurri\u00f3 en los d\u00edas 16 y 17 de octubre de 2018. Para quedarse por dentro de todos los trabajos presentados y lo que ocurri\u00f3, accede al sitio del evento y la p\u00e1gina de Facebook. Acceda a la p\u00e1gina del evento:\u00a0eventos.unipampa.edu.br\/sied Curta nuestra p\u00e1gina en Facebook:\u00a0\u00a0facebook.com\/SIEDUnipampa\/<\/p>\n","protected":false},"author":79,"featured_media":0,"parent":0,"menu_order":0,"comment_status":"closed","ping_status":"closed","template":"","meta":[],"_links":{"self":[{"href":"https:\/\/cursos.unipampa.edu.br\/cursos\/ppga\/es\/wp-json\/wp\/v2\/pages\/276"}],"collection":[{"href":"https:\/\/cursos.unipampa.edu.br\/cursos\/ppga\/es\/wp-json\/wp\/v2\/pages"}],"about":[{"href":"https:\/\/cursos.unipampa.edu.br\/cursos\/ppga\/es\/wp-json\/wp\/v2\/types\/page"}],"author":[{"embeddable":true,"href":"https:\/\/cursos.unipampa.edu.br\/cursos\/ppga\/es\/wp-json\/wp\/v2\/users\/79"}],"replies":[{"embeddable":true,"href":"https:\/\/cursos.unipampa.edu.br\/cursos\/ppga\/es\/wp-json\/wp\/v2\/comments?post=276"}],"version-history":[{"count":16,"href":"https:\/\/cursos.unipampa.edu.br\/cursos\/ppga\/es\/wp-json\/wp\/v2\/pages\/276\/revisions"}],"predecessor-version":[{"id":1343,"href":"https:\/\/cursos.unipampa.edu.br\/cursos\/ppga\/es\/wp-json\/wp\/v2\/pages\/276\/revisions\/1343"}],"wp:attachment":[{"href":"https:\/\/cursos.unipampa.edu.br\/cursos\/ppga\/es\/wp-json\/wp\/v2\/media?parent=276"}],"curies":[{"name":"wp","href":"https:\/\/api.w.org\/{rel}","templated":true}]}}