
{"id":180,"date":"2016-08-08T18:24:29","date_gmt":"2016-08-08T18:24:29","guid":{"rendered":"http:\/\/cursos.unipampa.edu.br\/cursos\/ppga\/?page_id=180"},"modified":"2025-10-24T17:48:35","modified_gmt":"2025-10-24T17:48:35","slug":"credenciamento-e-descredenciamento-docente","status":"publish","type":"page","link":"https:\/\/cursos.unipampa.edu.br\/cursos\/ppga\/es\/credenciamento-e-descredenciamento-docente\/","title":{"rendered":"Acreditaci\u00f3n y Desacreditaci\u00f3n de Docentes"},"content":{"rendered":"<p><\/p>\n<div class=\"tlid-input input\">\n<div class=\"source-wrap\">\n<div class=\"input-full-height-wrapper tlid-input-full-height-wrapper\">\n<div class=\"source-input\">\n<div class=\"source-footer-wrap source-or-target-footer\">\n<div class=\"character-count tlid-character-count\"><\/div>\n<\/div>\n<\/div>\n<\/div>\n<\/div>\n<\/div>\n<div class=\"tlid-results-container results-container\" style=\"text-align: justify\">\n<div class=\"tlid-result result-dict-wrapper\">\n<div class=\"result tlid-copy-target\">\n<div class=\"text-wrap tlid-copy-target\">\n<div class=\"result-shield-container tlid-copy-target\">\n<p>Se encuentra abierto el convocatoria p\u00fablica de acreditaci\u00f3n de profesores permanentes del Programa de Posgrado en Administraci\u00f3n de UNIPAMPA.<\/p>\n<p><span style=\"color: #008000\"><strong>Comit\u00e9 de Selecci\u00f3n del Aviso de Acreditaci\u00f3n de Licitaci\u00f3n:<\/strong><\/span><\/p>\n<p><span style=\"color: #008000\"><em>L\u00ednea de Estrategia y Sistemas:<\/em> <\/span>Prof. Ricardo Alves, Prof. Gustavo Borges y el Prof. Paulo Cassango Junior<\/p>\n<p><em><span style=\"color: #008000\">L\u00ednea de Organizaciones y Desarrollo:<\/span> <\/em>Profa. Camila Furlan, Prof. Carolina Fleck y el Prof. Thiago Beuron.<\/p>\n<p>Para obtener informaci\u00f3n sobre las vacantes, el per\u00edodo de solicitud y los pasos de selecci\u00f3n, acceda aqu\u00ed: Aviso de acreditaci\u00f3n de profesores<\/p>\n<p>&nbsp;<\/p>\n<p><span style=\"color: #008000\">Resultado preliminar &#8211; Aviso de acreditaci\u00f3n de licitaci\u00f3n &#8211; 2020<\/span><\/p>\n<p>&nbsp;<\/p>\n<p><span style=\"color: #008000\">Resoluci\u00f3n No. 6 &#8211; Reglas para la Facultad de Acreditaci\u00f3n, Desacreditaci\u00f3n y Reacreditaci\u00f3n &#8211; (revisada y aprobada en septiembre de 2020)<\/span><\/p>\n<\/div>\n<\/div>\n<\/div>\n<\/div>\n<\/div>\n<p style=\"text-align: justify\">\n<p><\/p>","protected":false},"excerpt":{"rendered":"<p>Se encuentra abierto el convocatoria p\u00fablica de acreditaci\u00f3n de profesores permanentes del Programa de Posgrado en Administraci\u00f3n de UNIPAMPA. Comit\u00e9 de Selecci\u00f3n del Aviso de Acreditaci\u00f3n de Licitaci\u00f3n: L\u00ednea de Estrategia y Sistemas: Prof. Ricardo Alves, Prof. Gustavo Borges y el Prof. Paulo Cassango Junior L\u00ednea de Organizaciones y Desarrollo: Profa. Camila Furlan, Prof. Carolina &hellip; <a href=\"https:\/\/cursos.unipampa.edu.br\/cursos\/ppga\/es\/credenciamento-e-descredenciamento-docente\/\" class=\"more-link\">Continue reading <span class=\"screen-reader-text\">Acreditaci\u00f3n y Desacreditaci\u00f3n de Docentes<\/span> <span class=\"meta-nav\">&rarr;<\/span><\/a><\/p>\n","protected":false},"author":79,"featured_media":0,"parent":0,"menu_order":0,"comment_status":"closed","ping_status":"closed","template":"","meta":[],"_links":{"self":[{"href":"https:\/\/cursos.unipampa.edu.br\/cursos\/ppga\/es\/wp-json\/wp\/v2\/pages\/180"}],"collection":[{"href":"https:\/\/cursos.unipampa.edu.br\/cursos\/ppga\/es\/wp-json\/wp\/v2\/pages"}],"about":[{"href":"https:\/\/cursos.unipampa.edu.br\/cursos\/ppga\/es\/wp-json\/wp\/v2\/types\/page"}],"author":[{"embeddable":true,"href":"https:\/\/cursos.unipampa.edu.br\/cursos\/ppga\/es\/wp-json\/wp\/v2\/users\/79"}],"replies":[{"embeddable":true,"href":"https:\/\/cursos.unipampa.edu.br\/cursos\/ppga\/es\/wp-json\/wp\/v2\/comments?post=180"}],"version-history":[{"count":37,"href":"https:\/\/cursos.unipampa.edu.br\/cursos\/ppga\/es\/wp-json\/wp\/v2\/pages\/180\/revisions"}],"predecessor-version":[{"id":2382,"href":"https:\/\/cursos.unipampa.edu.br\/cursos\/ppga\/es\/wp-json\/wp\/v2\/pages\/180\/revisions\/2382"}],"wp:attachment":[{"href":"https:\/\/cursos.unipampa.edu.br\/cursos\/ppga\/es\/wp-json\/wp\/v2\/media?parent=180"}],"curies":[{"name":"wp","href":"https:\/\/api.w.org\/{rel}","templated":true}]}}