
{"id":174,"date":"2016-08-08T17:44:17","date_gmt":"2016-08-08T17:44:17","guid":{"rendered":"http:\/\/cursos.unipampa.edu.br\/cursos\/ppga\/?page_id=174"},"modified":"2025-10-31T00:49:52","modified_gmt":"2025-10-31T00:49:52","slug":"normas-e-resolucoes","status":"publish","type":"page","link":"https:\/\/cursos.unipampa.edu.br\/cursos\/ppga\/es\/normas-e-resolucoes\/","title":{"rendered":"Normas y Resoluciones"},"content":{"rendered":"<p><span style=\"color: #339966\">Resoluci\u00f3n No. 295\/2020 &#8211; Reglamento\u00a0 de Posgrado Stricto Sensu de UNIPAMPA<\/span><\/p>\n<p><span style=\"color: #339966\">Reglamento del Programa de Posgrado en Administraci\u00f3n &#8211; PPGA \/ UNIPAMPA<\/span><\/p>\n<p><span style=\"color: #339966\">Resoluci\u00f3n No. 1 &#8211; Normas para la concesi\u00f3n y renovaci\u00f3n de becas<\/span><\/p>\n<p><span style=\"color: #339966\">Resoluci\u00f3n No. 2 &#8211; Pautas para El dominio de\u00a0 lengua extranjera<\/span><\/p>\n<p><span style=\"color: #339966\">Resoluci\u00f3n N \u00b0 4 &#8211; Directrices de Orientaci\u00f3n<\/span><\/p>\n<p><span style=\"color: #339966\">Resoluci\u00f3n No. 5 &#8211; Reglas para la Validaci\u00f3n de Art\u00edculos<\/span><\/p>\n<p><span style=\"color: #339966\">Resoluci\u00f3n No. 6 &#8211; Normas para la acreditaci\u00f3n, desacreditaci\u00f3n y reacreditaci\u00f3n de profesores (reemplaza la Resoluci\u00f3n No. 3)<\/span><\/p>\n<p><span style=\"color: #339966\">Resoluci\u00f3n No. 7 &#8211; Proceso de autoevaluaci\u00f3n PPGA<\/span><\/p>\n<p>Nota: Todos los formularios y documentos referentes a las solicitudes indicadas en las bases se presentan en la pesta\u00f1a de documentos y formularios o en la pesta\u00f1a donde se publica la resoluci\u00f3n respectiva.<\/p>","protected":false},"excerpt":{"rendered":"<p>Resoluci\u00f3n No. 295\/2020 &#8211; Reglamento\u00a0 de Posgrado Stricto Sensu de UNIPAMPA Reglamento del Programa de Posgrado en Administraci\u00f3n &#8211; PPGA \/ UNIPAMPA Resoluci\u00f3n No. 1 &#8211; Normas para la concesi\u00f3n y renovaci\u00f3n de becas Resoluci\u00f3n No. 2 &#8211; Pautas para El dominio de\u00a0 lengua extranjera Resoluci\u00f3n N \u00b0 4 &#8211; Directrices de Orientaci\u00f3n Resoluci\u00f3n No. &hellip; <a href=\"https:\/\/cursos.unipampa.edu.br\/cursos\/ppga\/es\/normas-e-resolucoes\/\" class=\"more-link\">Continue reading <span class=\"screen-reader-text\">Normas y Resoluciones<\/span> <span class=\"meta-nav\">&rarr;<\/span><\/a><\/p>\n","protected":false},"author":79,"featured_media":0,"parent":0,"menu_order":0,"comment_status":"closed","ping_status":"closed","template":"","meta":[],"_links":{"self":[{"href":"https:\/\/cursos.unipampa.edu.br\/cursos\/ppga\/es\/wp-json\/wp\/v2\/pages\/174"}],"collection":[{"href":"https:\/\/cursos.unipampa.edu.br\/cursos\/ppga\/es\/wp-json\/wp\/v2\/pages"}],"about":[{"href":"https:\/\/cursos.unipampa.edu.br\/cursos\/ppga\/es\/wp-json\/wp\/v2\/types\/page"}],"author":[{"embeddable":true,"href":"https:\/\/cursos.unipampa.edu.br\/cursos\/ppga\/es\/wp-json\/wp\/v2\/users\/79"}],"replies":[{"embeddable":true,"href":"https:\/\/cursos.unipampa.edu.br\/cursos\/ppga\/es\/wp-json\/wp\/v2\/comments?post=174"}],"version-history":[{"count":45,"href":"https:\/\/cursos.unipampa.edu.br\/cursos\/ppga\/es\/wp-json\/wp\/v2\/pages\/174\/revisions"}],"predecessor-version":[{"id":2399,"href":"https:\/\/cursos.unipampa.edu.br\/cursos\/ppga\/es\/wp-json\/wp\/v2\/pages\/174\/revisions\/2399"}],"wp:attachment":[{"href":"https:\/\/cursos.unipampa.edu.br\/cursos\/ppga\/es\/wp-json\/wp\/v2\/media?parent=174"}],"curies":[{"name":"wp","href":"https:\/\/api.w.org\/{rel}","templated":true}]}}