
{"id":164,"date":"2016-08-03T19:30:21","date_gmt":"2016-08-03T19:30:21","guid":{"rendered":"http:\/\/cursos.unipampa.edu.br\/cursos\/ppga\/?page_id=164"},"modified":"2026-04-01T12:24:10","modified_gmt":"2026-04-01T12:24:10","slug":"bolsas","status":"publish","type":"page","link":"https:\/\/cursos.unipampa.edu.br\/cursos\/ppga\/es\/bolsas\/","title":{"rendered":"Becas"},"content":{"rendered":"<p><\/p>\n<p style=\"text-align: justify\">El Programa de Posgrado en Administraci\u00f3n actualmente tiene dos becas del Programa de Demanda Social CAPES.<\/p>\n<p style=\"text-align: justify\">Los becarios se seleccionan siempre que haya una beca disponible, de acuerdo con el est\u00e1ndar aprobado por el consejo PPGA.<\/p>\n<p style=\"text-align: justify\"><a href=\"https:\/\/cursos.unipampa.edu.br\/cursos\/ppga\/files\/2016\/08\/Normativa-Comiss\u00e3o-de-Bolsas_aprovado-em-14.04.2016.pdf\">Resoluci\u00f3n No. 1 &#8211; Est\u00e1ndar del Comit\u00e9 de Becas<\/a><\/p>\n<p style=\"text-align: justify\"><a href=\"https:\/\/sites.unipampa.edu.br\/prpg\/bolsas-demanda-social-capes\/\">Formularios de registro de becas<\/a><\/p>\n<p style=\"text-align: justify\"><a href=\"https:\/\/cursos.unipampa.edu.br\/cursos\/ppga\/files\/2016\/08\/relatorio-de-atividades-de-bolsista.docx\">Plantilla de informe de actividad de becas<\/a><\/p>\n<p>&nbsp;<\/p>","protected":false},"excerpt":{"rendered":"<p>El Programa de Posgrado en Administraci\u00f3n actualmente tiene dos becas del Programa de Demanda Social CAPES. Los becarios se seleccionan siempre que haya una beca disponible, de acuerdo con el est\u00e1ndar aprobado por el consejo PPGA. Resoluci\u00f3n No. 1 &#8211; Est\u00e1ndar del Comit\u00e9 de Becas Formularios de registro de becas Plantilla de informe de actividad &hellip; <a href=\"https:\/\/cursos.unipampa.edu.br\/cursos\/ppga\/es\/bolsas\/\" class=\"more-link\">Continue reading <span class=\"screen-reader-text\">Becas<\/span> <span class=\"meta-nav\">&rarr;<\/span><\/a><\/p>\n","protected":false},"author":79,"featured_media":0,"parent":0,"menu_order":0,"comment_status":"closed","ping_status":"closed","template":"","meta":[],"_links":{"self":[{"href":"https:\/\/cursos.unipampa.edu.br\/cursos\/ppga\/es\/wp-json\/wp\/v2\/pages\/164"}],"collection":[{"href":"https:\/\/cursos.unipampa.edu.br\/cursos\/ppga\/es\/wp-json\/wp\/v2\/pages"}],"about":[{"href":"https:\/\/cursos.unipampa.edu.br\/cursos\/ppga\/es\/wp-json\/wp\/v2\/types\/page"}],"author":[{"embeddable":true,"href":"https:\/\/cursos.unipampa.edu.br\/cursos\/ppga\/es\/wp-json\/wp\/v2\/users\/79"}],"replies":[{"embeddable":true,"href":"https:\/\/cursos.unipampa.edu.br\/cursos\/ppga\/es\/wp-json\/wp\/v2\/comments?post=164"}],"version-history":[{"count":60,"href":"https:\/\/cursos.unipampa.edu.br\/cursos\/ppga\/es\/wp-json\/wp\/v2\/pages\/164\/revisions"}],"predecessor-version":[{"id":2503,"href":"https:\/\/cursos.unipampa.edu.br\/cursos\/ppga\/es\/wp-json\/wp\/v2\/pages\/164\/revisions\/2503"}],"wp:attachment":[{"href":"https:\/\/cursos.unipampa.edu.br\/cursos\/ppga\/es\/wp-json\/wp\/v2\/media?parent=164"}],"curies":[{"name":"wp","href":"https:\/\/api.w.org\/{rel}","templated":true}]}}