
{"id":1518,"date":"2021-10-27T18:35:34","date_gmt":"2021-10-27T18:35:34","guid":{"rendered":"https:\/\/cursos.unipampa.edu.br\/cursos\/ppga\/?page_id=1518"},"modified":"2022-11-03T19:11:34","modified_gmt":"2022-11-03T19:11:34","slug":"processo-seletivo-de-ingresso-vagas-destinadas-a-utec","status":"publish","type":"page","link":"https:\/\/cursos.unipampa.edu.br\/cursos\/ppga\/es\/processo-seletivo-de-ingresso-vagas-destinadas-a-utec\/","title":{"rendered":"Processo de Selecci\u00f3n- VACANTES ESPEC\u00cdFICAS DE UTEC"},"content":{"rendered":"<p><\/p>\n<header class=\"entry-header\">\n<h1 class=\"entry-title\"><span style=\"font-size: 16px;font-weight: 400\">Se publica el aviso de selecci\u00f3n para la clase 2022 \u2013 <\/span><a style=\"font-size: 16px;font-weight: 400\" href=\"https:\/\/guri.unipampa.edu.br\/psa\/processos\/downloadAnexo\/11644\/Edital_380_2021_utec.pdf\">Accede aqu\u00ed!<\/a><\/h1>\n<\/header>\n<div class=\"entry-content\">\n<p><em><strong>Informaciones importantes:<\/strong><\/em><\/p>\n<ul>\n<li>Toda la informaci\u00f3n sobre el proceso de selecci\u00f3n se publicar\u00e1 en el portal UNIPAMPA \u2013\u00a0<a href=\"https:\/\/guri.unipampa.edu.br\/psa\/processos\/\">GURI<\/a><\/li>\n<\/ul>\n<p>&nbsp;<\/p>\n<p><em><strong>Documentos importantes en el proceso:<\/strong><\/em><\/p>\n<p><a href=\"https:\/\/cursos.unipampa.edu.br\/cursos\/ppga\/files\/2020\/11\/modelo-de-projeto.docx\">Plantilla de Proyecto<\/a><\/p>\n<p><a href=\"https:\/\/sites.unipampa.edu.br\/sisbi\/normalizacao\/\">Manual de Estandarizaci\u00f3n UNIPAMPA<\/a><\/p>\n<p>&nbsp;<\/p>\n<\/div>\n<p><\/p>","protected":false},"excerpt":{"rendered":"<p>Se publica el aviso de selecci\u00f3n para la clase 2022 \u2013 Accede aqu\u00ed! Informaciones importantes: Toda la informaci\u00f3n sobre el proceso de selecci\u00f3n se publicar\u00e1 en el portal UNIPAMPA \u2013\u00a0GURI &nbsp; Documentos importantes en el proceso: Plantilla de Proyecto Manual de Estandarizaci\u00f3n UNIPAMPA &nbsp;<\/p>\n","protected":false},"author":722,"featured_media":0,"parent":0,"menu_order":0,"comment_status":"closed","ping_status":"closed","template":"","meta":[],"_links":{"self":[{"href":"https:\/\/cursos.unipampa.edu.br\/cursos\/ppga\/es\/wp-json\/wp\/v2\/pages\/1518"}],"collection":[{"href":"https:\/\/cursos.unipampa.edu.br\/cursos\/ppga\/es\/wp-json\/wp\/v2\/pages"}],"about":[{"href":"https:\/\/cursos.unipampa.edu.br\/cursos\/ppga\/es\/wp-json\/wp\/v2\/types\/page"}],"author":[{"embeddable":true,"href":"https:\/\/cursos.unipampa.edu.br\/cursos\/ppga\/es\/wp-json\/wp\/v2\/users\/722"}],"replies":[{"embeddable":true,"href":"https:\/\/cursos.unipampa.edu.br\/cursos\/ppga\/es\/wp-json\/wp\/v2\/comments?post=1518"}],"version-history":[{"count":13,"href":"https:\/\/cursos.unipampa.edu.br\/cursos\/ppga\/es\/wp-json\/wp\/v2\/pages\/1518\/revisions"}],"predecessor-version":[{"id":1667,"href":"https:\/\/cursos.unipampa.edu.br\/cursos\/ppga\/es\/wp-json\/wp\/v2\/pages\/1518\/revisions\/1667"}],"wp:attachment":[{"href":"https:\/\/cursos.unipampa.edu.br\/cursos\/ppga\/es\/wp-json\/wp\/v2\/media?parent=1518"}],"curies":[{"name":"wp","href":"https:\/\/api.w.org\/{rel}","templated":true}]}}