
{"id":146,"date":"2016-04-14T17:29:50","date_gmt":"2016-04-14T17:29:50","guid":{"rendered":"http:\/\/cursos.unipampa.edu.br\/cursos\/ppga\/?page_id=146"},"modified":"2021-03-15T12:39:36","modified_gmt":"2021-03-15T12:39:36","slug":"revista-estrategia-e-desenvolvimento-red","status":"publish","type":"page","link":"https:\/\/cursos.unipampa.edu.br\/cursos\/ppga\/es\/revista-estrategia-e-desenvolvimento-red\/","title":{"rendered":"Revista Estrategia y Desarrollo \u2013 RED"},"content":{"rendered":"<p>La revista Estrategia y Desarrollo es un veh\u00edculo que tiene como objetivo apoyar y difundir la investigaci\u00f3n en el \u00e1rea de Administraci\u00f3n, Turismo, Contabilidad y Econom\u00eda. Fue creado por los miembros de la facultad PPGA y dirigido por este grupo.<\/p>\n<p>Acceder a la p\u00e1gina y averiguar c\u00f3mo publicar:\u00a0<a href=\"http:\/\/seer.unipampa.edu.br\/index.php\/red\/index\">Revista Estrat\u00e9gia e Desenvolvimento &#8211; RED<\/a><\/p>","protected":false},"excerpt":{"rendered":"<p>La revista Estrategia y Desarrollo es un veh\u00edculo que tiene como objetivo apoyar y difundir la investigaci\u00f3n en el \u00e1rea de Administraci\u00f3n, Turismo, Contabilidad y Econom\u00eda. Fue creado por los miembros de la facultad PPGA y dirigido por este grupo. Acceder a la p\u00e1gina y averiguar c\u00f3mo publicar:\u00a0Revista Estrat\u00e9gia e Desenvolvimento &#8211; RED<\/p>\n","protected":false},"author":79,"featured_media":0,"parent":0,"menu_order":0,"comment_status":"closed","ping_status":"closed","template":"","meta":[],"_links":{"self":[{"href":"https:\/\/cursos.unipampa.edu.br\/cursos\/ppga\/es\/wp-json\/wp\/v2\/pages\/146"}],"collection":[{"href":"https:\/\/cursos.unipampa.edu.br\/cursos\/ppga\/es\/wp-json\/wp\/v2\/pages"}],"about":[{"href":"https:\/\/cursos.unipampa.edu.br\/cursos\/ppga\/es\/wp-json\/wp\/v2\/types\/page"}],"author":[{"embeddable":true,"href":"https:\/\/cursos.unipampa.edu.br\/cursos\/ppga\/es\/wp-json\/wp\/v2\/users\/79"}],"replies":[{"embeddable":true,"href":"https:\/\/cursos.unipampa.edu.br\/cursos\/ppga\/es\/wp-json\/wp\/v2\/comments?post=146"}],"version-history":[{"count":9,"href":"https:\/\/cursos.unipampa.edu.br\/cursos\/ppga\/es\/wp-json\/wp\/v2\/pages\/146\/revisions"}],"predecessor-version":[{"id":828,"href":"https:\/\/cursos.unipampa.edu.br\/cursos\/ppga\/es\/wp-json\/wp\/v2\/pages\/146\/revisions\/828"}],"wp:attachment":[{"href":"https:\/\/cursos.unipampa.edu.br\/cursos\/ppga\/es\/wp-json\/wp\/v2\/media?parent=146"}],"curies":[{"name":"wp","href":"https:\/\/api.w.org\/{rel}","templated":true}]}}