
{"id":1338,"date":"2021-08-09T20:10:54","date_gmt":"2021-08-09T20:10:54","guid":{"rendered":"http:\/\/cursos.unipampa.edu.br\/cursos\/ppga\/?page_id=1338"},"modified":"2021-08-18T18:37:46","modified_gmt":"2021-08-18T18:37:46","slug":"insercao-social","status":"publish","type":"page","link":"https:\/\/cursos.unipampa.edu.br\/cursos\/ppga\/es\/insercao-social\/","title":{"rendered":"Inserci\u00f3n social"},"content":{"rendered":"<p><\/p>\n<p style=\"text-align: justify\"><strong><span style=\"color: #008000\">Inserci\u00f3n social &#8211; PPGA\/UNIPAMPA<\/span><\/strong><\/p>\n<p style=\"text-align: justify\">UNIPAMPA es una universidad federal multicampi, ubicada en las regiones de la Frontera Oeste y Campanha de Rio Grande do Sul. Ambas regiones tienen una extensi\u00f3n territorial de 64.478,6 km2, un \u00e1rea mayor que el estado de Rio de Janeiro. Esta \u00e1rea, seg\u00fan datos del IBGE, comprende 20 municipios, con una poblaci\u00f3n aproximada de 730.807 habitantes. La Maestr\u00eda en Administraci\u00f3n de la UNIPAMPA es el \u00fanico posgrado stricto-sensu en esta \u00e1rea del conocimiento dentro de estas regiones, lo que demuestra su relevancia econ\u00f3mica. y social. En particular, por las regiones que presentan las tasas de crecimiento poblacional m\u00e1s bajas y el \u00cdndice de Desarrollo Humano (IDH) m\u00e1s bajo del estado, seg\u00fan datos de SPGG-RS.<\/p>\n<p style=\"text-align: justify\">Por lo tanto, nuestra propuesta de maestr\u00eda acad\u00e9mica responde a los esfuerzos de CAPES para reducir las asimetr\u00edas en el Sistema Nacional de Graduados y acercar la academia a las demandas de la sociedad. Durante los \u00faltimos cuatro a\u00f1os, el PPGA \/ UNIPAMPA ha sido fuente de capacitaci\u00f3n profesional para la educaci\u00f3n t\u00e9cnica y superior, producci\u00f3n de conocimiento, formaci\u00f3n de investigadores y proposici\u00f3n de acciones de inclusi\u00f3n social en las comunidades de la regi\u00f3n. Lo cual expresa su relevancia econ\u00f3mica y social para la regi\u00f3n hist\u00f3ricamente deprimida, cumpliendo con el objetivo reciente de CAPES de impulsar \u00e1reas menos desarrolladas.<\/p>\n<p style=\"text-align: justify\">Es decir, una de las principales aportaciones del curso al desarrollo local y regional es la formaci\u00f3n y cualificaci\u00f3n de las personas. La calificaci\u00f3n que genera cambios de h\u00e1bitos y, en consecuencia, transformaci\u00f3n econ\u00f3mica y social en la regi\u00f3n. Se destaca el compromiso del PPGA con la producci\u00f3n de conocimiento a partir de los problemas de la sociedad, destacando la producci\u00f3n de disertaciones con temas emp\u00edricos regionales y nacionales.<\/p>\n<p style=\"text-align: justify\">Asimismo, una de las innovaciones en la estructura curricular del PPGA es la asignatura obligatoria \u00abPr\u00e1cticas de Interacci\u00f3n Social\u00bb, que tiene como objetivo desarrollar pr\u00e1cticas y productos de interacci\u00f3n con la sociedad en los \u00e1mbitos social, econ\u00f3mico y social y establecer soluciones a las demandas de la sociedad basadas en la extensi\u00f3n y Innovaci\u00f3n social. Esta inclusi\u00f3n fue un esfuerzo por curricularizar la relevancia e inclusi\u00f3n social del programa.<\/p>\n<p style=\"text-align: justify\">Todo este esfuerzo gener\u00f3 varios proyectos de interacci\u00f3n con la comunidad, con la participaci\u00f3n de profesores y estudiantes del PPGA, as\u00ed como de estudiantes de los cursos de pregrado de UNIPAMPA. De 2017 a 2020, se desarrollaron 18 proyectos de extensi\u00f3n diferentes. Actualmente, el PPGA tiene en marcha los siguientes proyectos de inclusi\u00f3n social:<\/p>\n<p style=\"text-align: justify\">&#8211; Gu\u00eda para la recaudaci\u00f3n de fondos para ONG<br \/>\n&#8211; Cesta pr\u00e1ctica: tu lista de compras virtual<br \/>\n&#8211; Conocimiento compartido: divulgaci\u00f3n cient\u00edfica a la comunidad<br \/>\n&#8211; Cursos abiertos: no existen barreras al conocimiento<br \/>\n&#8211; Vigilando la Feria: publicidad y difusi\u00f3n de la Agricultura Familiar<br \/>\n&#8211; FAF &#8211; Feria de agricultura familiar: compartiendo sabores y multiplicando conocimientos<br \/>\n&#8211; \u00a1Grupo de Estudio sobre Trabajo, Organizaciones y Personas (GESTA) en Acci\u00f3n!<br \/>\n&#8211; Marketing digital y redes sociales para microempresarios en Santana do Livramento<br \/>\n&#8211; Modernizaci\u00f3n administrativa de los organismos p\u00fablicos municipales<br \/>\n&#8211; Observatorio del uso de las redes sociales en las pol\u00edticas<br \/>\n&#8211; Violencia contra la mujer: propuesta de un canal de sensibilizaci\u00f3n y denuncia<\/p>\n<p><\/p>","protected":false},"excerpt":{"rendered":"<p>Inserci\u00f3n social &#8211; PPGA\/UNIPAMPA UNIPAMPA es una universidad federal multicampi, ubicada en las regiones de la Frontera Oeste y Campanha de Rio Grande do Sul. Ambas regiones tienen una extensi\u00f3n territorial de 64.478,6 km2, un \u00e1rea mayor que el estado de Rio de Janeiro. Esta \u00e1rea, seg\u00fan datos del IBGE, comprende 20 municipios, con una &hellip; <a href=\"https:\/\/cursos.unipampa.edu.br\/cursos\/ppga\/es\/insercao-social\/\" class=\"more-link\">Continue reading <span class=\"screen-reader-text\">Inserci\u00f3n social<\/span> <span class=\"meta-nav\">&rarr;<\/span><\/a><\/p>\n","protected":false},"author":632,"featured_media":0,"parent":0,"menu_order":0,"comment_status":"closed","ping_status":"closed","template":"","meta":[],"_links":{"self":[{"href":"https:\/\/cursos.unipampa.edu.br\/cursos\/ppga\/es\/wp-json\/wp\/v2\/pages\/1338"}],"collection":[{"href":"https:\/\/cursos.unipampa.edu.br\/cursos\/ppga\/es\/wp-json\/wp\/v2\/pages"}],"about":[{"href":"https:\/\/cursos.unipampa.edu.br\/cursos\/ppga\/es\/wp-json\/wp\/v2\/types\/page"}],"author":[{"embeddable":true,"href":"https:\/\/cursos.unipampa.edu.br\/cursos\/ppga\/es\/wp-json\/wp\/v2\/users\/632"}],"replies":[{"embeddable":true,"href":"https:\/\/cursos.unipampa.edu.br\/cursos\/ppga\/es\/wp-json\/wp\/v2\/comments?post=1338"}],"version-history":[{"count":2,"href":"https:\/\/cursos.unipampa.edu.br\/cursos\/ppga\/es\/wp-json\/wp\/v2\/pages\/1338\/revisions"}],"predecessor-version":[{"id":1428,"href":"https:\/\/cursos.unipampa.edu.br\/cursos\/ppga\/es\/wp-json\/wp\/v2\/pages\/1338\/revisions\/1428"}],"wp:attachment":[{"href":"https:\/\/cursos.unipampa.edu.br\/cursos\/ppga\/es\/wp-json\/wp\/v2\/media?parent=1338"}],"curies":[{"name":"wp","href":"https:\/\/api.w.org\/{rel}","templated":true}]}}