
{"id":1335,"date":"2021-08-04T18:57:48","date_gmt":"2021-08-04T18:57:48","guid":{"rendered":"http:\/\/cursos.unipampa.edu.br\/cursos\/ppga\/?page_id=1335"},"modified":"2021-08-18T18:27:45","modified_gmt":"2021-08-18T18:27:45","slug":"grupo-de-pesquisa-administracao-e-sustentabilidade-ambiental","status":"publish","type":"page","link":"https:\/\/cursos.unipampa.edu.br\/cursos\/ppga\/es\/grupo-de-pesquisa-administracao-e-sustentabilidade-ambiental\/","title":{"rendered":"Grupo de Investigaci\u00f3n en Administraci\u00f3n Ambiental y Sostenibilidad"},"content":{"rendered":"<p>El Grupo de Investigaci\u00f3n en Administraci\u00f3n Ambiental y Sostenibilidad tiene como objetivo:<\/p>\n<p>&#8211; Contribuir al desarrollo de la investigaci\u00f3n en las \u00e1reas ambiental y forestal.<br \/>\n&#8211; Integrar los distintos proyectos de investigaci\u00f3n de los participantes, tanto a nivel de pregrado como de posgrado.<br \/>\n&#8211; Desarrollar trabajos acad\u00e9micos orientados a su publicaci\u00f3n en revistas cient\u00edficas, libros o cap\u00edtulos, as\u00ed como en eventos nacionales e internacionales de reconocida importancia acad\u00e9mica, t\u00e9cnica o cient\u00edfica.<br \/>\n&#8211; Fortalecer los lineamientos realizados en los trabajos de iniciaci\u00f3n cient\u00edfica, pr\u00e1cticas supervisadas y conclusi\u00f3n de cursos.<\/p>\n<p>Sus l\u00edneas de investigaci\u00f3n son:<\/p>\n<p>&#8211; Gesti\u00f3n, Estrategia y Marketing Ambiental.<br \/>\n&#8211; Certificaci\u00f3n de Econom\u00eda, Legislaci\u00f3n y Silvicultura.<\/p>\n<p>Puede encontrar m\u00e1s informaci\u00f3n con el coordinador del grupo, Prof. Ricardo Alves (ricardoalves@unipampa.edu.br)<\/p>","protected":false},"excerpt":{"rendered":"<p>El Grupo de Investigaci\u00f3n en Administraci\u00f3n Ambiental y Sostenibilidad tiene como objetivo: &#8211; Contribuir al desarrollo de la investigaci\u00f3n en las \u00e1reas ambiental y forestal. &#8211; Integrar los distintos proyectos de investigaci\u00f3n de los participantes, tanto a nivel de pregrado como de posgrado. &#8211; Desarrollar trabajos acad\u00e9micos orientados a su publicaci\u00f3n en revistas cient\u00edficas, libros &hellip; <a href=\"https:\/\/cursos.unipampa.edu.br\/cursos\/ppga\/es\/grupo-de-pesquisa-administracao-e-sustentabilidade-ambiental\/\" class=\"more-link\">Continue reading <span class=\"screen-reader-text\">Grupo de Investigaci\u00f3n en Administraci\u00f3n Ambiental y Sostenibilidad<\/span> <span class=\"meta-nav\">&rarr;<\/span><\/a><\/p>\n","protected":false},"author":632,"featured_media":0,"parent":0,"menu_order":0,"comment_status":"closed","ping_status":"closed","template":"","meta":[],"_links":{"self":[{"href":"https:\/\/cursos.unipampa.edu.br\/cursos\/ppga\/es\/wp-json\/wp\/v2\/pages\/1335"}],"collection":[{"href":"https:\/\/cursos.unipampa.edu.br\/cursos\/ppga\/es\/wp-json\/wp\/v2\/pages"}],"about":[{"href":"https:\/\/cursos.unipampa.edu.br\/cursos\/ppga\/es\/wp-json\/wp\/v2\/types\/page"}],"author":[{"embeddable":true,"href":"https:\/\/cursos.unipampa.edu.br\/cursos\/ppga\/es\/wp-json\/wp\/v2\/users\/632"}],"replies":[{"embeddable":true,"href":"https:\/\/cursos.unipampa.edu.br\/cursos\/ppga\/es\/wp-json\/wp\/v2\/comments?post=1335"}],"version-history":[{"count":2,"href":"https:\/\/cursos.unipampa.edu.br\/cursos\/ppga\/es\/wp-json\/wp\/v2\/pages\/1335\/revisions"}],"predecessor-version":[{"id":1424,"href":"https:\/\/cursos.unipampa.edu.br\/cursos\/ppga\/es\/wp-json\/wp\/v2\/pages\/1335\/revisions\/1424"}],"wp:attachment":[{"href":"https:\/\/cursos.unipampa.edu.br\/cursos\/ppga\/es\/wp-json\/wp\/v2\/media?parent=1335"}],"curies":[{"name":"wp","href":"https:\/\/api.w.org\/{rel}","templated":true}]}}