
{"id":129,"date":"2016-01-20T16:02:50","date_gmt":"2016-01-20T16:02:50","guid":{"rendered":"http:\/\/cursos.unipampa.edu.br\/cursos\/ppga\/?page_id=129"},"modified":"2024-03-11T19:33:58","modified_gmt":"2024-03-11T19:33:58","slug":"aluno-especial","status":"publish","type":"page","link":"https:\/\/cursos.unipampa.edu.br\/cursos\/ppga\/es\/aluno-especial\/","title":{"rendered":"Alumno Especial"},"content":{"rendered":"<p>Se encuentra abierta la convocatoria de selecci\u00f3n de alumnos en r\u00e9gimen especial para el 2o Semestre de 2021.<\/p>\n<p>CONVOCATORIA PROCESO DE SELECCI\u00d3N &#8211; ESTUDIANTE EN R\u00c9GIMEN ESPECIAL &#8211; 02\/2021 &#8211; \u00a1Accede aqu\u00ed!<\/p>\n<p>El Programa de Posgrado en Administraci\u00f3n de UNIPAMPA, siguiendo su Reglamento, aceptar\u00e1 estudiantes en r\u00e9gimen de matr\u00edcula especial para ser seleccionados en n\u00famero y bajo criterios definidos por el Comit\u00e9 Coordinador cada semestre. La inscripci\u00f3n en el R\u00e9gimen Especial no crear\u00e1 ning\u00fan v\u00ednculo entre el alumno y el PPGA y los alumnos inscritos en esa categor\u00eda no se consideran Alumnos Regulares del Curso. Se podr\u00e1 conceder matr\u00edcula en un m\u00e1ximo de ocho cr\u00e9ditos, pudiendo utilizarse estas asignaturas si el alumno participa y es seleccionado para el m\u00e1ster.<\/p>\n<p>Cada semestre, el programa divulgar\u00e1 las materias del curso sujeto a aceptaci\u00f3n para inscripci\u00f3n por parte de estudiantes no regulares.<\/p>\n<p>Pueden ingresar como estudiantes bajo un r\u00e9gimen especial de matr\u00edcula:<\/p>\n<p>I &#8211; Titulares de diplomas de educaci\u00f3n superior;<\/p>\n<p>II &#8211; Acad\u00e9micos inscritos regularmente en programas de posgrado de UNIPAMPA o de otras IES nacionales o extranjeras;<\/p>\n<p>III &#8211; Acad\u00e9micos de cursos de pregrado de UNIPAMPA que hayan completado exitosamente al menos el setenta y cinco por ciento de la carga total de trabajo de su curso de pregrado, y con la recomendaci\u00f3n de al menos un profesor titular del programa.<\/p>\n<p>Tambi\u00e9n es de destacar que el alumno matriculado en el r\u00e9gimen especial no califica para la certificaci\u00f3n, solo se entrega un certificado firmado por la Coordinaci\u00f3n del Curso, donde se declaran las asignaturas cursadas y sus respectivas cargas de trabajo.<\/p>\n<p><strong>Los siguientes pueden inscribirse como estudiantes de inscripci\u00f3n especial:<\/strong><\/p>\n<p>I \u2013 Titulares del diploma de educaci\u00f3n superior;<\/p>\n<p>II \u2013 Acad\u00e9micos inscritos regularmente en programas de posgrado en UNIPAMPA o otras IES nacionales o extranjeras;<\/p>\n<p>III \u2013 Estudiantes de pregrado de UNIPAMPA que han completado con \u00e9xito al menos el setenta y cinco por ciento de la carga de trabajo total de su t\u00edtulo de pregrado, y recomiendan al menos un maestro permanente del programa.<\/p>\n<p>&nbsp;<\/p>\n<p>Tambi\u00e9n es digno de menci\u00f3n que ele alumno matriculado en un r\u00e9gimen especial <strong>no se ajusta a la certificaci\u00f3n<\/strong>, ya que solo se le proporciona un certificado firmado por la Coordinaci\u00f3n del curso, se declaran las asignaturas y las respectivas cargas de trabajo.<\/p>","protected":false},"excerpt":{"rendered":"<p>Se encuentra abierta la convocatoria de selecci\u00f3n de alumnos en r\u00e9gimen especial para el 2o Semestre de 2021. CONVOCATORIA PROCESO DE SELECCI\u00d3N &#8211; ESTUDIANTE EN R\u00c9GIMEN ESPECIAL &#8211; 02\/2021 &#8211; \u00a1Accede aqu\u00ed! El Programa de Posgrado en Administraci\u00f3n de UNIPAMPA, siguiendo su Reglamento, aceptar\u00e1 estudiantes en r\u00e9gimen de matr\u00edcula especial para ser seleccionados en n\u00famero &hellip; <a href=\"https:\/\/cursos.unipampa.edu.br\/cursos\/ppga\/es\/aluno-especial\/\" class=\"more-link\">Continue reading <span class=\"screen-reader-text\">Alumno Especial<\/span> <span class=\"meta-nav\">&rarr;<\/span><\/a><\/p>\n","protected":false},"author":79,"featured_media":0,"parent":0,"menu_order":0,"comment_status":"closed","ping_status":"closed","template":"","meta":[],"_links":{"self":[{"href":"https:\/\/cursos.unipampa.edu.br\/cursos\/ppga\/es\/wp-json\/wp\/v2\/pages\/129"}],"collection":[{"href":"https:\/\/cursos.unipampa.edu.br\/cursos\/ppga\/es\/wp-json\/wp\/v2\/pages"}],"about":[{"href":"https:\/\/cursos.unipampa.edu.br\/cursos\/ppga\/es\/wp-json\/wp\/v2\/types\/page"}],"author":[{"embeddable":true,"href":"https:\/\/cursos.unipampa.edu.br\/cursos\/ppga\/es\/wp-json\/wp\/v2\/users\/79"}],"replies":[{"embeddable":true,"href":"https:\/\/cursos.unipampa.edu.br\/cursos\/ppga\/es\/wp-json\/wp\/v2\/comments?post=129"}],"version-history":[{"count":67,"href":"https:\/\/cursos.unipampa.edu.br\/cursos\/ppga\/es\/wp-json\/wp\/v2\/pages\/129\/revisions"}],"predecessor-version":[{"id":1975,"href":"https:\/\/cursos.unipampa.edu.br\/cursos\/ppga\/es\/wp-json\/wp\/v2\/pages\/129\/revisions\/1975"}],"wp:attachment":[{"href":"https:\/\/cursos.unipampa.edu.br\/cursos\/ppga\/es\/wp-json\/wp\/v2\/media?parent=129"}],"curies":[{"name":"wp","href":"https:\/\/api.w.org\/{rel}","templated":true}]}}