
{"id":1256,"date":"2021-03-15T12:50:15","date_gmt":"2021-03-15T12:50:15","guid":{"rendered":"http:\/\/cursos.unipampa.edu.br\/cursos\/ppga\/?page_id=1256"},"modified":"2025-04-24T11:18:59","modified_gmt":"2025-04-24T11:18:59","slug":"planejamento-estrategico","status":"publish","type":"page","link":"https:\/\/cursos.unipampa.edu.br\/cursos\/ppga\/es\/planejamento-estrategico\/","title":{"rendered":"Planificaci\u00f3n Estrat\u00e9gica"},"content":{"rendered":"<p><\/p>\n<p style=\"text-align: justify\">La planificaci\u00f3n de PPGA se ha llevado a cabo desde que el curso fue aprobado por CAPES y comenz\u00f3 sus actividades en 2016. La planificaci\u00f3n de acciones para los a\u00f1os siguientes se llev\u00f3 a cabo en base a discusiones dentro del Consejo de PPGA. Sin embargo, el proceso de <strong><span style=\"color: #008000\">Planeaci\u00f3n Estrat\u00e9gica<\/span><\/strong> inici\u00f3 su institucionalizaci\u00f3n en octubre de 2019, cuando el Comit\u00e9 Coordinador del PPGA, conformado por cuatro profesores, fue definido como el Comit\u00e9 de Planeaci\u00f3n.<\/p>\n<p style=\"text-align: justify\">La primera reuni\u00f3n involucr\u00f3 una evaluaci\u00f3n del Programa basada en la participaci\u00f3n de un miembro de la Comisi\u00f3n de Planificaci\u00f3n en la reuni\u00f3n de Medio T\u00e9rmino de CAPES. Posteriormente, la Comisi\u00f3n defini\u00f3 dos etapas del proceso de Planificaci\u00f3n: a) <strong><span style=\"color: #008000\">Planificaci\u00f3n Estrat\u00e9gica I<\/span>,<\/strong> con la propuesta de acciones e iniciativas para el \u00faltimo a\u00f1o del cuadrienio (2017-2020); b) <strong><span style=\"color: #008000\">Planificaci\u00f3n Estrat\u00e9gica II<\/span><\/strong>, proponiendo iniciativas y estrategias para el cuadrienio (2021-2024). Ambos planes fueron discutidos entre las <strong><span style=\"color: #008000\">categor\u00edas docente, estudiantil y TAE<\/span> <\/strong>y aprobados por el Consejo de PPGA<\/p>\n<p style=\"text-align: justify\">La Planificaci\u00f3n Estrat\u00e9gica est\u00e1 directamente alineada con el Proyecto Institucional de UNIPAMPA y la <strong><span style=\"color: #008000\">Pol\u00edtica de Autoevaluaci\u00f3n del curso<\/span><\/strong>, siendo esta \u00faltima el principal subsidio para el diagn\u00f3stico organizacional y el desarrollo de estrategias y metas futuras.<\/p>\n<p style=\"text-align: justify\">La metodolog\u00eda de Planificaci\u00f3n Estrat\u00e9gica sigui\u00f3 cinco fases: a) Fase 1 &#8211; Definici\u00f3n y consenso sobre la visi\u00f3n, misi\u00f3n, principios (valores) del PPGA; b) Fase 2 &#8211; Revisi\u00f3n de objetivos; c) Fase 3 &#8211; Diagn\u00f3stico organizacional (identificaci\u00f3n de oportunidades, amenazas, fortalezas y debilidades); d) Fase 4 &#8211; Principales estrategias (iniciativas y metas); e) Fase 5 &#8211; Implementaci\u00f3n y Monitoreo.<\/p>\n<p style=\"text-align: justify\">El documento de planificaci\u00f3n estrat\u00e9gica de PPGA para el cuadrienio 2021-2024 se puede acceder en su totalidad en el siguiente enlace:<\/p>\n<p style=\"text-align: justify\"><strong><span style=\"color: #008000\">Planificaci\u00f3n estrat\u00e9gica 2021-2024<\/span><\/strong><\/p>\n<p><\/p>","protected":false},"excerpt":{"rendered":"<p>La planificaci\u00f3n de PPGA se ha llevado a cabo desde que el curso fue aprobado por CAPES y comenz\u00f3 sus actividades en 2016. La planificaci\u00f3n de acciones para los a\u00f1os siguientes se llev\u00f3 a cabo en base a discusiones dentro del Consejo de PPGA. Sin embargo, el proceso de Planeaci\u00f3n Estrat\u00e9gica inici\u00f3 su institucionalizaci\u00f3n en &hellip; <a href=\"https:\/\/cursos.unipampa.edu.br\/cursos\/ppga\/es\/planejamento-estrategico\/\" class=\"more-link\">Continue reading <span class=\"screen-reader-text\">Planificaci\u00f3n Estrat\u00e9gica<\/span> <span class=\"meta-nav\">&rarr;<\/span><\/a><\/p>\n","protected":false},"author":632,"featured_media":0,"parent":0,"menu_order":0,"comment_status":"closed","ping_status":"closed","template":"","meta":[],"_links":{"self":[{"href":"https:\/\/cursos.unipampa.edu.br\/cursos\/ppga\/es\/wp-json\/wp\/v2\/pages\/1256"}],"collection":[{"href":"https:\/\/cursos.unipampa.edu.br\/cursos\/ppga\/es\/wp-json\/wp\/v2\/pages"}],"about":[{"href":"https:\/\/cursos.unipampa.edu.br\/cursos\/ppga\/es\/wp-json\/wp\/v2\/types\/page"}],"author":[{"embeddable":true,"href":"https:\/\/cursos.unipampa.edu.br\/cursos\/ppga\/es\/wp-json\/wp\/v2\/users\/632"}],"replies":[{"embeddable":true,"href":"https:\/\/cursos.unipampa.edu.br\/cursos\/ppga\/es\/wp-json\/wp\/v2\/comments?post=1256"}],"version-history":[{"count":5,"href":"https:\/\/cursos.unipampa.edu.br\/cursos\/ppga\/es\/wp-json\/wp\/v2\/pages\/1256\/revisions"}],"predecessor-version":[{"id":2293,"href":"https:\/\/cursos.unipampa.edu.br\/cursos\/ppga\/es\/wp-json\/wp\/v2\/pages\/1256\/revisions\/2293"}],"wp:attachment":[{"href":"https:\/\/cursos.unipampa.edu.br\/cursos\/ppga\/es\/wp-json\/wp\/v2\/media?parent=1256"}],"curies":[{"name":"wp","href":"https:\/\/api.w.org\/{rel}","templated":true}]}}