
{"id":1218,"date":"2021-03-15T12:33:45","date_gmt":"2021-03-15T12:33:45","guid":{"rendered":"http:\/\/cursos.unipampa.edu.br\/cursos\/ppga\/?page_id=1218"},"modified":"2026-03-10T17:45:55","modified_gmt":"2026-03-10T17:45:55","slug":"componentes-curriculares-e-ementas","status":"publish","type":"page","link":"https:\/\/cursos.unipampa.edu.br\/cursos\/ppga\/es\/componentes-curriculares-e-ementas\/","title":{"rendered":"Componentes y men\u00fas del plan de estudios"},"content":{"rendered":"<p><strong><span style=\"color: #000080\">Componentes y men\u00fas del plan de estudios<\/span><\/strong><\/p>\n<p><strong>Asignaturas obligatorias<\/strong><\/p>\n<p><span style=\"color: #008000\">Metodolog\u00eda de investigaci\u00f3n<\/span><\/p>\n<p><span style=\"color: #008000\">Metodolog\u00eda de educaci\u00f3n superior<\/span><\/p>\n<p><span style=\"color: #008000\">M\u00e9todos de estad\u00edstica<\/span><\/p>\n<p><span style=\"color: #008000\">M\u00e9todos cualitativos<\/span><\/p>\n<p><span style=\"color: #008000\">Pr\u00e1cticas de interacci\u00f3n social<\/span><\/p>\n<p><span style=\"color: #008000\">Teor\u00eda de la organizaci\u00f3n<\/span><\/p>\n<p>&nbsp;<\/p>\n<p><span style=\"color: #000000\"><strong>Asignaturas optativas<\/strong><\/span><\/p>\n<p><span style=\"color: #008000\">Taller de investigaci\u00f3n<\/span><\/p>\n<p><span style=\"color: #008000\">An\u00e1lisis organizacional<\/span><\/p>\n<p><span style=\"color: #008000\">Carreras y (I) movilidades<\/span><\/p>\n<p><span style=\"color: #008000\">Cl\u00fasteres y redes<\/span><\/p>\n<p><span style=\"color: #008000\">Cultura de la organizaci\u00f3n<\/span><\/p>\n<p><span style=\"color: #008000\">Econom\u00eda organizacional<\/span><\/p>\n<p><span style=\"color: #008000\">Emprendimiento<\/span><\/p>\n<p><span style=\"color: #008000\">Gesti\u00f3n de Servicios, Turismo, Ocio y Entretenimiento<\/span><\/p>\n<p><span style=\"color: #008000\">Gesti\u00f3n de tecnolog\u00edas y sistemas de informaci\u00f3n<\/span><\/p>\n<p><span style=\"color: #008000\">Gobierno corporativo<\/span><\/p>\n<p><span style=\"color: #008000\">Mercadotecnia ambiental<\/span><\/p>\n<p><span style=\"color: #008000\">Comercializaci\u00f3n y consumo<\/span><\/p>\n<p><span style=\"color: #008000\">M\u00e9todos estad\u00edsticos multivariados<\/span><\/p>\n<p><span style=\"color: #008000\">Organizaciones, desarrollo y territorio<\/span><\/p>\n<p><span style=\"color: #008000\">Organizaciones rurales, pol\u00edticas p\u00fablicas y desarrollo<\/span><\/p>\n<p><span style=\"color: #008000\">Planificaci\u00f3n estrat\u00e9gica<\/span><\/p>\n<p><span style=\"color: #008000\">Escritura cient\u00edfica internacional<\/span><\/p>\n<p><span style=\"color: #008000\">Redes neuronales artificiales en administraci\u00f3n<\/span><\/p>\n<p><span style=\"color: #008000\">Relaciones laborales<\/span><\/p>\n<p><span style=\"color: #008000\">Sostenibilidad en las universidades<\/span><\/p>\n<p><span style=\"color: #008000\">Tecnolog\u00eda, individuo y sociedad<\/span><\/p>\n<p><span style=\"color: #008000\">Teor\u00edas del desarrollo<\/span><\/p>\n<p><span style=\"color: #008000\">Temas emergentes en administraci\u00f3n &#8211; EAD I<\/span><\/p>\n<p><span style=\"color: #008000\">Temas emergentes en estrategia y sistemas I<\/span><\/p>\n<p><span style=\"color: #008000\">Temas emergentes en organizaciones y desarrollo<\/span><\/p>","protected":false},"excerpt":{"rendered":"<p>Componentes y men\u00fas del plan de estudios Asignaturas obligatorias Metodolog\u00eda de investigaci\u00f3n Metodolog\u00eda de educaci\u00f3n superior M\u00e9todos de estad\u00edstica M\u00e9todos cualitativos Pr\u00e1cticas de interacci\u00f3n social Teor\u00eda de la organizaci\u00f3n &nbsp; Asignaturas optativas Taller de investigaci\u00f3n An\u00e1lisis organizacional Carreras y (I) movilidades Cl\u00fasteres y redes Cultura de la organizaci\u00f3n Econom\u00eda organizacional Emprendimiento Gesti\u00f3n de Servicios, Turismo, &hellip; <a href=\"https:\/\/cursos.unipampa.edu.br\/cursos\/ppga\/es\/componentes-curriculares-e-ementas\/\" class=\"more-link\">Continue reading <span class=\"screen-reader-text\">Componentes y men\u00fas del plan de estudios<\/span> <span class=\"meta-nav\">&rarr;<\/span><\/a><\/p>\n","protected":false},"author":632,"featured_media":0,"parent":0,"menu_order":0,"comment_status":"closed","ping_status":"closed","template":"","meta":[],"_links":{"self":[{"href":"https:\/\/cursos.unipampa.edu.br\/cursos\/ppga\/es\/wp-json\/wp\/v2\/pages\/1218"}],"collection":[{"href":"https:\/\/cursos.unipampa.edu.br\/cursos\/ppga\/es\/wp-json\/wp\/v2\/pages"}],"about":[{"href":"https:\/\/cursos.unipampa.edu.br\/cursos\/ppga\/es\/wp-json\/wp\/v2\/types\/page"}],"author":[{"embeddable":true,"href":"https:\/\/cursos.unipampa.edu.br\/cursos\/ppga\/es\/wp-json\/wp\/v2\/users\/632"}],"replies":[{"embeddable":true,"href":"https:\/\/cursos.unipampa.edu.br\/cursos\/ppga\/es\/wp-json\/wp\/v2\/comments?post=1218"}],"version-history":[{"count":14,"href":"https:\/\/cursos.unipampa.edu.br\/cursos\/ppga\/es\/wp-json\/wp\/v2\/pages\/1218\/revisions"}],"predecessor-version":[{"id":2485,"href":"https:\/\/cursos.unipampa.edu.br\/cursos\/ppga\/es\/wp-json\/wp\/v2\/pages\/1218\/revisions\/2485"}],"wp:attachment":[{"href":"https:\/\/cursos.unipampa.edu.br\/cursos\/ppga\/es\/wp-json\/wp\/v2\/media?parent=1218"}],"curies":[{"name":"wp","href":"https:\/\/api.w.org\/{rel}","templated":true}]}}