
{"id":1186,"date":"2021-03-04T17:26:12","date_gmt":"2021-03-04T17:26:12","guid":{"rendered":"http:\/\/cursos.unipampa.edu.br\/cursos\/ppga\/?page_id=1186"},"modified":"2025-04-24T14:41:54","modified_gmt":"2025-04-24T14:41:54","slug":"relatorios-de-autoavaliacao-do-ppga","status":"publish","type":"page","link":"https:\/\/cursos.unipampa.edu.br\/cursos\/ppga\/es\/relatorios-de-autoavaliacao-do-ppga\/","title":{"rendered":"Informes de autoevaluaci\u00f3n de PPGA"},"content":{"rendered":"<p><\/p>\n<p style=\"text-align: justify\"><span style=\"color: #008000\"><strong>Proceso de autoevaluaci\u00f3n PPGA \/ UNIPAMPA<\/strong><\/span><\/p>\n<p style=\"text-align: justify\">El Proceso de Evaluaci\u00f3n y Autoevaluaci\u00f3n es desarrollado por el curso y se rige por la Resoluci\u00f3n n. 7 &#8211; Reglas y Procedimientos de Autoevaluaci\u00f3n PPGA-UNIPAMPA. Su periodicidad es anual y tiene como objetivo otorgar subvenciones para el aprendizaje en grupo, contribuyendo a la Planificaci\u00f3n Estrat\u00e9gica del curso y la mejora general del trabajo del programa. El proceso de construcci\u00f3n y evaluaci\u00f3n de instrumentos, aplicaci\u00f3n de la autoevaluaci\u00f3n y elaboraci\u00f3n del informe final es realizado por un Comit\u00e9 de Autoevaluaci\u00f3n, integrado por representantes de las categor\u00edas docente, t\u00e9cnico-administrativa y estudiantil de la asignatura, designados por el Consejo de la PPGA. .<\/p>\n<p style=\"text-align: justify\">La Comisi\u00f3n de Autoevaluaci\u00f3n PPGA \/ UNIPAMPA tiene el principio de buscar la excelencia program\u00e1tica a trav\u00e9s de la evaluaci\u00f3n constante de las acciones desarrolladas tanto en docencia, investigaci\u00f3n y extensi\u00f3n, como en la coordinaci\u00f3n del curso y acci\u00f3n con audiencias externas. El trabajo de la comisi\u00f3n est\u00e1 orientado a la mejora constante de los instrumentos de evaluaci\u00f3n; mantenimiento del calendario anual la presentaci\u00f3n de un informe que contribuya a la planificaci\u00f3n anual y cuadrienal del programa.<\/p>\n<p style=\"text-align: justify\">Los criterios evaluados en el proceso de evaluaci\u00f3n y autoevaluaci\u00f3n son: i) Estructura curricular; ii) Facultad; iii) Cuerpo estudiantil; iv) Estructura administrativa; v) Docencia; vi) Investigaci\u00f3n y producci\u00f3n intelectual; vii) Extensi\u00f3n e Inserci\u00f3n Social; viii) Internacionalizaci\u00f3n y; ix) Visibilidad. A continuaci\u00f3n, est\u00e1n disponibles los informes de autoevaluaci\u00f3n de PPGA para los a\u00f1os 2019 y 2020.<\/p>\n<p style=\"text-align: justify\">\n&#8211; Informe de Autoevaluaci\u00f3n PPGA-UNIPAMPA &#8211; 2019<br \/>\n&#8211; Informe de autoevaluaci\u00f3n PPGA \/ UNIPAMPA &#8211; 2020<\/p>\n<p><\/p>","protected":false},"excerpt":{"rendered":"<p>Proceso de autoevaluaci\u00f3n PPGA \/ UNIPAMPA El Proceso de Evaluaci\u00f3n y Autoevaluaci\u00f3n es desarrollado por el curso y se rige por la Resoluci\u00f3n n. 7 &#8211; Reglas y Procedimientos de Autoevaluaci\u00f3n PPGA-UNIPAMPA. Su periodicidad es anual y tiene como objetivo otorgar subvenciones para el aprendizaje en grupo, contribuyendo a la Planificaci\u00f3n Estrat\u00e9gica del curso y &hellip; <a href=\"https:\/\/cursos.unipampa.edu.br\/cursos\/ppga\/es\/relatorios-de-autoavaliacao-do-ppga\/\" class=\"more-link\">Continue reading <span class=\"screen-reader-text\">Informes de autoevaluaci\u00f3n de PPGA<\/span> <span class=\"meta-nav\">&rarr;<\/span><\/a><\/p>\n","protected":false},"author":632,"featured_media":0,"parent":0,"menu_order":0,"comment_status":"closed","ping_status":"closed","template":"","meta":[],"_links":{"self":[{"href":"https:\/\/cursos.unipampa.edu.br\/cursos\/ppga\/es\/wp-json\/wp\/v2\/pages\/1186"}],"collection":[{"href":"https:\/\/cursos.unipampa.edu.br\/cursos\/ppga\/es\/wp-json\/wp\/v2\/pages"}],"about":[{"href":"https:\/\/cursos.unipampa.edu.br\/cursos\/ppga\/es\/wp-json\/wp\/v2\/types\/page"}],"author":[{"embeddable":true,"href":"https:\/\/cursos.unipampa.edu.br\/cursos\/ppga\/es\/wp-json\/wp\/v2\/users\/632"}],"replies":[{"embeddable":true,"href":"https:\/\/cursos.unipampa.edu.br\/cursos\/ppga\/es\/wp-json\/wp\/v2\/comments?post=1186"}],"version-history":[{"count":5,"href":"https:\/\/cursos.unipampa.edu.br\/cursos\/ppga\/es\/wp-json\/wp\/v2\/pages\/1186\/revisions"}],"predecessor-version":[{"id":2294,"href":"https:\/\/cursos.unipampa.edu.br\/cursos\/ppga\/es\/wp-json\/wp\/v2\/pages\/1186\/revisions\/2294"}],"wp:attachment":[{"href":"https:\/\/cursos.unipampa.edu.br\/cursos\/ppga\/es\/wp-json\/wp\/v2\/media?parent=1186"}],"curies":[{"name":"wp","href":"https:\/\/api.w.org\/{rel}","templated":true}]}}