
{"id":56,"date":"2015-07-02T19:30:49","date_gmt":"2015-07-02T19:30:49","guid":{"rendered":"http:\/\/cursos.unipampa.edu.br\/cursos\/ppga\/?page_id=56"},"modified":"2026-03-09T16:46:53","modified_gmt":"2026-03-09T16:46:53","slug":"estrutura-curricular","status":"publish","type":"page","link":"https:\/\/cursos.unipampa.edu.br\/cursos\/ppga\/en\/estrutura-curricular\/","title":{"rendered":"Curricular Structure"},"content":{"rendered":"<p>The PPGA \u2013 UNIPAMPA curriculum components are divided into components of 30 class hours (2 credits) and 60 class hours (4 credits). The total number of credits to be taken by students is 28 (twenty-eight credits), segmented <strong>16 mandatory credits and 12 optional credits in the student research line.<\/strong><\/p>\n<p><strong>The mandatory credits are:<\/strong><\/p>\n<p>a) Theory of Organizations (4 credits);<\/p>\n<p>b) Higher Education Methodology (4 credits);<\/p>\n<p>c) Research Methodology (2 credits);<\/p>\n<p>d) Statistical Methods (2 credits);<\/p>\n<p>e) Qualitative Methods (2 credits);<\/p>\n<p>f) Social Interaction Practices (2 credits).<\/p>\n<p>Additionally, the completion of a Teaching Internship with approval is a requirement to obtain the title.<\/p>\n<p>The curricular components are divided and offered in order to enable students to have the option of completing the necessary credits for the master&#8217;s degree at the end of the second semester of the course. In this way, the student can dedicate the third and fourth semesters to the elaboration of their dissertation. The expected result is that the completion of the course takes place within a maximum period of 24 months, with academic quality dissertations prepared by students with time dedicated to research. The recommended curriculum structure for both lines of research is presented in Table 1.<\/p>\n<p>Table 1 \u2013 Recommended curricular structure for the Masters in Administration.<\/p>\n<table style=\"height: 155px;border-color: #010807;width: 113.131%;background-color: #b4d7f0;border-style: solid\" width=\"113.131%\">\n<tbody>\n<tr style=\"height: 71px\">\n<td style=\"width: 14.0952%;height: 38px\" width=\"13%\"><\/td>\n<td style=\"width: 23.1796%;height: 38px\" width=\"22%\"><strong>Primeiro Semestre<\/strong><\/td>\n<td style=\"width: 23.3516%;height: 38px\" width=\"21%\"><strong>Segundo Semestre<\/strong><\/td>\n<td style=\"width: 20.5253%;height: 38px\" width=\"22%\"><strong>Terceiro Semestre<\/strong><\/td>\n<td style=\"width: 32.2089%;height: 38px\" width=\"19%\"><strong>Quarto Semestre<\/strong><\/td>\n<\/tr>\n<tr style=\"height: 119px\">\n<td style=\"width: 14.0952%;height: 117px\" width=\"13%\"><strong>Estrutura Curricular<\/strong><\/td>\n<td style=\"width: 23.1796%;height: 117px\" width=\"224\">\n<p style=\"text-align: center\">Teoria das Organiza\u00e7\u00f5es &#8211; 60 h<\/p>\n<p style=\"text-align: center\">Metodologia da Pesquisa &#8211; 30 h<\/p>\n<p style=\"text-align: center\">M\u00e9todos Estat\u00edsticos &#8211;\u00a0 30 h<\/p>\n<p style=\"text-align: center\">Optativas <span style=\"font-family: inherit;font-size: inherit\">(6 cr\u00e9ditos)<\/span><\/p>\n<\/td>\n<td style=\"width: 23.3516%;height: 117px\" width=\"21%\">Metodologia do Ensino Superior &#8211; 60 h<\/p>\n<p>M\u00e9todos Qualitativos\u00a0 &#8211; 60 h<\/p>\n<p>Pr\u00e1ticas de Intera\u00e7\u00e3o Social &#8211; 30 h<\/p>\n<p>Optativas <span style=\"font-family: inherit;font-size: inherit\">(6 cr\u00e9ditos)<\/span><\/td>\n<td style=\"width: 20.5253%;height: 117px\" width=\"22%\">\u00a0 Elabora\u00e7\u00e3o de Disserta\u00e7\u00e3o<\/p>\n<p>Est\u00e1gio de Doc\u00eancia<\/p>\n<p>&nbsp;<\/p>\n<p>&nbsp;<\/p>\n<p>&nbsp;<\/td>\n<td style=\"width: 32.2089%;height: 117px\" width=\"19%\">Elabora\u00e7\u00e3o de Disserta\u00e7\u00e3o<\/p>\n<p>&nbsp;<\/p>\n<p>&nbsp;<\/p>\n<p>&nbsp;<\/p>\n<p>&nbsp;<\/td>\n<\/tr>\n<\/tbody>\n<\/table>\n<p>&nbsp;<\/p>\n<p>It should be noted that the structure can be flexible and students have the opportunity to choose optional subjects more directed to their study interests. For this, the entire semester is offered different curricular components related to research lines. Table 2 presents a list of optional curricular components that can be offered in the lines of Organizations and Development and Strategy and Systems.<\/p>\n<p>Table 2 \u2013 Optional Curriculum Components<\/p>\n<table style=\"height: 71px;width: 119.223%;border-collapse: collapse;border-color: #0d0b0b;border-style: solid\" border=\"1\">\n<tbody>\n<tr style=\"height: 71px\">\n<td style=\"width: 35.7535%;height: 71px;text-align: center\"><strong>Organiza\u00e7\u00f5es e Desenvolvimento<\/strong><\/p>\n<p>(cr\u00e9ditos)<\/td>\n<td style=\"width: 83.5052%;height: 71px\">\n<ul>\n<li>Cultura Organizacional (4)<\/li>\n<li>Economia das Organiza\u00e7\u00f5es (4)<\/li>\n<li>Organiza\u00e7\u00f5es, Desenvolvimento e Territ\u00f3rio (4)<\/li>\n<li>Sustentabilidade em Universidades (4)<\/li>\n<li>Teorias do Desenvolvimento (4)<\/li>\n<li>Empreendedorismo (2)<\/li>\n<li>Rela\u00e7\u00f5es de Trabalho (2)<\/li>\n<li>Organiza\u00e7\u00f5es Rurais, Pol\u00edticas P\u00fablicas e Desenvolvimento (2)<\/li>\n<li>T\u00f3picos Emergentes em Organiza\u00e7\u00f5es e Desenvolvimento I (2)<\/li>\n<\/ul>\n<\/td>\n<\/tr>\n<\/tbody>\n<\/table>\n<table style=\"height: 27px;width: 119.445%;border-collapse: collapse;border-style: solid;border-color: #000000\" border=\"1\">\n<tbody>\n<tr>\n<td style=\"width: 35.6974%;text-align: center\"><strong>Estrat\u00e9gia e Sistemas<\/strong><\/p>\n<p>(cr\u00e9ditos)<\/td>\n<td style=\"width: 64.3026%\">\n<ul>\n<li>Clusters e Redes (4)<\/li>\n<li>Gest\u00e3o de Sistemas e Tecnologias de Informa\u00e7\u00e3o (4)<\/li>\n<li>Marketing Ambiental (4)<\/li>\n<li>Planejamento Estrat\u00e9gico (4)<\/li>\n<li>Tecnologia, Indiv\u00edduo, Sociedade (4)<\/li>\n<li>Redes Neurais Artificiais (2)<\/li>\n<li>Gest\u00e3o de Servi\u00e7os, Turismo, Lazer e Entretenimento (2)<\/li>\n<li>Marketing e Consumo (2)<\/li>\n<li>T\u00f3picos Emergentes em Estrat\u00e9gia e Sistemas I (2)<\/li>\n<\/ul>\n<\/td>\n<\/tr>\n<\/tbody>\n<\/table>\n<table style=\"width: 119.347%;border-collapse: collapse;border-style: solid;border-color: #000000\" border=\"1\">\n<tbody>\n<tr>\n<td style=\"width: 35.7977%;text-align: center\"><strong>Ambas as linhas de pesquisa<\/strong><\/p>\n<p>(cr\u00e9ditos)<\/td>\n<td style=\"width: 83.7006%\">\n<ul>\n<li>Reda\u00e7\u00e3o Cient\u00edfica Internacional (2)<\/li>\n<li>M\u00e9todos Estat\u00edsticos Multivariados (2)<\/li>\n<li>T\u00f3picos Emergentes em Administra\u00e7\u00e3o &#8211; EAD I (2)<\/li>\n<\/ul>\n<\/td>\n<\/tr>\n<\/tbody>\n<\/table>\n<p style=\"text-align: justify\">\n<p><\/p>","protected":false},"excerpt":{"rendered":"<p>The PPGA \u2013 UNIPAMPA curriculum components are divided into components of 30 class hours (2 credits) and 60 class hours (4 credits). The total number of credits to be taken by students is 28 (twenty-eight credits), segmented 16 mandatory credits and 12 optional credits in the student research line. The mandatory credits are: a) Theory &hellip; <a href=\"https:\/\/cursos.unipampa.edu.br\/cursos\/ppga\/en\/estrutura-curricular\/\" class=\"more-link\">Continue reading <span class=\"screen-reader-text\">Curricular Structure<\/span> <span class=\"meta-nav\">&rarr;<\/span><\/a><\/p>\n","protected":false},"author":79,"featured_media":0,"parent":0,"menu_order":0,"comment_status":"open","ping_status":"open","template":"","meta":[],"_links":{"self":[{"href":"https:\/\/cursos.unipampa.edu.br\/cursos\/ppga\/en\/wp-json\/wp\/v2\/pages\/56"}],"collection":[{"href":"https:\/\/cursos.unipampa.edu.br\/cursos\/ppga\/en\/wp-json\/wp\/v2\/pages"}],"about":[{"href":"https:\/\/cursos.unipampa.edu.br\/cursos\/ppga\/en\/wp-json\/wp\/v2\/types\/page"}],"author":[{"embeddable":true,"href":"https:\/\/cursos.unipampa.edu.br\/cursos\/ppga\/en\/wp-json\/wp\/v2\/users\/79"}],"replies":[{"embeddable":true,"href":"https:\/\/cursos.unipampa.edu.br\/cursos\/ppga\/en\/wp-json\/wp\/v2\/comments?post=56"}],"version-history":[{"count":51,"href":"https:\/\/cursos.unipampa.edu.br\/cursos\/ppga\/en\/wp-json\/wp\/v2\/pages\/56\/revisions"}],"predecessor-version":[{"id":2481,"href":"https:\/\/cursos.unipampa.edu.br\/cursos\/ppga\/en\/wp-json\/wp\/v2\/pages\/56\/revisions\/2481"}],"wp:attachment":[{"href":"https:\/\/cursos.unipampa.edu.br\/cursos\/ppga\/en\/wp-json\/wp\/v2\/media?parent=56"}],"curies":[{"name":"wp","href":"https:\/\/api.w.org\/{rel}","templated":true}]}}