
{"id":1357,"date":"2021-08-18T03:31:55","date_gmt":"2021-08-18T03:31:55","guid":{"rendered":"http:\/\/cursos.unipampa.edu.br\/cursos\/ppga\/?page_id=1357"},"modified":"2021-08-18T03:53:24","modified_gmt":"2021-08-18T03:53:24","slug":"egressos-turma-2019","status":"publish","type":"page","link":"https:\/\/cursos.unipampa.edu.br\/cursos\/ppga\/en\/egressos-turma-2019\/","title":{"rendered":"Masters Class 2019"},"content":{"rendered":"<p><\/p>\n<header class=\"entry-header\">\n<h1 class=\"entry-title\"><\/h1>\n<\/header>\n<div class=\"entry-content\">\n<ul>\n<li><strong>AUR\u00c9LIA MACHADO RIBAS \u2013 <a href=\"http:\/\/lattes.cnpq.br\/7587419845743233\">Curr\u00edculo Lattes<\/a><\/strong><\/li>\n<\/ul>\n<p><strong>Dissertation:<\/strong> \u201cNa depress\u00e3o e na ansiedade, existe o interesse em viagens a Turismo?\u201d<a href=\"https:\/\/cursos.unipampa.edu.br\/cursos\/ppga\/files\/2021\/08\/aurelia-machado-ribas.pdf\"> \u00a0PDF<\/a><\/p>\n<ul>\n<li><strong>BEATRIZ SCAPIN \u2013\u00a0<a href=\"http:\/\/lattes.cnpq.br\/4154757277592193\">Curr\u00edculo Lattes<\/a><\/strong><\/li>\n<\/ul>\n<p><strong>Dissertation:<\/strong> \u201cPrograma Nacional de Fortalecimento da Agricultura Familiar: o processo de (des) territorializa\u00e7\u00e3o da agricultura de Nova Palma e Pinhal Grande\/RS\u201d <a href=\"https:\/\/cursos.unipampa.edu.br\/cursos\/ppga\/files\/2021\/08\/beatriz-scapin.pdf\">\u00a0PDF<\/a><\/p>\n<ul>\n<li><strong>CHRISTIANNE TEIXERA ALBUQUERQUE \u2013\u00a0<a href=\"http:\/\/lattes.cnpq.br\/5925154173781329\">Curr\u00edculo Lattes<\/a><\/strong><\/li>\n<\/ul>\n<p><strong>Dissertation:<\/strong> \u201cA tecnologia social no processo de desenvolvimento local: o caso dos empreendimentos de economia solid\u00e1ria Santana do Livramento\/RS\u201d <a href=\"https:\/\/cursos.unipampa.edu.br\/cursos\/ppga\/files\/2021\/08\/christianne-teixeira-albuquerque.pdf\">\u00a0PDF<\/a><\/p>\n<ul>\n<li><strong>CRISTIANO MATTOS GARBIN \u2013\u00a0<a href=\"http:\/\/lattes.cnpq.br\/2105270646391550\">Curr\u00edculo Lattes<\/a><\/strong><\/li>\n<\/ul>\n<p><strong>Dissertation:<\/strong> \u201cUma proposta de indicadores de desempenho para empresas de pequeno e m\u00e9dio porte sob a \u00f3ptica conceitual da controladoria\u201d <a href=\"https:\/\/cursos.unipampa.edu.br\/cursos\/ppga\/files\/2021\/08\/cristiano-mattos-garbin.pdf\">\u00a0PDF<\/a><\/p>\n<ul>\n<li><strong>DENIS JEFERSON PEREIRA COBAS \u2013\u00a0<a href=\"http:\/\/lattes.cnpq.br\/7378378225687908\">Curr\u00edculo Lattes<\/a><\/strong><\/li>\n<\/ul>\n<p><strong>Dissertation:<\/strong> \u201cO processo de institucionaliza\u00e7\u00e3o da inova\u00e7\u00e3o nas universidades federais: um estudo multicasos\u201d <a href=\"https:\/\/cursos.unipampa.edu.br\/cursos\/ppga\/files\/2021\/08\/denis-jeferson-pereira-cobas.pdf\">PDF<\/a><\/p>\n<ul>\n<li><strong>J\u00c9SSICA ALVES DA MOTTA \u2013\u00a0<a href=\"http:\/\/lattes.cnpq.br\/3388707594612300\">Curr\u00edculo Lattes<\/a><\/strong><\/li>\n<\/ul>\n<p><strong>Dissertation:<\/strong> \u201cA incorpora\u00e7\u00e3o dos objetivos de desenvolvimento sustent\u00e1vel em empresas ga\u00fachas de moda\u201d <a href=\"https:\/\/cursos.unipampa.edu.br\/cursos\/ppga\/files\/2021\/08\/jessica-alves-da-motta.pdf\">\u00a0PDF<\/a><\/p>\n<ul>\n<li><strong>JHONATAN DA COSTA ROSA \u2013\u00a0<a href=\"http:\/\/lattes.cnpq.br\/2700258130033581\">Curr\u00edculo Lattes<\/a><\/strong><\/li>\n<\/ul>\n<p><strong>Dissertation:<\/strong> \u201cRela\u00e7\u00e3o entre lideran\u00e7a e compet\u00eancias para a sustentabilidade na percep\u00e7\u00e3o de discentes que participam de empresas juniores do estado do Rio Grande do Sul\u201d <a href=\"https:\/\/cursos.unipampa.edu.br\/cursos\/ppga\/files\/2021\/08\/jhonatan-da-costa-rosa.pdf\">\u00a0PDF<\/a><\/p>\n<ul>\n<li><strong>LUIS MARCELO DO NASCIMENTO GARSKE \u2013\u00a0<a href=\"http:\/\/lattes.cnpq.br\/9544017760673346\">Curr\u00edculo Lattes<\/a><\/strong><\/li>\n<\/ul>\n<p><strong>Dissertation:<\/strong> \u201cAceita\u00e7\u00e3o, adequa\u00e7\u00e3o e satisfa\u00e7\u00e3o a sistemas de informa\u00e7\u00e3o: uma abordagem sobre a percep\u00e7\u00e3o dos alunos de uma universidade federal sobre o sistema de controle acad\u00eamico GURI\u201d <a href=\"https:\/\/cursos.unipampa.edu.br\/cursos\/ppga\/files\/2021\/08\/luis-marcelo-do-nascimento-garske.pdf\">\u00a0PDF<\/a><\/p>\n<ul>\n<li><strong>M\u00c1RCIA VANESSAH PACHECO ABBONDANZA \u2013\u00a0<a href=\"http:\/\/lattes.cnpq.br\/2158202051443762\">Curr\u00edculo Lattes<\/a><\/strong><\/li>\n<\/ul>\n<p><strong>Dissertation:<\/strong> \u201cAs institui\u00e7\u00f5es podem me limitar? Um estudo sobre carreiras e estere\u00f3tipos de g\u00eanero a partir da teoria institucional de Thorstein Veblen\u201d <a href=\"https:\/\/cursos.unipampa.edu.br\/cursos\/ppga\/files\/2021\/08\/marcia-vanessah-pacheco-abbondanza.pdf\">\u00a0PDF<\/a><\/p>\n<ul>\n<li><strong>M\u00c1RCIO PEREIRA CORDEIRO \u2013\u00a0<a href=\"http:\/\/lattes.cnpq.br\/5793014681392437\">Curr\u00edculo Lattes<\/a><\/strong><\/li>\n<\/ul>\n<p><strong>Dissertation:<\/strong> \u201cMeso-institui\u00e7\u00f5es e o desempenho da cadeia produtiva do leite na Fronteira Oeste do Rio Grande do Sul\u201d <a href=\"https:\/\/cursos.unipampa.edu.br\/cursos\/ppga\/files\/2021\/08\/marcio-pereira-cordeiro.pdf\">\u00a0PDF<\/a><\/p>\n<ul>\n<li><strong>MICHELE CASTANHO MACHADO \u2013\u00a0<a href=\"http:\/\/lattes.cnpq.br\/6783742892842884\">Curr\u00edculo Lattes<\/a><\/strong><\/li>\n<\/ul>\n<p><strong>Dissertation:<\/strong> \u201cO peso de estar em casa: uma an\u00e1lise acerca da percep\u00e7\u00e3o das profissionais docentes em rela\u00e7\u00e3o a sobrecarga de trabalho no <em>home office<\/em>\u201d <a href=\"https:\/\/cursos.unipampa.edu.br\/cursos\/ppga\/files\/2021\/08\/michelle-castanho-machado.pdf\">\u00a0PDF<\/a><\/p>\n<ul>\n<li><strong>MONIQUE VIGIL KL\u00dcSENER \u2013<a href=\"http:\/\/lattes.cnpq.br\/6609667997670240\">Curr\u00edculo Lattes<\/a><\/strong><\/li>\n<\/ul>\n<p><strong>Dissertation:<\/strong> \u201cConsumir sustent\u00e1vel \u00e9 ter <em>status<\/em>? Um estudo sobre a rela\u00e7\u00e3o entre Consumo Sustent\u00e1vel e o Consumo de <em>Status.<\/em>\u201d <a href=\"https:\/\/cursos.unipampa.edu.br\/cursos\/ppga\/files\/2021\/08\/monique-vigil-klusener.pdf\">\u00a0PDF<\/a><\/p>\n<ul>\n<li><strong>PAOLA ROSANO RODRIGUES \u2013\u00a0<a href=\"http:\/\/lattes.cnpq.br\/8050348461019423\">Curr\u00edculo Lattes<\/a><\/strong><\/li>\n<\/ul>\n<p><strong>Dissertation:<\/strong> \u201cQuando o mel \u00e9 bom a abelha sempre volta: um estudo etnogr\u00e1fico no aglomerado do mel na fronteira Sant\u2019Ana do Livramento\/Brasil e Rivera\/Uruguai\u201d <a href=\"https:\/\/cursos.unipampa.edu.br\/cursos\/ppga\/files\/2021\/08\/paola-rosano-rodrigues.pdf\">\u00a0PDF<\/a><\/p>\n<ul>\n<li><strong>RODRIGO DE OLIVEIRA ESTELA \u2013\u00a0<a href=\"http:\/\/lattes.cnpq.br\/4719788809409482\">Curr\u00edculo Lattes<\/a><\/strong><\/li>\n<\/ul>\n<p><strong>Dissertation:<\/strong> \u201cTecnologia da informa\u00e7\u00e3o e usabilidade: uma an\u00e1lise sobre as ferramentas utilizadas no com\u00e9rcio varejista de combust\u00edveis \u201d <a href=\"https:\/\/cursos.unipampa.edu.br\/cursos\/ppga\/files\/2021\/08\/rodrigo-de-oliveira-estela.pdf\">\u00a0PDF<\/a><\/p>\n<\/div>\n<p><\/p>","protected":false},"excerpt":{"rendered":"<p>AUR\u00c9LIA MACHADO RIBAS \u2013 Curr\u00edculo Lattes Dissertation: \u201cNa depress\u00e3o e na ansiedade, existe o interesse em viagens a Turismo?\u201d \u00a0PDF BEATRIZ SCAPIN \u2013\u00a0Curr\u00edculo Lattes Dissertation: \u201cPrograma Nacional de Fortalecimento da Agricultura Familiar: o processo de (des) territorializa\u00e7\u00e3o da agricultura de Nova Palma e Pinhal Grande\/RS\u201d \u00a0PDF CHRISTIANNE TEIXERA ALBUQUERQUE \u2013\u00a0Curr\u00edculo Lattes Dissertation: \u201cA tecnologia social &hellip; <a href=\"https:\/\/cursos.unipampa.edu.br\/cursos\/ppga\/en\/egressos-turma-2019\/\" class=\"more-link\">Continue reading <span class=\"screen-reader-text\">Masters Class 2019<\/span> <span class=\"meta-nav\">&rarr;<\/span><\/a><\/p>\n","protected":false},"author":722,"featured_media":0,"parent":0,"menu_order":0,"comment_status":"closed","ping_status":"closed","template":"","meta":[],"_links":{"self":[{"href":"https:\/\/cursos.unipampa.edu.br\/cursos\/ppga\/en\/wp-json\/wp\/v2\/pages\/1357"}],"collection":[{"href":"https:\/\/cursos.unipampa.edu.br\/cursos\/ppga\/en\/wp-json\/wp\/v2\/pages"}],"about":[{"href":"https:\/\/cursos.unipampa.edu.br\/cursos\/ppga\/en\/wp-json\/wp\/v2\/types\/page"}],"author":[{"embeddable":true,"href":"https:\/\/cursos.unipampa.edu.br\/cursos\/ppga\/en\/wp-json\/wp\/v2\/users\/722"}],"replies":[{"embeddable":true,"href":"https:\/\/cursos.unipampa.edu.br\/cursos\/ppga\/en\/wp-json\/wp\/v2\/comments?post=1357"}],"version-history":[{"count":6,"href":"https:\/\/cursos.unipampa.edu.br\/cursos\/ppga\/en\/wp-json\/wp\/v2\/pages\/1357\/revisions"}],"predecessor-version":[{"id":1381,"href":"https:\/\/cursos.unipampa.edu.br\/cursos\/ppga\/en\/wp-json\/wp\/v2\/pages\/1357\/revisions\/1381"}],"wp:attachment":[{"href":"https:\/\/cursos.unipampa.edu.br\/cursos\/ppga\/en\/wp-json\/wp\/v2\/media?parent=1357"}],"curies":[{"name":"wp","href":"https:\/\/api.w.org\/{rel}","templated":true}]}}