
{"id":1139,"date":"2021-02-17T19:08:21","date_gmt":"2021-02-17T19:08:21","guid":{"rendered":"http:\/\/cursos.unipampa.edu.br\/cursos\/ppga\/?page_id=1139"},"modified":"2021-08-18T03:47:13","modified_gmt":"2021-08-18T03:47:13","slug":"egressos-turma-2018","status":"publish","type":"page","link":"https:\/\/cursos.unipampa.edu.br\/cursos\/ppga\/en\/egressos-turma-2018\/","title":{"rendered":"Masters Class 2018"},"content":{"rendered":"<p><\/p>\n<ul>\n<li><strong>BRUNA CORADINI NADER ADAM \u2013 <a href=\"http:\/\/lattes.cnpq.br\/9018916654815667\">Curr\u00edculo Lattes<\/a><\/strong><\/li>\n<\/ul>\n<p><strong>Dissertation:<\/strong> \u201cMudan\u00e7a institucional enquanto fator de desenvolvimento end\u00f3geno: uma an\u00e1lise em sistemas pecu\u00e1rios da Bacia do Rio Ibirapuit\u00e3 &#8211; RS\u201d <a href=\"https:\/\/cursos.unipampa.edu.br\/cursos\/ppga\/files\/2021\/02\/bruna-coradini-nader-adam.pdf\">\u00a0PDF<\/a><\/p>\n<ul>\n<li><strong>CACILDO DOS SANTOS MACHADO \u2013 <a href=\"http:\/\/lattes.cnpq.br\/9061629921480162\">Curr\u00edculo Lattes<\/a><\/strong><\/li>\n<\/ul>\n<p><strong>Dissertation:<\/strong> \u201cO papel da educa\u00e7\u00e3o no processo de desenvolvimento: uma an\u00e1lise dos Institutos T\u00e9cnicos Federais do Rio Grande do Sul\u201d \u00a0<a href=\"https:\/\/cursos.unipampa.edu.br\/cursos\/ppga\/files\/2021\/02\/cacildo-dos-santos-machado.pdf\">PDF<\/a><\/p>\n<ul>\n<li><strong>CRISTIANE FERREIRA DE SOUZA ARA\u00daJO \u2013 <a href=\"http:\/\/lattes.cnpq.br\/1793809651987155\">Curr\u00edculo Lattes<\/a><\/strong><\/li>\n<\/ul>\n<p><strong>Dissertation:<\/strong> \u201cRedes de poder: a governan\u00e7a na C\u00e2mara Municipal de Vereadores de Sant&#8217;Ana do Livramento\/RS a partir da an\u00e1lise de redes sociais.\u201d <a href=\"https:\/\/cursos.unipampa.edu.br\/cursos\/ppga\/files\/2021\/02\/cristiane-ferreira-de-souza-araujo.pdf\">\u00a0PDF<\/a><\/p>\n<ul>\n<li><strong>FERNANDA MOREIRA ARA\u00daJO <\/strong><strong>\u2013 <a href=\"http:\/\/lattes.cnpq.br\/7693410281440755\">Curr\u00edculo Lattes<\/a><\/strong><\/li>\n<\/ul>\n<p><strong>Dissertation:<\/strong> \u201cLojas francas do Brasil: um estudo sobre o processo de regulamenta\u00e7\u00e3o e implementa\u00e7\u00e3o.\u201d <a href=\"https:\/\/cursos.unipampa.edu.br\/cursos\/ppga\/files\/2021\/02\/fernanda-moreira-araujo.pdf\">\u00a0PDF<\/a><\/p>\n<ul>\n<li><strong>JO\u00c3O ROBERTO DE LIMA GAFFR\u00c9E <\/strong><strong>\u2013 <a href=\"http:\/\/lattes.cnpq.br\/1253066771326098\">Curr\u00edculo Lattes<\/a><\/strong><\/li>\n<\/ul>\n<p><strong>Dissertation:<\/strong> \u201cIntera\u00e7\u00e3o entre a sociedade e dados abertos: o que revelam os planos de dados abertos das universidades federais.\u201d <a href=\"https:\/\/cursos.unipampa.edu.br\/cursos\/ppga\/files\/2021\/02\/joao-roberto-de-lima-gaffree.pdf\">\u00a0PDF<\/a><\/p>\n<ul>\n<li><strong>LUISE BITTENCOURT PERES\u00a0 <\/strong><strong>\u2013 <a href=\"http:\/\/lattes.cnpq.br\/1561426796131538\">Curr\u00edculo Lattes<\/a><\/strong><\/li>\n<\/ul>\n<p><strong>Dissertation:<\/strong> \u201cO processo de inclus\u00e3o de refugiados e imigrantes nos cursos de gradua\u00e7\u00e3o das universidades federais da regi\u00e3o sul do Brasil &#8211; Conex\u00f5es entre migra\u00e7\u00f5es e desenvolvimento.\u201d <a href=\"https:\/\/cursos.unipampa.edu.br\/cursos\/ppga\/files\/2021\/02\/luise-bittencourt-peres.pdf\">\u00a0PDF<\/a><\/p>\n<ul>\n<li><strong>MAUREN CORR\u00caA DOS SANTOS BENITES <\/strong><strong>\u2013 <a href=\"http:\/\/lattes.cnpq.br\/6008217328633436\">Curr\u00edculo Lattes<\/a><\/strong><\/li>\n<\/ul>\n<p><strong>Dissertation:<\/strong> \u201cPr\u00e1ticas de sustentabilidade nos Institutos Federais de Educa\u00e7\u00e3o, Ci\u00eancia e Tecnologia brasileiros: um estudo dos planos de gest\u00e3o de log\u00edstica sustent\u00e1vel.\u201d <a href=\"https:\/\/cursos.unipampa.edu.br\/cursos\/ppga\/files\/2021\/02\/mauren-correa-dos-santos-benites.pdf\">\u00a0PDF<\/a><\/p>\n<ul>\n<li><strong>MICHEL RICHARD COSTA DE QUADROS <\/strong><strong>\u2013 <a href=\"http:\/\/lattes.cnpq.br\/2475292158740783\">Curr\u00edculo Lattes<\/a><\/strong><\/li>\n<\/ul>\n<p><strong>Dissertation:<\/strong> \u201cPr\u00e1ticas de sustentabilidade em organiza\u00e7\u00f5es universit\u00e1rias: um estudo nos campi da Universidade Federal do Pampa &#8211; Unipampa.\u201d <a href=\"https:\/\/cursos.unipampa.edu.br\/cursos\/ppga\/files\/2021\/02\/michel-richard-costa-de-quadros.pdf\">\u00a0PDF<\/a><\/p>\n<ul>\n<li><strong>MIKAELA DAIANE PRESTES FLORIANO \u2013 <a href=\"http:\/\/lattes.cnpq.br\/5967527965157798\">Curr\u00edculo Lattes<\/a><\/strong><\/li>\n<\/ul>\n<p><strong>Dissertation:<\/strong> \u201cViver e n\u00e3o postar&#8230; \u00e9 mesmo viver? Um estudo sobre o consumo materialista de experi\u00eancia a partir das motiva\u00e7\u00f5es de uso das redes sociais.\u201d <a href=\"https:\/\/cursos.unipampa.edu.br\/cursos\/ppga\/files\/2021\/02\/mikaela-daiane-prestes-floriano.pdf\">\u00a0PDF<\/a><\/p>\n<ul>\n<li><strong>RAFAEL MACHADO AMORIM <\/strong><strong>\u2013 <a href=\"http:\/\/lattes.cnpq.br\/8538974974922696\">Curr\u00edculo Lattes<\/a><\/strong><\/li>\n<\/ul>\n<p><strong>Dissertation:<\/strong> \u201cMeu celular, meu v\u00edcio: um estudo sobre depend\u00eancia de smartphone nos universit\u00e1rios das institui\u00e7\u00f5es p\u00fablicas de ensino superior do Brasil.\u201d <a href=\"https:\/\/cursos.unipampa.edu.br\/cursos\/ppga\/files\/2021\/02\/rafael-machado-amorim.pdf\">\u00a0PDF<\/a><\/p>\n<p>&nbsp;<\/p>","protected":false},"excerpt":{"rendered":"<p>BRUNA CORADINI NADER ADAM \u2013 Curr\u00edculo Lattes Dissertation: \u201cMudan\u00e7a institucional enquanto fator de desenvolvimento end\u00f3geno: uma an\u00e1lise em sistemas pecu\u00e1rios da Bacia do Rio Ibirapuit\u00e3 &#8211; RS\u201d \u00a0PDF CACILDO DOS SANTOS MACHADO \u2013 Curr\u00edculo Lattes Dissertation: \u201cO papel da educa\u00e7\u00e3o no processo de desenvolvimento: uma an\u00e1lise dos Institutos T\u00e9cnicos Federais do Rio Grande do Sul\u201d &hellip; <a href=\"https:\/\/cursos.unipampa.edu.br\/cursos\/ppga\/en\/egressos-turma-2018\/\" class=\"more-link\">Continue reading <span class=\"screen-reader-text\">Masters Class 2018<\/span> <span class=\"meta-nav\">&rarr;<\/span><\/a><\/p>\n","protected":false},"author":632,"featured_media":0,"parent":0,"menu_order":0,"comment_status":"closed","ping_status":"closed","template":"","meta":[],"_links":{"self":[{"href":"https:\/\/cursos.unipampa.edu.br\/cursos\/ppga\/en\/wp-json\/wp\/v2\/pages\/1139"}],"collection":[{"href":"https:\/\/cursos.unipampa.edu.br\/cursos\/ppga\/en\/wp-json\/wp\/v2\/pages"}],"about":[{"href":"https:\/\/cursos.unipampa.edu.br\/cursos\/ppga\/en\/wp-json\/wp\/v2\/types\/page"}],"author":[{"embeddable":true,"href":"https:\/\/cursos.unipampa.edu.br\/cursos\/ppga\/en\/wp-json\/wp\/v2\/users\/632"}],"replies":[{"embeddable":true,"href":"https:\/\/cursos.unipampa.edu.br\/cursos\/ppga\/en\/wp-json\/wp\/v2\/comments?post=1139"}],"version-history":[{"count":8,"href":"https:\/\/cursos.unipampa.edu.br\/cursos\/ppga\/en\/wp-json\/wp\/v2\/pages\/1139\/revisions"}],"predecessor-version":[{"id":1378,"href":"https:\/\/cursos.unipampa.edu.br\/cursos\/ppga\/en\/wp-json\/wp\/v2\/pages\/1139\/revisions\/1378"}],"wp:attachment":[{"href":"https:\/\/cursos.unipampa.edu.br\/cursos\/ppga\/en\/wp-json\/wp\/v2\/media?parent=1139"}],"curies":[{"name":"wp","href":"https:\/\/api.w.org\/{rel}","templated":true}]}}