
{"id":68,"date":"2011-04-15T16:38:26","date_gmt":"2011-04-15T19:38:26","guid":{"rendered":"http:\/\/cursos.unipampa.edu.br\/cursos\/ppeng\/?page_id=68"},"modified":"2021-03-29T11:11:51","modified_gmt":"2021-03-29T14:11:51","slug":"processo-seletivo-para-ingresso-2020-01","status":"publish","type":"page","link":"https:\/\/cursos.unipampa.edu.br\/cursos\/ppeng\/es\/processo-seletivo-para-ingresso-2020-01\/","title":{"rendered":"PROCESO DE SELECCI\u00d3N PARA EL INGRESO 2020\/01"},"content":{"rendered":"<p><\/p>\n<p style=\"text-align: justify\">La Fundaci\u00f3n de la Universidade Federal do Pampa- Unipampa, torna p\u00fablico el edital de ingreso de estudiantes al programa de Maestr\u00eda Acad\u00e9mica en Ingenier\u00eda (PPEng) para admisi\u00f3n en 2021\/01.<\/p>\n<h5 style=\"text-align: center\"><a href=\"https:\/\/cursos.unipampa.edu.br\/cursos\/ppeng\/files\/2021\/03\/homologacoes_final.pdf\">INSCRI\u00c7\u00d5ES HOMOLOGADAS NA CHAMADA P\u00daBLICA PARA SELE\u00c7\u00c3O DE ALUNOS<\/a><br \/>\nEM REGIME ESPECIAL PARA O PROGRAMA DE P\u00d3S-GRADUA\u00c7\u00c3O EM ENGENHARIA<br \/>\n(PPEng) &#8211; 1\u00b0 SEMESTRE\/2021<\/h5>\n<h5 style=\"text-align: center\"><a href=\"https:\/\/cursos.unipampa.edu.br\/cursos\/ppeng\/files\/2021\/03\/homologacoes_2021_1.pdf\"><strong>RESULTADO DA CHAMADA P\u00daBLICA DE SELE\u00c7\u00c3O DE ALUNOS EM REGIME ESPECIAL<\/strong><\/a><\/h5>\n<h6 style=\"text-align: center\"><a href=\"https:\/\/cursos.unipampa.edu.br\/cursos\/ppeng\/files\/2021\/03\/chamada_2021-1.pdf\">CHAMADA P\u00daBLICA PARA SELE\u00c7\u00c3O DE ALUNOS EM REGIME ESPECIAL PARA O<br \/>\nPROGRAMA DE P\u00d3S-GRADUA\u00c7\u00c3O EM ENGENHARIA (PPEng) &#8211; 1\u00ba SEMESTRE\/2021Chamada<\/a><\/h6>\n<h1 style=\"text-align: center\"><a href=\"https:\/\/cursos.unipampa.edu.br\/cursos\/ppeng\/files\/2021\/03\/resultados-finais-edital-381.pdf\">Resultado Final &#8211; Edital 381\/2020<\/a><\/h1>\n<h4 style=\"text-align: center\"><a href=\"https:\/\/cursos.unipampa.edu.br\/cursos\/ppeng\/files\/2021\/03\/resultados-preliminares-edital-381_2.pdf\">Resultado Preliminar &#8211; Edital 381\/2020<\/a><\/h4>\n<h4 style=\"text-align: center\"><a href=\"https:\/\/cursos.unipampa.edu.br\/cursos\/ppeng\/files\/2021\/02\/cronograma-e-criterios-de-defesa-do-pre-projeto.pdf\">Cronograma e crit\u00e9rios de defesa do pr\u00e9-projeto de pesquisa: Edital 381\/2020<\/a><\/h4>\n<h4 style=\"text-align: center\"><a href=\"https:\/\/cursos.unipampa.edu.br\/cursos\/ppeng\/files\/2021\/02\/homologacao-final.pdf\"><b>HOMOLOGA\u00c7\u00c3O FINAL DOS CANDIDATOS<\/b><\/a><\/h4>\n<h4 style=\"text-align: center\"><a href=\"https:\/\/cursos.unipampa.edu.br\/cursos\/ppeng\/files\/2021\/02\/membros-da-comissao-de-selecao-do-edital-no-381.pdf\"><b>MEMBROS DA COMISS\u00c3O DE SELE\u00c7\u00c3O<\/b><\/a><\/h4>\n<h6 style=\"text-align: center\"><a href=\"https:\/\/cursos.unipampa.edu.br\/cursos\/ppeng\/files\/2021\/02\/inscricoes-homologados-no-edital-no-381.pdf\">INSCRI\u00c7\u00d5ES HOMOLOGADAS NO EDITAL N\u00ba 381<\/a><\/h6>\n<h5 style=\"text-align: center\"><a href=\"https:\/\/cursos.unipampa.edu.br\/cursos\/ppeng\/files\/2020\/12\/edital_de_-selecao_ppeng_2021-1.pdf\">EDITAL DE PROCESSO SELETIVO PARA INGRESSO DE DISCENTES PROGRAMA DE P\u00d3S-GRADUA\u00c7\u00c3O EM ENGENHARIA MESTRADO ACAD\u00caMICO &#8211; 1\u00ba SEMESTRE\/2021<\/a><\/h5>\n<p style=\"text-align: center\"><strong>ATEN\u00c7\u00c3O: INSCRI\u00c7\u00d5ES AT\u00c9 05\/02\/2021<\/strong><\/p>\n<p><\/p>","protected":false},"excerpt":{"rendered":"<p>La Fundaci\u00f3n de la Universidade Federal do Pampa- Unipampa, torna p\u00fablico el edital de ingreso de estudiantes al programa de Maestr\u00eda Acad\u00e9mica en Ingenier\u00eda (PPEng) para admisi\u00f3n en 2021\/01. INSCRI\u00c7\u00d5ES HOMOLOGADAS NA CHAMADA P\u00daBLICA PARA SELE\u00c7\u00c3O DE ALUNOS EM REGIME ESPECIAL PARA O PROGRAMA DE P\u00d3S-GRADUA\u00c7\u00c3O EM ENGENHARIA (PPEng) &#8211; 1\u00b0 SEMESTRE\/2021 RESULTADO DA CHAMADA [&hellip;]<\/p>\n","protected":false},"author":181,"featured_media":0,"parent":0,"menu_order":14,"comment_status":"open","ping_status":"closed","template":"","meta":[],"_links":{"self":[{"href":"https:\/\/cursos.unipampa.edu.br\/cursos\/ppeng\/es\/wp-json\/wp\/v2\/pages\/68"}],"collection":[{"href":"https:\/\/cursos.unipampa.edu.br\/cursos\/ppeng\/es\/wp-json\/wp\/v2\/pages"}],"about":[{"href":"https:\/\/cursos.unipampa.edu.br\/cursos\/ppeng\/es\/wp-json\/wp\/v2\/types\/page"}],"author":[{"embeddable":true,"href":"https:\/\/cursos.unipampa.edu.br\/cursos\/ppeng\/es\/wp-json\/wp\/v2\/users\/181"}],"replies":[{"embeddable":true,"href":"https:\/\/cursos.unipampa.edu.br\/cursos\/ppeng\/es\/wp-json\/wp\/v2\/comments?post=68"}],"version-history":[{"count":80,"href":"https:\/\/cursos.unipampa.edu.br\/cursos\/ppeng\/es\/wp-json\/wp\/v2\/pages\/68\/revisions"}],"predecessor-version":[{"id":2000,"href":"https:\/\/cursos.unipampa.edu.br\/cursos\/ppeng\/es\/wp-json\/wp\/v2\/pages\/68\/revisions\/2000"}],"wp:attachment":[{"href":"https:\/\/cursos.unipampa.edu.br\/cursos\/ppeng\/es\/wp-json\/wp\/v2\/media?parent=68"}],"curies":[{"name":"wp","href":"https:\/\/api.w.org\/{rel}","templated":true}]}}