
{"id":55,"date":"2013-08-27T14:21:18","date_gmt":"2013-08-27T17:21:18","guid":{"rendered":"http:\/\/cursos.unipampa.edu.br\/cursos\/ppeng\/?page_id=55"},"modified":"2026-03-06T09:29:21","modified_gmt":"2026-03-06T12:29:21","slug":"normas","status":"publish","type":"page","link":"https:\/\/cursos.unipampa.edu.br\/cursos\/ppeng\/es\/normas\/","title":{"rendered":"Normas y Formularios"},"content":{"rendered":"<p><\/p>\n<h2><strong>NORMAS<\/strong><\/h2>\n<hr \/>\n<ul>\n<li style=\"list-style-type: none\">\n<ul>\n<li>\n<h4>CAPES<\/h4>\n<\/li>\n<\/ul>\n<\/li>\n<\/ul>\n<p style=\"padding-left: 80px\"><strong>&#8211;\u00a0<a href=\"https:\/\/cursos.unipampa.edu.br\/cursos\/ppeng\/files\/2011\/04\/Port_76_DS_2010-da-CAPES-sobre-Bolsas.pdf\" target=\"_blank\" rel=\"noopener noreferrer\">Regulamento do Programa Demanda Social (Bolsas DS &#8211; CAPES)<\/a><\/strong><\/p>\n<hr \/>\n<ul>\n<li style=\"list-style-type: none\">\n<ul>\n<li>\n<h4><strong>UNIPAMPA<\/strong><\/h4>\n<\/li>\n<\/ul>\n<\/li>\n<\/ul>\n<p style=\"padding-left: 80px\"><strong>&#8211;\u00a0<a href=\"https:\/\/sites.unipampa.edu.br\/prpg\/normas-da-pos-graduacao\/\">Normas de P\u00f3s-Gradua\u00e7\u00e3o\u00a0<em>stricto sensu<\/em><\/a><\/strong><\/p>\n<p style=\"padding-left: 80px\">&#8211; <a href=\"https:\/\/sites.unipampa.edu.br\/sisbi\/files\/2021\/07\/manual-de-normalizacao-de-trabalhos-academicos.pdf\"><strong>Normas de Escrita de Disserta\u00e7\u00e3o e Tese<\/strong><\/a><\/p>\n<hr \/>\n<ul>\n<li style=\"list-style-type: none\">\n<ul>\n<li>\n<h4><strong>PPEng<\/strong><\/h4>\n<\/li>\n<\/ul>\n<\/li>\n<\/ul>\n<p style=\"padding-left: 80px\"><strong>&#8211;\u00a0<\/strong><a href=\"https:\/\/cursos.unipampa.edu.br\/cursos\/ppeng\/files\/2017\/10\/novo-regimento-ppeng-2016.pdf\"><strong>Regimento PPEng <\/strong><\/a>\u00a0(<a href=\"https:\/\/cursos.unipampa.edu.br\/cursos\/ppeng\/files\/2020\/09\/data-de-aprovacao-do-regimento-do-ppeng.pdf\">ata de aprova\u00e7\u00e3o do regimento<\/a>)<\/p>\n<p style=\"padding-left: 80px\"><strong>&#8211; <a href=\"https:\/\/cursos.unipampa.edu.br\/cursos\/ppeng\/files\/2013\/08\/Resolucao-01-2015-PPEng-credenciamento.pdf\">Resolu\u00e7\u00e3o PPEng 01\/2015<\/a>\u00a0<\/strong>&#8211; Credenciamento e Descredenciamento de Docentes no PPEng<\/p>\n<p style=\"padding-left: 80px\"><strong>&#8211; <a href=\"https:\/\/cursos.unipampa.edu.br\/cursos\/ppeng\/files\/2022\/06\/regras-para-ranquemento-dos-discentes.pdf\">Regras para Distribui\u00e7\u00e3o de Bolsas<\/a><\/strong><\/p>\n<h3><\/h3>\n<hr \/>\n<h2><strong>FORMUL\u00c1RIOS\u00a0<\/strong><\/h2>\n<hr \/>\n<ul>\n<li style=\"list-style-type: none\">\n<ul>\n<li>\n<h4>DISPENSA DE DISCIPLINAS<\/h4>\n<\/li>\n<\/ul>\n<\/li>\n<\/ul>\n<p style=\"padding-left: 80px\"><strong>&#8211;\u00a0<a href=\"https:\/\/cursos.unipampa.edu.br\/cursos\/ppeng\/files\/2022\/02\/requerimento-dispensa-de-disciplinas-na-pos-graduacao.doc\"> Requerimento para Solicita\u00e7\u00e3o de Dispensa de Disciplinas<\/a><\/strong><\/p>\n<hr \/>\n<ul>\n<li style=\"list-style-type: none\">\n<ul>\n<li>\n<h4>PLANO DE ESTUDOS<\/h4>\n<\/li>\n<\/ul>\n<\/li>\n<\/ul>\n<p style=\"padding-left: 80px\"><strong>&#8211;\u00a0 <a href=\"https:\/\/cursos.unipampa.edu.br\/cursos\/ppeng\/files\/2021\/11\/plano-de-estudos.docx\">Formul\u00e1rio de Plano de Estudos<\/a><\/strong><\/p>\n<hr \/>\n<ul>\n<li style=\"list-style-type: none\">\n<ul>\n<li>\n<h4>EST\u00c1GIO EM DOC\u00caNCIA<\/h4>\n<\/li>\n<\/ul>\n<\/li>\n<\/ul>\n<p style=\"padding-left: 80px\"><strong>&#8211; <a href=\"https:\/\/cursos.unipampa.edu.br\/cursos\/ppeng\/files\/2022\/02\/estagio-docencia-anexo-i-2.docx\">Anexo I &#8211; Plano de Est\u00e1gio em Doc\u00eancia I<\/a><\/strong><\/p>\n<p style=\"padding-left: 80px\"><strong>&#8211; <a href=\"https:\/\/cursos.unipampa.edu.br\/cursos\/ppeng\/files\/2022\/02\/estagio-docencia-anexo-ii.docx\">Anexo II &#8211; Relat\u00f3rio de Est\u00e1gio em Doc\u00eancia II<\/a><\/strong><\/p>\n<hr \/>\n<ul>\n<li style=\"list-style-type: none\">\n<ul>\n<li>\n<h4><strong>ESTUDOS DIRIGIDOS<\/strong><\/h4>\n<\/li>\n<\/ul>\n<\/li>\n<\/ul>\n<p style=\"padding-left: 80px\"><strong>&#8211;\u00a0 <a href=\"https:\/\/cursos.unipampa.edu.br\/cursos\/ppeng\/files\/2022\/02\/estudos-dirigidos.docx\">Plano de Estudo Dirigidos<\/a><\/strong><\/p>\n<hr \/>\n<ul>\n<li style=\"list-style-type: none\">\n<ul>\n<li>\n<h4><strong>SOLICITA\u00c7\u00c3O DE PRORROGA\u00c7\u00c3O DE PRAZO<\/strong><\/h4>\n<\/li>\n<\/ul>\n<\/li>\n<\/ul>\n<p style=\"padding-left: 80px\"><strong>&#8211;\u00a0 <a href=\"https:\/\/cursos.unipampa.edu.br\/cursos\/ppeng\/files\/2022\/02\/prorrogacao-de-prazo.docx\">Formul\u00e1rio de Solicita\u00e7\u00e3o de Prorroga\u00e7\u00e3o de Prazo<\/a><\/strong><\/p>\n<hr \/>\n<ul>\n<li style=\"list-style-type: none\">\n<ul>\n<li>\n<h4><strong>CONTROLE DE PARTICIPA\u00c7\u00c3O EM EVENTOS ACAD\u00caMICOS<\/strong><\/h4>\n<\/li>\n<\/ul>\n<\/li>\n<\/ul>\n<p style=\"padding-left: 80px\"><strong>&#8211;\u00a0 <a href=\"https:\/\/cursos.unipampa.edu.br\/cursos\/ppeng\/files\/2021\/11\/planilha-de-controle-do-discente.docx\">Planilha de Controle de Participa\u00e7\u00e3o em Eventos Acad\u00eamicos<\/a><\/strong><\/p>\n<hr \/>\n<ul>\n<li style=\"list-style-type: none\">\n<ul>\n<li>\n<h4>\u200bAUX\u00cdLIO \u00c0 PARTICIPA\u00c7\u00c3O EM EVENTOS<\/h4>\n<\/li>\n<\/ul>\n<\/li>\n<\/ul>\n<p style=\"padding-left: 80px\"><strong>&#8211; <a href=\"https:\/\/cursos.unipampa.edu.br\/cursos\/ppeng\/files\/2014\/09\/Formul%C3%A1rio_Concess%C3%A3o_de_Auxilio_Financeiro_a_Estudantes_eventos.doc\" target=\"_blank\" rel=\"noopener noreferrer\">Formul\u00e1rio de Concess\u00e3o de Aux\u00edlio Financeiro a Estudantes (eventos)<\/a><\/strong><\/p>\n<hr \/>\n<ul>\n<li style=\"list-style-type: none\">\n<ul>\n<li>\n<h4>REQUERIMENTO DE SOD<\/h4>\n<\/li>\n<\/ul>\n<\/li>\n<\/ul>\n<p style=\"padding-left: 80px\"><strong>&#8211; <a href=\"https:\/\/cursos.unipampa.edu.br\/cursos\/ppeng\/files\/2021\/02\/requerimento_de_ajuste_de_matricula_atual.docx\">Formul\u00e1rio de Requimento SOD<\/a><\/strong><\/p>\n<hr \/>\n<ul>\n<li style=\"list-style-type: none\">\n<ul>\n<li>\n<h4><strong>CREDENCIAMENTO E DESCREDENCIAMENTO DOCENTE<\/strong><\/h4>\n<\/li>\n<\/ul>\n<\/li>\n<\/ul>\n<p style=\"padding-left: 80px\"><strong>&#8211; <a href=\"http:\/\/sites.unipampa.edu.br\/prpg\/files\/2012\/07\/Formul%C3%A1rio-de-Solicita%C3%A7%C3%A3o-de-Credenciamento-Docente1.doc\">Formul\u00e1rio de Solicita\u00e7\u00e3o de Credenciamento Docente<\/a><\/strong><\/p>\n<p style=\"padding-left: 80px\"><strong>&#8211; <a href=\"http:\/\/sites.unipampa.edu.br\/prpg\/files\/2012\/07\/Formul%C3%A1rio-de-Solicita%C3%A7%C3%A3o-de-Descredenciamento-Docente1.doc\">Formul\u00e1rio de Solicita\u00e7\u00e3o de Descredenciamento Docente<\/a><\/strong><\/p>\n<p style=\"padding-left: 80px\"><strong>&#8211; <a href=\"http:\/\/sites.unipampa.edu.br\/prpg\/files\/2012\/07\/Formul%C3%A1rio-de-ALTERA%C3%87%C3%83O-de-Credenciamento-Docente1.doc\">Formul\u00e1rio de Altera\u00e7\u00e3o de Credenciamento Docente<\/a><\/strong><\/p>\n<hr \/>\n<ul>\n<li style=\"list-style-type: none\">\n<ul>\n<li>\n<h4><strong>PROFICI\u00caNCIA EM L\u00cdNGUA INGLESA<\/strong><\/h4>\n<\/li>\n<\/ul>\n<\/li>\n<\/ul>\n<p style=\"padding-left: 80px\">Nota m\u00ednima do TOEFL-ITP 460 pontos (decidido na Reuni\u00e3o de Conselho do PPEng de 04\/11\/2015, Ata 23\/2015)<\/p>\n<p style=\"padding-left: 80px\">Ser\u00e3o v\u00e1lidos os exames de profici\u00eancia em ingl\u00eas realizados em qualquer <strong>Universidade Federal<\/strong>, decis\u00e3o homologa na Reuni\u00e3o de Conselho do PPEng de 04\/04\/2017, Ata 06\/2017.<\/p>\n<hr \/>\n<h2>FLUXOS<\/h2>\n<hr \/>\n<ul>\n<li style=\"list-style-type: none\">\n<ul>\n<li>\n<h4>PROCEDIMENTOS DE SOLICITA\u00c7\u00d5ES DIVERSAS<\/h4>\n<ul>\n<li style=\"list-style-type: none\">\n<ul>\n<li style=\"list-style-type: none\">&#8211;<strong> <a href=\"https:\/\/cursos.unipampa.edu.br\/cursos\/ppeng\/files\/2022\/02\/fluxos-sei.pdf\">Fluxos de solicita\u00e7\u00e3o para realiza\u00e7\u00e3o das etapas obrigat\u00f3rias<\/a><\/strong><\/li>\n<\/ul>\n<\/li>\n<\/ul>\n<\/li>\n<\/ul>\n<\/li>\n<\/ul>\n<p>&nbsp;<\/p>\n<ul>\n<li style=\"list-style-type: none\">\n<ul>\n<li>\n<h4>PROCEDIMENTOS PARA DEFESA E DIPLOMA\u00c7\u00c3O<\/h4>\n<\/li>\n<\/ul>\n<\/li>\n<\/ul>\n<p style=\"padding-left: 80px\"><strong>&#8211; <a href=\"https:\/\/cursos.unipampa.edu.br\/cursos\/ppeng\/files\/2021\/11\/procedimento-para-defesa-de-dissertacao-tese-e-diplomacao-via-sei.pdf\">Procedimentos para Solicita\u00e7\u00e3o de Defesa e Diploma\u00e7\u00e3o<\/a><\/strong><\/p>\n<p>&nbsp;<\/p>\n<p>&nbsp;<\/p>\n<p>&nbsp;<\/p>\n<hr \/>\n<hr \/>\n<h2>GUIAS<\/h2>\n<p>&nbsp;<\/p>\n<ul>\n<li><a href=\"https:\/\/cursos.unipampa.edu.br\/cursos\/ppeng\/files\/2022\/06\/cartilha-alunos-ppeng_calend-academ.pdf\">Guia do(a) Discente de Mestrado do PPEng<\/a><\/li>\n<\/ul>\n<p>&nbsp;<\/p>\n<p>&nbsp;<\/p>","protected":false},"excerpt":{"rendered":"<p>NORMAS CAPES &#8211;\u00a0Regulamento do Programa Demanda Social (Bolsas DS &#8211; CAPES) UNIPAMPA &#8211;\u00a0Normas de P\u00f3s-Gradua\u00e7\u00e3o\u00a0stricto sensu &#8211; Normas de Escrita de Disserta\u00e7\u00e3o e Tese PPEng &#8211;\u00a0Regimento PPEng \u00a0(ata de aprova\u00e7\u00e3o do regimento) &#8211; Resolu\u00e7\u00e3o PPEng 01\/2015\u00a0&#8211; Credenciamento e Descredenciamento de Docentes no PPEng &#8211; Regras para Distribui\u00e7\u00e3o de Bolsas FORMUL\u00c1RIOS\u00a0 DISPENSA DE DISCIPLINAS &#8211;\u00a0 Requerimento [&hellip;]<\/p>\n","protected":false},"author":181,"featured_media":3133,"parent":0,"menu_order":12,"comment_status":"open","ping_status":"open","template":"","meta":[],"_links":{"self":[{"href":"https:\/\/cursos.unipampa.edu.br\/cursos\/ppeng\/es\/wp-json\/wp\/v2\/pages\/55"}],"collection":[{"href":"https:\/\/cursos.unipampa.edu.br\/cursos\/ppeng\/es\/wp-json\/wp\/v2\/pages"}],"about":[{"href":"https:\/\/cursos.unipampa.edu.br\/cursos\/ppeng\/es\/wp-json\/wp\/v2\/types\/page"}],"author":[{"embeddable":true,"href":"https:\/\/cursos.unipampa.edu.br\/cursos\/ppeng\/es\/wp-json\/wp\/v2\/users\/181"}],"replies":[{"embeddable":true,"href":"https:\/\/cursos.unipampa.edu.br\/cursos\/ppeng\/es\/wp-json\/wp\/v2\/comments?post=55"}],"version-history":[{"count":185,"href":"https:\/\/cursos.unipampa.edu.br\/cursos\/ppeng\/es\/wp-json\/wp\/v2\/pages\/55\/revisions"}],"predecessor-version":[{"id":4318,"href":"https:\/\/cursos.unipampa.edu.br\/cursos\/ppeng\/es\/wp-json\/wp\/v2\/pages\/55\/revisions\/4318"}],"wp:featuredmedia":[{"embeddable":true,"href":"https:\/\/cursos.unipampa.edu.br\/cursos\/ppeng\/es\/wp-json\/wp\/v2\/media\/3133"}],"wp:attachment":[{"href":"https:\/\/cursos.unipampa.edu.br\/cursos\/ppeng\/es\/wp-json\/wp\/v2\/media?parent=55"}],"curies":[{"name":"wp","href":"https:\/\/api.w.org\/{rel}","templated":true}]}}