
{"id":46,"date":"2011-04-04T10:41:31","date_gmt":"2011-04-04T13:41:31","guid":{"rendered":"http:\/\/cursos.unipampa.edu.br\/cursos\/ppeng\/?page_id=46"},"modified":"2025-08-19T09:47:01","modified_gmt":"2025-08-19T12:47:01","slug":"comissao-coordenadora","status":"publish","type":"page","link":"https:\/\/cursos.unipampa.edu.br\/cursos\/ppeng\/es\/comissao-coordenadora\/","title":{"rendered":"Comisi\u00f3n Cordenadora"},"content":{"rendered":"<p><strong>COMISS\u00c3O COORDENADORA DO PPEng<\/strong><\/p>\n<p>A Comiss\u00e3o Coordenadora do Programa de P\u00f3s-Gradua\u00e7\u00e3o em Engenharia\u00a0(PPEng) da UNIPAMPA \u00e9 composta pelos seguintes membros:<\/p>\n<p>&#8211; Coordenador: Prof. Dr.\u00a0 <a style=\"color: #41a62a\" href=\"http:\/\/lattes.cnpq.br\/5788352453565121\">Jacson Weber de Menezes<\/a><\/p>\n<p>&#8211; Coordenador Substituto:Prof. Dr.\u00a0<a style=\"color: #41a62a\" href=\"http:\/\/lattes.cnpq.br\/9084066665891488\">Luis Eduardo Kostesli<\/a><\/p>\n<p>&#8211; Docente Permanente: Prof. Dr\u00aa. <a href=\"http:\/\/lattes.cnpq.br\/1681384408424641\">Chiara Valsecchi<\/a><\/p>\n<p>&#8211; Docente Permanente: Prof. Dr.\u00a0 \u00a0<a style=\"color: #41a62a\" href=\"http:\/\/lattes.cnpq.br\/7171227119525859\">Felipe Denardin Costa<\/a><\/p>\n<p>&#8211; T\u00e9cnico-administrativo:\u00a0 Dieison Gabbi Fantineli<\/p>\n<p>&#8211; Representante discente: Fabiano Garcia de Oliveira<\/p>","protected":false},"excerpt":{"rendered":"<p>COMISS\u00c3O COORDENADORA DO PPEng A Comiss\u00e3o Coordenadora do Programa de P\u00f3s-Gradua\u00e7\u00e3o em Engenharia\u00a0(PPEng) da UNIPAMPA \u00e9 composta pelos seguintes membros: &#8211; Coordenador: Prof. Dr.\u00a0 Jacson Weber de Menezes &#8211; Coordenador Substituto:Prof. Dr.\u00a0Luis Eduardo Kostesli &#8211; Docente Permanente: Prof. Dr\u00aa. Chiara Valsecchi &#8211; Docente Permanente: Prof. Dr.\u00a0 \u00a0Felipe Denardin Costa &#8211; T\u00e9cnico-administrativo:\u00a0 Dieison Gabbi Fantineli &#8211; [&hellip;]<\/p>\n","protected":false},"author":181,"featured_media":0,"parent":0,"menu_order":3,"comment_status":"open","ping_status":"open","template":"","meta":[],"_links":{"self":[{"href":"https:\/\/cursos.unipampa.edu.br\/cursos\/ppeng\/es\/wp-json\/wp\/v2\/pages\/46"}],"collection":[{"href":"https:\/\/cursos.unipampa.edu.br\/cursos\/ppeng\/es\/wp-json\/wp\/v2\/pages"}],"about":[{"href":"https:\/\/cursos.unipampa.edu.br\/cursos\/ppeng\/es\/wp-json\/wp\/v2\/types\/page"}],"author":[{"embeddable":true,"href":"https:\/\/cursos.unipampa.edu.br\/cursos\/ppeng\/es\/wp-json\/wp\/v2\/users\/181"}],"replies":[{"embeddable":true,"href":"https:\/\/cursos.unipampa.edu.br\/cursos\/ppeng\/es\/wp-json\/wp\/v2\/comments?post=46"}],"version-history":[{"count":27,"href":"https:\/\/cursos.unipampa.edu.br\/cursos\/ppeng\/es\/wp-json\/wp\/v2\/pages\/46\/revisions"}],"predecessor-version":[{"id":4059,"href":"https:\/\/cursos.unipampa.edu.br\/cursos\/ppeng\/es\/wp-json\/wp\/v2\/pages\/46\/revisions\/4059"}],"wp:attachment":[{"href":"https:\/\/cursos.unipampa.edu.br\/cursos\/ppeng\/es\/wp-json\/wp\/v2\/media?parent=46"}],"curies":[{"name":"wp","href":"https:\/\/api.w.org\/{rel}","templated":true}]}}