
{"id":3866,"date":"2025-07-14T19:47:17","date_gmt":"2025-07-14T22:47:17","guid":{"rendered":"https:\/\/cursos.unipampa.edu.br\/cursos\/ppeng\/?page_id=3866"},"modified":"2025-08-12T16:56:24","modified_gmt":"2025-08-12T19:56:24","slug":"disciplinas-2","status":"publish","type":"page","link":"https:\/\/cursos.unipampa.edu.br\/cursos\/ppeng\/es\/disciplinas-2\/","title":{"rendered":"Disciplinas"},"content":{"rendered":"<p class=\"qtranxs-available-languages-message qtranxs-available-languages-message-es\">Disculpa, pero esta entrada est\u00e1 disponible s\u00f3lo en <a href=\"https:\/\/cursos.unipampa.edu.br\/cursos\/ppeng\/pb\/wp-json\/wp\/v2\/pages\/3866\" class=\"qtranxs-available-language-link qtranxs-available-language-link-pb\" title=\"Portugu\u00eas\">Portugu\u00e9s De Brasil<\/a>.<\/p>","protected":false},"excerpt":{"rendered":"<p>Disculpa, pero esta entrada est\u00e1 disponible s\u00f3lo en Portugu\u00e9s De Brasil.<\/p>\n","protected":false},"author":1087,"featured_media":0,"parent":0,"menu_order":0,"comment_status":"closed","ping_status":"closed","template":"","meta":[],"_links":{"self":[{"href":"https:\/\/cursos.unipampa.edu.br\/cursos\/ppeng\/es\/wp-json\/wp\/v2\/pages\/3866"}],"collection":[{"href":"https:\/\/cursos.unipampa.edu.br\/cursos\/ppeng\/es\/wp-json\/wp\/v2\/pages"}],"about":[{"href":"https:\/\/cursos.unipampa.edu.br\/cursos\/ppeng\/es\/wp-json\/wp\/v2\/types\/page"}],"author":[{"embeddable":true,"href":"https:\/\/cursos.unipampa.edu.br\/cursos\/ppeng\/es\/wp-json\/wp\/v2\/users\/1087"}],"replies":[{"embeddable":true,"href":"https:\/\/cursos.unipampa.edu.br\/cursos\/ppeng\/es\/wp-json\/wp\/v2\/comments?post=3866"}],"version-history":[{"count":3,"href":"https:\/\/cursos.unipampa.edu.br\/cursos\/ppeng\/es\/wp-json\/wp\/v2\/pages\/3866\/revisions"}],"predecessor-version":[{"id":4002,"href":"https:\/\/cursos.unipampa.edu.br\/cursos\/ppeng\/es\/wp-json\/wp\/v2\/pages\/3866\/revisions\/4002"}],"wp:attachment":[{"href":"https:\/\/cursos.unipampa.edu.br\/cursos\/ppeng\/es\/wp-json\/wp\/v2\/media?parent=3866"}],"curies":[{"name":"wp","href":"https:\/\/api.w.org\/{rel}","templated":true}]}}