
{"id":36,"date":"2011-03-05T11:23:46","date_gmt":"2011-03-05T14:23:46","guid":{"rendered":"http:\/\/cursos.unipampa.edu.br\/cursos\/ppeng\/?page_id=36"},"modified":"2025-07-22T10:16:31","modified_gmt":"2025-07-22T13:16:31","slug":"contatos-2","status":"publish","type":"page","link":"https:\/\/cursos.unipampa.edu.br\/cursos\/ppeng\/es\/contatos-2\/","title":{"rendered":"Contatos"},"content":{"rendered":"<p><\/p>\n<h2>Coordenador PPEng:<\/h2>\n<p>Prof. Dr. Jacson Weber de Menezes<br \/>\nE-mail: <a href=\"mailto:ppeng@unipampa.edu.br\">ppeng@unipampa.edu.br<\/a><\/p>\n<h2>Secretaria PPEng:<\/h2>\n<p>T\u00e1bata dos Santos Fioravanti<br \/>\nAssist. Adm P\u00f3s Gradua\u00e7\u00e3o Campus Alegrete<br \/>\nE-mails: <a href=\"mailto:sec.pos.alegrete@unipampa.edu.br\">sec.pos.alegrete@unipampa.edu.br<\/a><\/p>\n<h2>Endere\u00e7o postal:<\/h2>\n<p>Universidade Federal do Pampa \u2013 Campus Alegrete<br \/>\nAvenida Tiaraju, n\u00ba 810 \u2013 Bairro Ibirapuit\u00e3<br \/>\nCEP 97546-550\u00a0 \u2013 Alegrete (RS) \u2013 Brasil<\/p>\n<h2>Telefone:\u00a0\u00a0\u00a0(55) 3421-8400<\/h2>\n<p><\/p>","protected":false},"excerpt":{"rendered":"<p>Coordenador PPEng: Prof. Dr. Jacson Weber de Menezes E-mail: ppeng@unipampa.edu.br Secretaria PPEng: T\u00e1bata dos Santos Fioravanti Assist. Adm P\u00f3s Gradua\u00e7\u00e3o Campus Alegrete E-mails: sec.pos.alegrete@unipampa.edu.br Endere\u00e7o postal: Universidade Federal do Pampa \u2013 Campus Alegrete Avenida Tiaraju, n\u00ba 810 \u2013 Bairro Ibirapuit\u00e3 CEP 97546-550\u00a0 \u2013 Alegrete (RS) \u2013 Brasil Telefone:\u00a0\u00a0\u00a0(55) 3421-8400<\/p>\n","protected":false},"author":181,"featured_media":0,"parent":0,"menu_order":50,"comment_status":"open","ping_status":"open","template":"","meta":[],"_links":{"self":[{"href":"https:\/\/cursos.unipampa.edu.br\/cursos\/ppeng\/es\/wp-json\/wp\/v2\/pages\/36"}],"collection":[{"href":"https:\/\/cursos.unipampa.edu.br\/cursos\/ppeng\/es\/wp-json\/wp\/v2\/pages"}],"about":[{"href":"https:\/\/cursos.unipampa.edu.br\/cursos\/ppeng\/es\/wp-json\/wp\/v2\/types\/page"}],"author":[{"embeddable":true,"href":"https:\/\/cursos.unipampa.edu.br\/cursos\/ppeng\/es\/wp-json\/wp\/v2\/users\/181"}],"replies":[{"embeddable":true,"href":"https:\/\/cursos.unipampa.edu.br\/cursos\/ppeng\/es\/wp-json\/wp\/v2\/comments?post=36"}],"version-history":[{"count":26,"href":"https:\/\/cursos.unipampa.edu.br\/cursos\/ppeng\/es\/wp-json\/wp\/v2\/pages\/36\/revisions"}],"predecessor-version":[{"id":3921,"href":"https:\/\/cursos.unipampa.edu.br\/cursos\/ppeng\/es\/wp-json\/wp\/v2\/pages\/36\/revisions\/3921"}],"wp:attachment":[{"href":"https:\/\/cursos.unipampa.edu.br\/cursos\/ppeng\/es\/wp-json\/wp\/v2\/media?parent=36"}],"curies":[{"name":"wp","href":"https:\/\/api.w.org\/{rel}","templated":true}]}}