
{"id":3411,"date":"2024-05-31T14:27:52","date_gmt":"2024-05-31T17:27:52","guid":{"rendered":"https:\/\/cursos.unipampa.edu.br\/cursos\/ppeng\/?page_id=3411"},"modified":"2024-05-31T14:29:26","modified_gmt":"2024-05-31T17:29:26","slug":"trash","status":"publish","type":"page","link":"https:\/\/cursos.unipampa.edu.br\/cursos\/ppeng\/es\/trash\/","title":{"rendered":"trash"},"content":{"rendered":"<p><\/p>\n<h3><a href=\"https:\/\/cursos.unipampa.edu.br\/cursos\/ppeng\/files\/2024\/03\/ranking-bolsas-1-2024.pdf\">Ranking para concess\u00e3o de bolsas PPEng &#8211; Semestre 1\/2024<\/a><\/h3>\n<h3>Chamada para ingresso de alunos em regime especial!!!!<\/h3>\n<h3>Per\u00edodo de inscri\u00e7\u00f5es 11\/03\/2024 at\u00e9 13\/03\/2024<\/h3>\n<h3>Acompanhe atrav\u00e9s do link:<a href=\"https:\/\/guri.unipampa.edu.br\/psa\/processos\/\"> https:\/\/guri.unipampa.edu.br\/psa\/processos\/<\/a><\/h3>\n<h3><strong><em>PROCESSO SELETIVO PARA INGRESSO NO DOUTORADO<\/em><\/strong><\/h3>\n<h4><a href=\"https:\/\/cursos.unipampa.edu.br\/cursos\/ppeng\/files\/2024\/02\/resultado-final-doutorado-1.pdf\">Resultado final &#8211; Processo seletivo para ingresso no doutorado semestre 1\/2024 (Edital n\u00ba 12\/2024)<\/a><\/h4>\n<h4><a href=\"https:\/\/cursos.unipampa.edu.br\/cursos\/ppeng\/files\/2024\/02\/resultado-final-doutorado.pdf\">Resultado Preliminar &#8211; Processo seletivo para ingresso no doutorado semestre 1\/2024 (Edital n\u00ba 12\/2024)<\/a><\/h4>\n<div>\n<h4><a href=\"https:\/\/cursos.unipampa.edu.br\/cursos\/ppeng\/files\/2024\/02\/homologados-doutorado-1.pdf\">Resultados Preliminares-Inscri\u00e7\u00f5es Doutorado (CLIQUE AQUI)!!!!<\/a><\/h4>\n<h4><a href=\"https:\/\/cursos.unipampa.edu.br\/cursos\/ppeng\/files\/2024\/02\/homologados-doutorado-final.pdf\">Inscri\u00e7\u00f5es Homologadas Doutorado-Resultado Final (CLIQUE AQUI) !!!<\/a><\/h4>\n<h4><a href=\"https:\/\/cursos.unipampa.edu.br\/cursos\/ppeng\/files\/2024\/02\/comissao-selecao-1.pdf\">Rela\u00e7\u00e3o preliminar dos membros da comiss\u00e3o de sele\u00e7\u00e3o &#8211; Doutorado &#8211; Edital N\u00ba 12\/2024 (clique aqui!)<\/a><\/h4>\n<h4><\/h4>\n<\/div>\n<div>Est\u00e3o abertas as inscri\u00e7\u00f5es para o processo seletivo de alunos de doutorado no Programa de P\u00f3s-Gradua\u00e7\u00e3o em Engenharia (PPENG) da Universidade Federal do Pampa (unipampa), campus Alegrete.\u00a0\u00a0As pesquisas realizadas no programa s\u00e3o voltadas \u00e0 solu\u00e7\u00e3o de problemas na \u00e1rea de tecnologia dos materiais e meio ambiente dentro do contexto das Engenharias I. O PPEng possui uma \u00e1rea de concentra\u00e7\u00e3o, Tecnologia dos Materiais e Meio Ambiente, \u00e0 qual est\u00e3o vinculadas as tr\u00eas linhas de pesquisa do programa: Materiais e Estruturas; Modelagem e Simula\u00e7\u00e3o; Novos materiais e suas aplica\u00e7\u00f5es tecnol\u00f3gicas.<\/div>\n<div>\n<div>\n<p><img decoding=\"async\" class=\"an1\" src=\"https:\/\/fonts.gstatic.com\/s\/e\/notoemoji\/15.0\/2699_fe0f\/32.png\" alt=\"\u2699\ufe0f\" data-emoji=\"\u2699\ufe0f\" aria-label=\"\u2699\ufe0f\" \/><strong><em> Informa\u00e7\u00f5es Importantes<\/em><\/strong><\/p>\n<p>Quem pode se inscrever no processo seletivo? Portadores de t\u00edtulo de mestrado na \u00e1rea do Programa de P\u00f3s-Gradua\u00e7\u00e3o ou \u00e1reas afins.\u00a0Para isso, deve-se preencher o formul\u00e1rio de inscri\u00e7\u00e3o online (<a href=\"https:\/\/guri.unipampa.edu.br\/psa\/processos\/visualizarProcessoSeletivo\/13899\" target=\"_blank\" rel=\"noopener\" data-saferedirecturl=\"https:\/\/www.google.com\/url?q=https:\/\/guri.unipampa.edu.br\/psa\/processos\/visualizarProcessoSeletivo\/13899&amp;source=gmail&amp;ust=1705065144778000&amp;usg=AOvVaw1Ti-9KrF1FW1kciyRLIsyG\">https:\/\/guri.unipampa.edu.br\/psa\/processos\/visualizarProcessoSeletivo\/13899<\/a>) com o envio de toda a documenta\u00e7\u00e3o.<\/p>\n<p>Ser\u00e3o disponibilizadas 10 vagas, sendo elas:<\/p>\n<p><img decoding=\"async\" class=\"an1\" src=\"https:\/\/fonts.gstatic.com\/s\/e\/notoemoji\/15.0\/25b6_fe0f\/32.png\" alt=\"\u25b6\ufe0f\" data-emoji=\"\u25b6\ufe0f\" aria-label=\"\u25b6\ufe0f\" \/>\u00a08 vagas para ampla concorr\u00eancia (universais);<br \/>\n<img decoding=\"async\" class=\"an1\" src=\"https:\/\/fonts.gstatic.com\/s\/e\/notoemoji\/15.0\/25b6_fe0f\/32.png\" alt=\"\u25b6\ufe0f\" data-emoji=\"\u25b6\ufe0f\" aria-label=\"\u25b6\ufe0f\" \/>\u00a01 vaga reservada a(\u00e0) candidatos(as) T\u00e9cnico-administrativos em Educa\u00e7\u00e3o da Unipampa;<br \/>\n<img decoding=\"async\" class=\"an1\" src=\"https:\/\/fonts.gstatic.com\/s\/e\/notoemoji\/15.0\/25b6_fe0f\/32.png\" alt=\"\u25b6\ufe0f\" data-emoji=\"\u25b6\ufe0f\" aria-label=\"\u25b6\ufe0f\" \/>\u00a01 vaga reservada a(\u00e0) candidatos(as) negros(as) (pretos(as) e pardos(as)), ind\u00edgenas e pessoas com defici\u00eancia.<\/p>\n<p><img decoding=\"async\" class=\"an1\" src=\"https:\/\/fonts.gstatic.com\/s\/e\/notoemoji\/15.0\/1f4c6\/32.png\" alt=\"\ud83d\udcc6\" data-emoji=\"\ud83d\udcc6\" aria-label=\"\ud83d\udcc6\" \/>\u00a0<strong><em> Atente-se as principais datas iniciais do processo:<\/em><\/strong><\/p>\n<p><img decoding=\"async\" class=\"an1\" src=\"https:\/\/fonts.gstatic.com\/s\/e\/notoemoji\/15.0\/2714_fe0f\/32.png\" alt=\"\u2714\ufe0f\" data-emoji=\"\u2714\ufe0f\" aria-label=\"\u2714\ufe0f\" \/>\u00a0Per\u00edodo de Inscri\u00e7\u00f5es: de 10\/01\/2024 at\u00e9 02\/02\/2024;<br \/>\n<img decoding=\"async\" class=\"an1\" src=\"https:\/\/fonts.gstatic.com\/s\/e\/notoemoji\/15.0\/2714_fe0f\/32.png\" alt=\"\u2714\ufe0f\" data-emoji=\"\u2714\ufe0f\" aria-label=\"\u2714\ufe0f\" \/>\u00a0Divulga\u00e7\u00e3o das Inscri\u00e7\u00f5es Homologadas: at\u00e9 05\/02\/2024;<br \/>\n<img decoding=\"async\" class=\"an1\" src=\"https:\/\/fonts.gstatic.com\/s\/e\/notoemoji\/15.0\/2714_fe0f\/32.png\" alt=\"\u2714\ufe0f\" data-emoji=\"\u2714\ufe0f\" aria-label=\"\u2714\ufe0f\" \/>\u00a0Per\u00edodo da Sele\u00e7\u00e3o: de 15\/02\/2024 at\u00e9 20\/02\/2024;<br \/>\n<img decoding=\"async\" class=\"an1\" src=\"https:\/\/fonts.gstatic.com\/s\/e\/notoemoji\/15.0\/2714_fe0f\/32.png\" alt=\"\u2714\ufe0f\" data-emoji=\"\u2714\ufe0f\" aria-label=\"\u2714\ufe0f\" \/>\u00a0Divulga\u00e7\u00e3o do resultado Preliminar do Processo Seletivo: at\u00e9 21\/02\/2024;<br \/>\n<img decoding=\"async\" class=\"an1\" src=\"https:\/\/fonts.gstatic.com\/s\/e\/notoemoji\/15.0\/2714_fe0f\/32.png\" alt=\"\u2714\ufe0f\" data-emoji=\"\u2714\ufe0f\" aria-label=\"\u2714\ufe0f\" \/>\u00a0Divulga\u00e7\u00e3o de Resultado Final do Processo Seletivo: at\u00e9 23\/02\/2024.<\/p>\n<\/div>\n<div><img decoding=\"async\" class=\"an1\" src=\"https:\/\/fonts.gstatic.com\/s\/e\/notoemoji\/15.0\/1f4cc\/32.png\" alt=\"\ud83d\udccc\" data-emoji=\"\ud83d\udccc\" aria-label=\"\ud83d\udccc\" \/><em><strong>\u00a0Informa\u00e7\u00f5es complementares podem ser encontradas no edital abaixo.<\/strong><\/em><\/div>\n<div><\/div>\n<div><\/div>\n<div><\/div>\n<div><a href=\"https:\/\/cursos.unipampa.edu.br\/cursos\/ppeng\/files\/2024\/01\/edital-final.pdf\">EDITAL PARA INGRESSO NO DOUTORADO DO PPENG:<\/a><\/div>\n<div><a href=\"https:\/\/cursos.unipampa.edu.br\/cursos\/ppeng\/files\/2024\/01\/anexo-i.pdf\">Anexo I<\/a><\/div>\n<div><a href=\"https:\/\/cursos.unipampa.edu.br\/cursos\/ppeng\/files\/2024\/01\/anexo-ii.pdf\">Anexo II<\/a><\/div>\n<div><a href=\"https:\/\/cursos.unipampa.edu.br\/cursos\/ppeng\/files\/2024\/01\/anexo-iii.pdf\">Anexo III<\/a><\/div>\n<div><a href=\"https:\/\/cursos.unipampa.edu.br\/cursos\/ppeng\/files\/2024\/01\/anexo-iv.pdf\">Anexo IV<\/a><\/div>\n<div><a href=\"https:\/\/cursos.unipampa.edu.br\/cursos\/ppeng\/files\/2024\/01\/anexo-v.pdf\">Anexo V<\/a><\/div>\n<div><\/div>\n<\/div>\n<div><\/div>\n<div><\/div>\n<ul>\n<li style=\"text-align: justify\"><em><strong>\u00a0 \u00a0 \u00a0OBSERVA\u00c7\u00c3O: Os alunos que tem interesse em fazer disciplinas do programa, com o intuito de ingressar como aluno regular (aqueles que est\u00e3o se candidatando a este edital) no pr\u00f3ximo semestre, podem ingressar como ALUNO ESPECIAL. O edital para aluno especial ser\u00e1 disponibilizado em breve aqui na p\u00e1gina do PPENG e neste constar\u00e1 as vagas dispon\u00edveis nas diferentes componentes curriculares.<\/strong><\/em><\/li>\n<\/ul>\n<p>&nbsp;<\/p>\n<h2><strong><em><span style=\"color: #008000\">Processo Seletivo para Ingresso\u00a0 no MESTRADO<\/span><\/em><\/strong><\/h2>\n<h4><a href=\"https:\/\/cursos.unipampa.edu.br\/cursos\/ppeng\/files\/2024\/02\/resultado-final-mestrado-1.pdf\">Resultado final &#8211; Processo seletivo para ingresso no mestrado semestre 1\/2024 (Edital n\u00ba 443\/2023)<\/a><\/h4>\n<h4><a href=\"https:\/\/cursos.unipampa.edu.br\/cursos\/ppeng\/files\/2024\/02\/resultado-final-mestrado.pdf\">Resultado preliminar &#8211; Processo seletivo para ingresso no mestrado semestre 1\/2024 (Edital n\u00ba 443\/2023)<\/a><\/h4>\n<h4><a href=\"https:\/\/cursos.unipampa.edu.br\/cursos\/ppeng\/files\/2024\/02\/cronograma-de-defesa-trajetoria-academica-versao-candidatos.pdf\">Cronograma de defesa de trajet\u00f3ria acad\u00eamica &#8211; Mestrado (clique aqui!)<\/a><\/h4>\n<h4><a href=\"https:\/\/cursos.unipampa.edu.br\/cursos\/ppeng\/files\/2024\/02\/homologados-mestrado.pdf\">Resultados Preliminares-Inscri\u00e7\u00f5es Mestrado (CLIQUE AQUI)!!!!!<\/a><\/h4>\n<h4><a href=\"https:\/\/cursos.unipampa.edu.br\/cursos\/ppeng\/files\/2024\/02\/homologados-mestrado-final.pdf\">Inscri\u00e7\u00f5es Homologadas Mestrado-Resultado Final (CLIQUE AQUI) !!!<\/a><\/h4>\n<h4><a href=\"https:\/\/cursos.unipampa.edu.br\/cursos\/ppeng\/files\/2024\/02\/comissao-selecao.pdf\">Rela\u00e7\u00e3o preliminar dos membros da comiss\u00e3o de sele\u00e7\u00e3o &#8211; Metrado &#8211; Edital N\u00ba 443\/2023 (clique aqui!)<\/a><\/h4>\n<p><strong>Per\u00edodo de Inscri\u00e7\u00f5es:<\/strong>\u00a0de 02\/01\/2024 at\u00e9 as 23h59min de 02\/02\/2024.<br \/>\n<strong>Local para Inscri\u00e7\u00f5es:<\/strong>\u00a0<a href=\"https:\/\/guri.unipampa.edu.br\/psa\/processos\/\">https:\/\/guri.unipampa.edu.br\/psa\/processos\/.<\/a><br \/>\n<strong>Vagas:<\/strong>\u00a0Ser\u00e3o disponibilizadas 11 (onze) vagas para discente no curso stricto sensu de Mestrado Acad\u00eamico em Engenharia ofertado pelo PPENG, distribu\u00eddas a seguir, de acordo com a Resolu\u00e7\u00e3o n\u00ba 295, de 30 de novembro de 2020, alterada<br \/>\npela Resolu\u00e7\u00e3o n\u00ba 315, de 29 de abril de 2021, e, considerando a Resolu\u00e7\u00e3o n\u00ba 136, de 22 de mar\u00e7o de 2016, ambas do CONSUNI\/UNIPAMPA:<br \/>\na) 09 (nove) vagas para ampla concorr\u00eancia (universais);<br \/>\nb) 01 (uma) vaga reservada a candidatos t\u00e9cnico-administrativos em educa\u00e7\u00e3o da UNIPAMPA;<br \/>\nc) 01 (uma) vaga reservada a candidatos negros (pretos e pardos), ind\u00edgenas e pessoas com defici\u00eancia.<br \/>\n6.1.1. A oferta de vagas do PPEng est\u00e1 organizada por docente pesquisador (ordem alfab\u00e9tica):<\/p>\n<table border=\"1\" width=\"604\" cellspacing=\"0\" cellpadding=\"7\">\n<tbody>\n<tr valign=\"top\">\n<td width=\"268\">\n<p align=\"center\"><b>Nome do Docente orientador(a)<\/b><\/p>\n<\/td>\n<td width=\"71\">\n<p align=\"center\"><b>Vagas<\/b><\/p>\n<\/td>\n<td width=\"221\">\n<p align=\"center\"><b>Linha de pesquisa<\/b><\/p>\n<p><i><b>T\u00f3pico de pesquisa<\/b><\/i><\/td>\n<\/tr>\n<tr>\n<td valign=\"top\" width=\"268\">\n<p align=\"justify\">Alisson Simonetti Milani<\/p>\n<p align=\"justify\"><i>E-mail<\/i>: alissonmilani@unipampa.edu.br<\/p>\n<\/td>\n<td width=\"71\">\n<p align=\"center\">1 (uma)<\/p>\n<\/td>\n<td valign=\"top\" width=\"221\">\n<p align=\"center\">Materiais e Estruturas<\/p>\n<p align=\"justify\"><i>Estruturas armadas com barras de Pol\u00edmeros Refor\u00e7ados com Fibra (PRF)<\/i><\/p>\n<\/td>\n<\/tr>\n<tr>\n<td valign=\"top\" width=\"268\">\n<p align=\"justify\">Cesar Flaubiano da Cruz Cristaldo<\/p>\n<p><i>E-mail<\/i>: cesarcristaldo@unipampa.edu.br<\/td>\n<td width=\"71\">\n<p align=\"center\">1 (uma)<\/p>\n<\/td>\n<td valign=\"top\" width=\"221\">\n<p align=\"center\">Modelagem e Simula\u00e7\u00e3o<\/p>\n<p align=\"justify\"><i>Escoamento em meios porosos: solos, alvenarias e gr\u00e3os<\/i><\/p>\n<\/td>\n<\/tr>\n<tr>\n<td valign=\"top\" width=\"268\">\n<p align=\"justify\">Ederli Marangon<\/p>\n<p align=\"justify\"><i>E-mail<\/i>: ederlimarangon@unipampa.edu.br<\/p>\n<\/td>\n<td width=\"71\">\n<p align=\"center\">1 (uma)<\/p>\n<\/td>\n<td valign=\"top\" width=\"221\">\n<p align=\"center\">Materiais e Estruturas<\/p>\n<p align=\"justify\"><i>Materiais comp\u00f3sitos estruturais<\/i><\/p>\n<\/td>\n<\/tr>\n<tr>\n<td valign=\"top\" width=\"268\">\n<p align=\"justify\">Felipe Denardin Costa<\/p>\n<p align=\"justify\"><i>E-mail<\/i>: felipecosta@unipampa.edu.br<\/p>\n<\/td>\n<td width=\"71\">\n<p align=\"center\">1 (uma)<\/p>\n<\/td>\n<td valign=\"top\" width=\"221\">\n<p align=\"center\">Modelagem e Simula\u00e7\u00e3o<\/p>\n<p align=\"justify\"><i>Dispers\u00e3o de contaminantes em ambientes urbanos<\/i><\/p>\n<\/td>\n<\/tr>\n<tr>\n<td valign=\"top\" width=\"268\">\n<p align=\"justify\">Gabriela Silveira da Rosa<\/p>\n<p align=\"justify\"><i>E-mail<\/i>: gabrielarosa@unipampa.edu.br<\/p>\n<\/td>\n<td width=\"71\">\n<p align=\"center\">1 (uma)<\/p>\n<\/td>\n<td valign=\"top\" width=\"221\">\n<p align=\"center\">Novos materiais e suas aplica\u00e7\u00f5es tecnol\u00f3gicas<\/p>\n<p align=\"justify\"><i>Desenvolvimento de novos materiais usando a nanotecnologia: avan\u00e7os para diferentes \u00e1reas de aplica\u00e7\u00e3o<\/i><\/p>\n<\/td>\n<\/tr>\n<tr>\n<td valign=\"top\" width=\"268\" height=\"35\">\n<p align=\"justify\">Jacson Weber Menezes<\/p>\n<p align=\"justify\"><i>E-mail<\/i>: jacsonmenezes@unipampa.edu.br<\/p>\n<\/td>\n<td width=\"71\">\n<p align=\"center\">1 (uma)<\/p>\n<\/td>\n<td valign=\"top\" width=\"221\">\n<p align=\"center\">Novos materiais e suas aplica\u00e7\u00f5es tecnol\u00f3gicas<\/p>\n<p align=\"justify\"><i>Produ\u00e7\u00e3o de microesferas de vidro para a sinaliza\u00e7\u00e3o horizontal vi\u00e1ria<\/i><\/p>\n<\/td>\n<\/tr>\n<tr>\n<td valign=\"top\" width=\"268\">\n<p align=\"justify\">Jaelson Budny<\/p>\n<p align=\"justify\"><i>E-mail<\/i>: jaelsonbudny@unipampa.edu.br<\/p>\n<\/td>\n<td width=\"71\">\n<p align=\"center\">1 (uma)<\/p>\n<\/td>\n<td valign=\"top\" width=\"221\">\n<p align=\"center\">Materiais e Estruturas<\/p>\n<p align=\"justify\"><i>Caracteriza\u00e7\u00e3o Microestrutural de Misturas Asf\u00e1lticas\/Estabiliza\u00e7\u00e3o de solos com aplica\u00e7\u00e3o em Barragens de terra e estradas vicinais<\/i><\/p>\n<\/td>\n<\/tr>\n<tr>\n<td valign=\"top\" width=\"268\">\n<p align=\"justify\">Luis Enrique Gomes Armas<\/p>\n<p align=\"justify\"><i>E-mail<\/i>: luisarmas@unipampa.edu.br<\/p>\n<\/td>\n<td width=\"71\">\n<p align=\"center\">1 (uma)<\/p>\n<\/td>\n<td valign=\"top\" width=\"221\">\n<p align=\"center\">Novos materiais e suas aplica\u00e7\u00f5es tecnol\u00f3gicas<\/p>\n<p align=\"justify\"><i>Efeito do grafeno derivado a partir da biomassa capim annoni nas propriedades mec\u00e2nicas de matrizes ciment\u00edcias<\/i><\/p>\n<\/td>\n<\/tr>\n<tr>\n<td valign=\"top\" width=\"268\">\n<p align=\"justify\">Luiz Medeiros<\/p>\n<p align=\"justify\"><i>E-mail<\/i>: Luizmedeiros@unipampa.edu.br<\/p>\n<\/td>\n<td width=\"71\">\n<p align=\"center\">1 (uma)<\/p>\n<\/td>\n<td valign=\"top\" width=\"221\">\n<p align=\"center\">Modelagem e Simula\u00e7\u00e3o<\/p>\n<p align=\"center\"><i>Estudo do comportamento atmosf\u00e9rico pr\u00f3ximo a superf\u00edcie da terra<\/i><\/p>\n<\/td>\n<\/tr>\n<tr>\n<td valign=\"top\" width=\"268\">\n<p align=\"justify\">Marco Ant\u00f4nio Durlo Tier<\/p>\n<p align=\"justify\"><i>E-mail<\/i>: marcotier@unipampa.edu.br<\/p>\n<\/td>\n<td width=\"71\">\n<p align=\"center\">1 (uma)<\/p>\n<\/td>\n<td valign=\"top\" width=\"221\">\n<p align=\"center\">Novos materiais e suas aplica\u00e7\u00f5es tecnol\u00f3gicas<\/p>\n<p align=\"justify\"><i>Uso de cinza da casca de arroz e lodo ETA na fabrica\u00e7\u00e3o de materiais cer\u00e2micos<\/i><\/p>\n<\/td>\n<\/tr>\n<tr>\n<td valign=\"top\" width=\"268\">\n<p align=\"justify\">Rafael Maroneze<\/p>\n<p align=\"justify\"><i>E-mail<\/i>: rafaelmaroneze@unipampa.edu.br<\/p>\n<\/td>\n<td width=\"71\">\n<p align=\"center\">1 (uma)<\/p>\n<\/td>\n<td valign=\"top\" width=\"221\">\n<p align=\"center\">Modelagem e Simula\u00e7\u00e3o<\/p>\n<p align=\"justify\"><i>Desenvolvimento e valida\u00e7\u00e3o de um novo esquema de turbul\u00eancia para modelos num\u00e9ricos de previs\u00e3o de tempo e clima<\/i><\/p>\n<\/td>\n<\/tr>\n<\/tbody>\n<\/table>\n<p><strong>Edital n\u00ba:\u00a0<\/strong><a href=\"https:\/\/unipampa.edu.br\/portal\/sites\/default\/files\/documentos\/edital_443-2023_-_edital_de_processo_seletivo_para_ingresso_de_discentes_programa_de_pos_graduacao_em_engenharia_mestrado_academico_-_1o_semestre_2024.pdf\">443\/2023<\/a>.<\/p>\n<p><a href=\"https:\/\/cursos.unipampa.edu.br\/cursos\/ppeng\/files\/2023\/12\/anexo-i.pdf\">Anexo I<\/a><\/p>\n<p><a href=\"https:\/\/cursos.unipampa.edu.br\/cursos\/ppeng\/files\/2023\/12\/anexos-ii.pdf\">Anexo II<\/a><\/p>\n<p><a href=\"https:\/\/cursos.unipampa.edu.br\/cursos\/ppeng\/files\/2023\/12\/anexos-iii-1.pdf\">Anexo III<\/a><\/p>\n<p><a href=\"https:\/\/cursos.unipampa.edu.br\/cursos\/ppeng\/files\/2023\/12\/anexos-iv.pdf\">Anexo IV<\/a><\/p>\n<p><a href=\"https:\/\/cursos.unipampa.edu.br\/cursos\/ppeng\/files\/2023\/12\/anexo-v.pdf\">Anexo V<\/a><\/p>\n<p>&nbsp;<\/p>\n<ul>\n<li><strong>ERRATA!!! Ranking atualizado para as bolsas 01\/2023: <a href=\"https:\/\/cursos.unipampa.edu.br\/cursos\/ppeng\/files\/2023\/03\/errata-ranking-marco-2023.pdf\">ERRATA Ranking mar\u00e7o 2023<\/a><\/strong><\/li>\n<li><strong>Resultado FINAL \u00a0Edital ingressantes 01\/2023: <a href=\"https:\/\/cursos.unipampa.edu.br\/cursos\/ppeng\/files\/2023\/01\/resultado-final-edital-350.pdf\">Resultado-final-Edital-350<\/a><\/strong><\/li>\n<\/ul>\n<ul>\n<li style=\"list-style-type: none\">\n<ul>\n<li><strong>Publicados hor\u00e1rios Semestre 01\/2023: <a href=\"https:\/\/cursos.unipampa.edu.br\/cursos\/ppeng\/calendario-academico-e-horarios\/\">confira\u00a0<\/a><\/strong><\/li>\n<\/ul>\n<\/li>\n<\/ul>\n<ul>\n<li style=\"list-style-type: none\">\n<ul>\n<li><strong><a href=\"https:\/\/cursos.unipampa.edu.br\/cursos\/ppeng\/2022\/09\/26\/ppeng-e-nota-4-na-avaliacao-da-capes\/\" target=\"_blank\" rel=\"noopener\">O Programa de P\u00f3s-gradua\u00e7\u00e3o em Engenharia da Unipampa \u00e9 nota 4 na avalia\u00e7\u00e3o da Capes<\/a><\/strong><\/li>\n<\/ul>\n<\/li>\n<\/ul>\n<hr \/>\n<h2><\/h2>\n<h2 style=\"text-align: justify\"><\/h2>\n<p><\/p>","protected":false},"excerpt":{"rendered":"<p>Ranking para concess\u00e3o de bolsas PPEng &#8211; Semestre 1\/2024 Chamada para ingresso de alunos em regime especial!!!! Per\u00edodo de inscri\u00e7\u00f5es 11\/03\/2024 at\u00e9 13\/03\/2024 Acompanhe atrav\u00e9s do link: https:\/\/guri.unipampa.edu.br\/psa\/processos\/ PROCESSO SELETIVO PARA INGRESSO NO DOUTORADO Resultado final &#8211; Processo seletivo para ingresso no doutorado semestre 1\/2024 (Edital n\u00ba 12\/2024) Resultado Preliminar &#8211; Processo seletivo para ingresso [&hellip;]<\/p>\n","protected":false},"author":629,"featured_media":0,"parent":0,"menu_order":0,"comment_status":"closed","ping_status":"closed","template":"","meta":[],"_links":{"self":[{"href":"https:\/\/cursos.unipampa.edu.br\/cursos\/ppeng\/es\/wp-json\/wp\/v2\/pages\/3411"}],"collection":[{"href":"https:\/\/cursos.unipampa.edu.br\/cursos\/ppeng\/es\/wp-json\/wp\/v2\/pages"}],"about":[{"href":"https:\/\/cursos.unipampa.edu.br\/cursos\/ppeng\/es\/wp-json\/wp\/v2\/types\/page"}],"author":[{"embeddable":true,"href":"https:\/\/cursos.unipampa.edu.br\/cursos\/ppeng\/es\/wp-json\/wp\/v2\/users\/629"}],"replies":[{"embeddable":true,"href":"https:\/\/cursos.unipampa.edu.br\/cursos\/ppeng\/es\/wp-json\/wp\/v2\/comments?post=3411"}],"version-history":[{"count":2,"href":"https:\/\/cursos.unipampa.edu.br\/cursos\/ppeng\/es\/wp-json\/wp\/v2\/pages\/3411\/revisions"}],"predecessor-version":[{"id":3413,"href":"https:\/\/cursos.unipampa.edu.br\/cursos\/ppeng\/es\/wp-json\/wp\/v2\/pages\/3411\/revisions\/3413"}],"wp:attachment":[{"href":"https:\/\/cursos.unipampa.edu.br\/cursos\/ppeng\/es\/wp-json\/wp\/v2\/media?parent=3411"}],"curies":[{"name":"wp","href":"https:\/\/api.w.org\/{rel}","templated":true}]}}