
{"id":2835,"date":"2022-06-27T17:12:35","date_gmt":"2022-06-27T20:12:35","guid":{"rendered":"https:\/\/cursos.unipampa.edu.br\/cursos\/ppeng\/?page_id=2835"},"modified":"2025-07-22T17:12:27","modified_gmt":"2025-07-22T20:12:27","slug":"processo-seletivo-para-ingresso-de-discentes-programa-de-pos-graduacao-em-engenharia-ppeng-mestrado-academico-2o-semestre-2022","status":"publish","type":"page","link":"https:\/\/cursos.unipampa.edu.br\/cursos\/ppeng\/es\/processo-seletivo-para-ingresso-de-discentes-programa-de-pos-graduacao-em-engenharia-ppeng-mestrado-academico-2o-semestre-2022\/","title":{"rendered":"PROCESSO SELETIVO PARA INGRESSO DE DISCENTES PROGRAMA DE P\u00d3S-GRADUA\u00c7\u00c3O EM ENGENHARIA (PPENG) MESTRADO ACAD\u00caMICO &#8211; 2o SEMESTRE\/2022"},"content":{"rendered":"<p><\/p>\n<ul>\n<li>\n<h4><a href=\"https:\/\/cursos.unipampa.edu.br\/cursos\/ppeng\/files\/2022\/06\/edital-2022_2.pdf\">Edital N\u00ba 210\/2022 &#8211; PROCESSO SELETIVO PARA INGRESSO DE DISCENTES PROGRAMA DE P\u00d3S-GRADUA\u00c7\u00c3O EM ENGENHARIA (PPENG) MESTRADO ACAD\u00caMICO &#8211; 2o SEMESTRE\/2022<\/a><\/h4>\n<ul>\n<li style=\"list-style-type: none\">\n<ul>\n<li>\n<h5>Anexos:<\/h5>\n<ul>\n<li><a href=\"https:\/\/cursos.unipampa.edu.br\/cursos\/ppeng\/files\/2022\/06\/anexo-i.pdf\">Anexo I<\/a>;<\/li>\n<li><a href=\"https:\/\/cursos.unipampa.edu.br\/cursos\/ppeng\/files\/2022\/06\/anexo-ii.pdf\">Anexo II<\/a>;<\/li>\n<li><a href=\"https:\/\/cursos.unipampa.edu.br\/cursos\/ppeng\/files\/2022\/06\/anexo-iii.pdf\">Anexo III;<\/a><\/li>\n<li><a href=\"https:\/\/cursos.unipampa.edu.br\/cursos\/ppeng\/files\/2022\/06\/anexo-iv.pdf\">Anexo IV<\/a>;<\/li>\n<\/ul>\n<\/li>\n<\/ul>\n<\/li>\n<\/ul>\n<\/li>\n<li>\n<h4><a href=\"https:\/\/cursos.unipampa.edu.br\/cursos\/ppeng\/2022\/07\/27\/relacao-parcial-de-inscricoes-homologadas-no-processo-seletivo-para-o-ingresso-de-discentes-no-mestrado-academico-do-ppeng-2022-02\/\">Rela\u00e7\u00e3o parcial de inscri\u00e7\u00f5es homologadas<\/a><\/h4>\n<\/li>\n<li>\n<h4><a href=\"https:\/\/cursos.unipampa.edu.br\/cursos\/ppeng\/2022\/07\/29\/relacao-final-de-inscricoes-homologadas-no-processo-seletivo-para-o-ingresso-de-discentes-no-mestrado-academico-do-ppeng-2022-02\/\">Rela\u00e7\u00e3o Final de Inscri\u00e7\u00f5es Homologadas<\/a><\/h4>\n<\/li>\n<li>\n<h4><a href=\"https:\/\/cursos.unipampa.edu.br\/cursos\/ppeng\/2022\/08\/03\/divulgacao-dos-nomes-da-comissao-de-selecao-edital-210-2022\/\">Divulga\u00e7\u00e3o dos nomes da comiss\u00e3o de sele\u00e7\u00e3o<\/a><\/h4>\n<\/li>\n<li>\n<h4><a href=\"https:\/\/cursos.unipampa.edu.br\/cursos\/ppeng\/2022\/08\/08\/cronograma-e-criterios-de-defesa-do-pre-projeto-de-pesquisa-edital-210-2022\/\"><span style=\"font-size: large\">Cronograma e crit\u00e9rios de defesa do pr\u00e9-projeto de pesquisa: Edital 210\/2022<\/span><\/a><\/h4>\n<\/li>\n<li>\n<h4><a href=\"https:\/\/cursos.unipampa.edu.br\/cursos\/ppeng\/2022\/08\/15\/resultado-final-processo-seletivo-edital-210-2022\/\">Resultado final<\/a><\/h4>\n<\/li>\n<\/ul>\n<ul>\n<li style=\"list-style-type: none\"><\/li>\n<\/ul>\n<p><\/p>","protected":false},"excerpt":{"rendered":"<p>Edital N\u00ba 210\/2022 &#8211; PROCESSO SELETIVO PARA INGRESSO DE DISCENTES PROGRAMA DE P\u00d3S-GRADUA\u00c7\u00c3O EM ENGENHARIA (PPENG) MESTRADO ACAD\u00caMICO &#8211; 2o SEMESTRE\/2022 Anexos: Anexo I; Anexo II; Anexo III; Anexo IV; Rela\u00e7\u00e3o parcial de inscri\u00e7\u00f5es homologadas Rela\u00e7\u00e3o Final de Inscri\u00e7\u00f5es Homologadas Divulga\u00e7\u00e3o dos nomes da comiss\u00e3o de sele\u00e7\u00e3o Cronograma e crit\u00e9rios de defesa do pr\u00e9-projeto de [&hellip;]<\/p>\n","protected":false},"author":629,"featured_media":0,"parent":0,"menu_order":0,"comment_status":"closed","ping_status":"closed","template":"","meta":[],"_links":{"self":[{"href":"https:\/\/cursos.unipampa.edu.br\/cursos\/ppeng\/es\/wp-json\/wp\/v2\/pages\/2835"}],"collection":[{"href":"https:\/\/cursos.unipampa.edu.br\/cursos\/ppeng\/es\/wp-json\/wp\/v2\/pages"}],"about":[{"href":"https:\/\/cursos.unipampa.edu.br\/cursos\/ppeng\/es\/wp-json\/wp\/v2\/types\/page"}],"author":[{"embeddable":true,"href":"https:\/\/cursos.unipampa.edu.br\/cursos\/ppeng\/es\/wp-json\/wp\/v2\/users\/629"}],"replies":[{"embeddable":true,"href":"https:\/\/cursos.unipampa.edu.br\/cursos\/ppeng\/es\/wp-json\/wp\/v2\/comments?post=2835"}],"version-history":[{"count":12,"href":"https:\/\/cursos.unipampa.edu.br\/cursos\/ppeng\/es\/wp-json\/wp\/v2\/pages\/2835\/revisions"}],"predecessor-version":[{"id":3968,"href":"https:\/\/cursos.unipampa.edu.br\/cursos\/ppeng\/es\/wp-json\/wp\/v2\/pages\/2835\/revisions\/3968"}],"wp:attachment":[{"href":"https:\/\/cursos.unipampa.edu.br\/cursos\/ppeng\/es\/wp-json\/wp\/v2\/media?parent=2835"}],"curies":[{"name":"wp","href":"https:\/\/api.w.org\/{rel}","templated":true}]}}