
{"id":2636,"date":"2021-12-02T16:58:10","date_gmt":"2021-12-02T19:58:10","guid":{"rendered":"https:\/\/cursos.unipampa.edu.br\/cursos\/ppeng\/?page_id=2636"},"modified":"2021-12-02T17:06:14","modified_gmt":"2021-12-02T20:06:14","slug":"lara-aline-soares","status":"publish","type":"page","link":"https:\/\/cursos.unipampa.edu.br\/cursos\/ppeng\/es\/lara-aline-soares\/","title":{"rendered":"LARA ALINE SOARES"},"content":{"rendered":"<p><a href=\"https:\/\/cursos.unipampa.edu.br\/cursos\/ppeng\/files\/2021\/12\/laraaline.jpg\"><img decoding=\"async\" loading=\"lazy\" class=\"wp-image-2637 aligncenter\" src=\"https:\/\/cursos.unipampa.edu.br\/cursos\/ppeng\/files\/2021\/12\/laraaline-257x300.jpg\" alt=\"\" width=\"121\" height=\"141\" srcset=\"https:\/\/cursos.unipampa.edu.br\/cursos\/ppeng\/files\/2021\/12\/laraaline-257x300.jpg 257w, https:\/\/cursos.unipampa.edu.br\/cursos\/ppeng\/files\/2021\/12\/laraaline.jpg 281w\" sizes=\"(max-width: 121px) 100vw, 121px\" \/><\/a><\/p>\n<p><a href=\"http:\/\/lattes.cnpq.br\/8105533218423298\">Curr\u00edculo Lattes<\/a><\/p>\n<p>Orientador: Prof. Dr. Luiz Eduardo Medeiros<\/p>\n<p>Linha de Pesquisa: Modelagem e Simula\u00e7\u00e3o<\/p>\n<p>Ingresso: 2021\/2<\/p>\n","protected":false},"excerpt":{"rendered":"<p>Curr\u00edculo Lattes Orientador: Prof. Dr. Luiz Eduardo Medeiros Linha de Pesquisa: Modelagem e Simula\u00e7\u00e3o Ingresso: 2021\/2<\/p>\n","protected":false},"author":629,"featured_media":0,"parent":0,"menu_order":0,"comment_status":"closed","ping_status":"closed","template":"","meta":[],"_links":{"self":[{"href":"https:\/\/cursos.unipampa.edu.br\/cursos\/ppeng\/es\/wp-json\/wp\/v2\/pages\/2636"}],"collection":[{"href":"https:\/\/cursos.unipampa.edu.br\/cursos\/ppeng\/es\/wp-json\/wp\/v2\/pages"}],"about":[{"href":"https:\/\/cursos.unipampa.edu.br\/cursos\/ppeng\/es\/wp-json\/wp\/v2\/types\/page"}],"author":[{"embeddable":true,"href":"https:\/\/cursos.unipampa.edu.br\/cursos\/ppeng\/es\/wp-json\/wp\/v2\/users\/629"}],"replies":[{"embeddable":true,"href":"https:\/\/cursos.unipampa.edu.br\/cursos\/ppeng\/es\/wp-json\/wp\/v2\/comments?post=2636"}],"version-history":[{"count":2,"href":"https:\/\/cursos.unipampa.edu.br\/cursos\/ppeng\/es\/wp-json\/wp\/v2\/pages\/2636\/revisions"}],"predecessor-version":[{"id":2645,"href":"https:\/\/cursos.unipampa.edu.br\/cursos\/ppeng\/es\/wp-json\/wp\/v2\/pages\/2636\/revisions\/2645"}],"wp:attachment":[{"href":"https:\/\/cursos.unipampa.edu.br\/cursos\/ppeng\/es\/wp-json\/wp\/v2\/media?parent=2636"}],"curies":[{"name":"wp","href":"https:\/\/api.w.org\/{rel}","templated":true}]}}