
{"id":2517,"date":"2021-07-07T18:58:33","date_gmt":"2021-07-07T21:58:33","guid":{"rendered":"http:\/\/cursos.unipampa.edu.br\/cursos\/ppeng\/?page_id=2517"},"modified":"2021-07-07T20:44:16","modified_gmt":"2021-07-07T23:44:16","slug":"dr-alisson-simonetti-milani","status":"publish","type":"page","link":"https:\/\/cursos.unipampa.edu.br\/cursos\/ppeng\/es\/dr-alisson-simonetti-milani\/","title":{"rendered":"Dr. Alisson Simonetti Milani"},"content":{"rendered":"<p><a href=\"https:\/\/cursos.unipampa.edu.br\/cursos\/ppeng\/files\/2021\/03\/servletrecuperafoto-1.jpg\"><img decoding=\"async\" loading=\"lazy\" class=\"wp-image-1924 aligncenter\" src=\"https:\/\/cursos.unipampa.edu.br\/cursos\/ppeng\/files\/2021\/03\/servletrecuperafoto-1-226x300.jpg\" alt=\"\" width=\"119\" height=\"158\" srcset=\"https:\/\/cursos.unipampa.edu.br\/cursos\/ppeng\/files\/2021\/03\/servletrecuperafoto-1-226x300.jpg 226w, https:\/\/cursos.unipampa.edu.br\/cursos\/ppeng\/files\/2021\/03\/servletrecuperafoto-1.jpg 732w\" sizes=\"(max-width: 119px) 100vw, 119px\" \/><\/a><\/p>\n<p>&nbsp;<\/p>\n<p><strong>Titula\u00e7\u00e3o<\/strong>: Doutor em Engenharia Civil &#8211; Universidade Federal de Santa Maria (2019)<\/p>\n<p><a href=\"http:\/\/lattes.cnpq.br\/6091255468174471\">Lattes<\/a><\/p>\n<p><a href=\"https:\/\/orcid.org\/0000-0001-8664-2837\">ORCID<\/a><\/p>\n<p><a href=\"https:\/\/publons.com\/researcher\/4510417\/alisson-milani\/\">ResearcherID<\/a><\/p>\n<p>Email: alissonmilani@unipampa.edu.br<\/p>\n<p><strong>Linha de Pesquisa<\/strong>: Materiais e Estruturas<\/p>\n<p><strong>T\u00f3picos de Interesse<\/strong>:<\/p>\n<ul>\n<li>Estruturas de concreto armado e protendido;<\/li>\n<li>Alvenaria estrutural;<\/li>\n<li>Simula\u00e7\u00e3o computacional de estruturas.<\/li>\n<\/ul>\n<p>&nbsp;<\/p>\n","protected":false},"excerpt":{"rendered":"<p>&nbsp; Titula\u00e7\u00e3o: Doutor em Engenharia Civil &#8211; Universidade Federal de Santa Maria (2019) Lattes ORCID ResearcherID Email: alissonmilani@unipampa.edu.br Linha de Pesquisa: Materiais e Estruturas T\u00f3picos de Interesse: Estruturas de concreto armado e protendido; Alvenaria estrutural; Simula\u00e7\u00e3o computacional de estruturas. &nbsp;<\/p>\n","protected":false},"author":629,"featured_media":0,"parent":0,"menu_order":0,"comment_status":"closed","ping_status":"closed","template":"","meta":[],"_links":{"self":[{"href":"https:\/\/cursos.unipampa.edu.br\/cursos\/ppeng\/es\/wp-json\/wp\/v2\/pages\/2517"}],"collection":[{"href":"https:\/\/cursos.unipampa.edu.br\/cursos\/ppeng\/es\/wp-json\/wp\/v2\/pages"}],"about":[{"href":"https:\/\/cursos.unipampa.edu.br\/cursos\/ppeng\/es\/wp-json\/wp\/v2\/types\/page"}],"author":[{"embeddable":true,"href":"https:\/\/cursos.unipampa.edu.br\/cursos\/ppeng\/es\/wp-json\/wp\/v2\/users\/629"}],"replies":[{"embeddable":true,"href":"https:\/\/cursos.unipampa.edu.br\/cursos\/ppeng\/es\/wp-json\/wp\/v2\/comments?post=2517"}],"version-history":[{"count":4,"href":"https:\/\/cursos.unipampa.edu.br\/cursos\/ppeng\/es\/wp-json\/wp\/v2\/pages\/2517\/revisions"}],"predecessor-version":[{"id":2523,"href":"https:\/\/cursos.unipampa.edu.br\/cursos\/ppeng\/es\/wp-json\/wp\/v2\/pages\/2517\/revisions\/2523"}],"wp:attachment":[{"href":"https:\/\/cursos.unipampa.edu.br\/cursos\/ppeng\/es\/wp-json\/wp\/v2\/media?parent=2517"}],"curies":[{"name":"wp","href":"https:\/\/api.w.org\/{rel}","templated":true}]}}