
{"id":2455,"date":"2021-06-07T16:34:21","date_gmt":"2021-06-07T19:34:21","guid":{"rendered":"http:\/\/cursos.unipampa.edu.br\/cursos\/ppeng\/?page_id=2455"},"modified":"2025-08-27T20:05:48","modified_gmt":"2025-08-27T23:05:48","slug":"bolsas-e-auxilios","status":"publish","type":"page","link":"https:\/\/cursos.unipampa.edu.br\/cursos\/ppeng\/es\/bolsas-e-auxilios\/","title":{"rendered":"Bolsas e Aux\u00edlios"},"content":{"rendered":"<p><\/p>\n<p style=\"text-align: justify\">O PPEng disp\u00f5e de 6 cotas de Bolsas Demanda Social &#8211; CAPES e 2 aux\u00edlios PAPG-Unipampa, totalizando 8 discentes beneficiados com as bolsas e aux\u00edlios.<\/p>\n<p style=\"text-align: justify\">A cada semestre o ranking de bolsas \u00e9 atualizado utilizando crit\u00e9rios estabelecidos pela resolu\u00e7\u00e3o de <a href=\"https:\/\/cursos.unipampa.edu.br\/cursos\/ppeng\/files\/2016\/03\/Resolucao-01-2016-PPEng-bolsas.pdf\">bolsas do PPEng<\/a>. Todos os alunos do programa com menos de 24 meses de curso e que n\u00e3o possuem reprova\u00e7\u00f5es concorrem \u00e0s bolsas e aux\u00edlios, a medida que estes ficam dispon\u00edveis. Para implementa\u00e7\u00e3o, \u00e9 necess\u00e1rio que o discente benefici\u00e1rio declare que n\u00e3o possui nenhum vinculo de trabalho, formal ou informal, e que pode se dedicar integramente \u00e0s atividades do seu curso de p\u00f3s-gradua\u00e7\u00e3o.<\/p>\n<p>A seguir s\u00e3o apresentados os rankings de bolsas semestrais:<\/p>\n<ul>\n<li><a href=\"https:\/\/cursos.unipampa.edu.br\/cursos\/ppeng\/2021\/11\/25\/a-comissao-coordenadora-divulga-o-ranking-de-bolsas-para-o-mes-de-novembro-de-2021\/\">Ranking de bolsas do PPEng em 11\/2021<\/a>.<\/li>\n<li><a href=\"https:\/\/cursos.unipampa.edu.br\/cursos\/ppeng\/2021\/08\/09\/comissao-coordenadora-disponibiliza-o-ranking-de-bolsas-do-ppeng-atualizado\/\">Ranking de bolsas do PPEng em 08\/2021<\/a>.<\/li>\n<li><a href=\"https:\/\/cursos.unipampa.edu.br\/cursos\/ppeng\/2022\/05\/03\/comissao-coordenadora-divulga-o-ranking-de-bolsas-para-o-mes-de-maio-de-2022\/\">Ranking de bolsas do PPEng em 05\/2022<\/a>.<\/li>\n<\/ul>\n<p style=\"text-align: justify\">\n<p><\/p>","protected":false},"excerpt":{"rendered":"<p>O PPEng disp\u00f5e de 6 cotas de Bolsas Demanda Social &#8211; CAPES e 2 aux\u00edlios PAPG-Unipampa, totalizando 8 discentes beneficiados com as bolsas e aux\u00edlios. A cada semestre o ranking de bolsas \u00e9 atualizado utilizando crit\u00e9rios estabelecidos pela resolu\u00e7\u00e3o de bolsas do PPEng. Todos os alunos do programa com menos de 24 meses de curso [&hellip;]<\/p>\n","protected":false},"author":629,"featured_media":0,"parent":0,"menu_order":0,"comment_status":"closed","ping_status":"closed","template":"","meta":[],"_links":{"self":[{"href":"https:\/\/cursos.unipampa.edu.br\/cursos\/ppeng\/es\/wp-json\/wp\/v2\/pages\/2455"}],"collection":[{"href":"https:\/\/cursos.unipampa.edu.br\/cursos\/ppeng\/es\/wp-json\/wp\/v2\/pages"}],"about":[{"href":"https:\/\/cursos.unipampa.edu.br\/cursos\/ppeng\/es\/wp-json\/wp\/v2\/types\/page"}],"author":[{"embeddable":true,"href":"https:\/\/cursos.unipampa.edu.br\/cursos\/ppeng\/es\/wp-json\/wp\/v2\/users\/629"}],"replies":[{"embeddable":true,"href":"https:\/\/cursos.unipampa.edu.br\/cursos\/ppeng\/es\/wp-json\/wp\/v2\/comments?post=2455"}],"version-history":[{"count":23,"href":"https:\/\/cursos.unipampa.edu.br\/cursos\/ppeng\/es\/wp-json\/wp\/v2\/pages\/2455\/revisions"}],"predecessor-version":[{"id":4151,"href":"https:\/\/cursos.unipampa.edu.br\/cursos\/ppeng\/es\/wp-json\/wp\/v2\/pages\/2455\/revisions\/4151"}],"wp:attachment":[{"href":"https:\/\/cursos.unipampa.edu.br\/cursos\/ppeng\/es\/wp-json\/wp\/v2\/media?parent=2455"}],"curies":[{"name":"wp","href":"https:\/\/api.w.org\/{rel}","templated":true}]}}