
{"id":2444,"date":"2021-06-07T15:23:56","date_gmt":"2021-06-07T18:23:56","guid":{"rendered":"http:\/\/cursos.unipampa.edu.br\/cursos\/ppeng\/?page_id=2444"},"modified":"2021-06-07T15:23:56","modified_gmt":"2021-06-07T18:23:56","slug":"vinicius-macedo-pereira","status":"publish","type":"page","link":"https:\/\/cursos.unipampa.edu.br\/cursos\/ppeng\/es\/vinicius-macedo-pereira\/","title":{"rendered":"Vin\u00edcius Macedo Pereira"},"content":{"rendered":"<p><a href=\"https:\/\/cursos.unipampa.edu.br\/cursos\/ppeng\/files\/2020\/02\/vinicius-macedo-pereira.jpg\"><img decoding=\"async\" loading=\"lazy\" class=\"wp-image-1603 aligncenter\" src=\"https:\/\/cursos.unipampa.edu.br\/cursos\/ppeng\/files\/2020\/02\/vinicius-macedo-pereira-300x300.jpg\" alt=\"\" width=\"150\" height=\"150\" srcset=\"https:\/\/cursos.unipampa.edu.br\/cursos\/ppeng\/files\/2020\/02\/vinicius-macedo-pereira-300x300.jpg 300w, https:\/\/cursos.unipampa.edu.br\/cursos\/ppeng\/files\/2020\/02\/vinicius-macedo-pereira-1024x1024.jpg 1024w, https:\/\/cursos.unipampa.edu.br\/cursos\/ppeng\/files\/2020\/02\/vinicius-macedo-pereira-150x150.jpg 150w, https:\/\/cursos.unipampa.edu.br\/cursos\/ppeng\/files\/2020\/02\/vinicius-macedo-pereira-768x768.jpg 768w, https:\/\/cursos.unipampa.edu.br\/cursos\/ppeng\/files\/2020\/02\/vinicius-macedo-pereira-1536x1536.jpg 1536w, https:\/\/cursos.unipampa.edu.br\/cursos\/ppeng\/files\/2020\/02\/vinicius-macedo-pereira.jpg 1944w\" sizes=\"(max-width: 150px) 100vw, 150px\" \/><\/a><\/p>\n<p><a href=\"http:\/\/lattes.cnpq.br\/3844780315908372\">Curr\u00edculo Lattes<\/a><\/p>\n<p><strong>Orientador<\/strong>: Prof. Dr. Luis Enrique Gomez Armas<\/p>\n<p><strong>Linha de Pesquisa<\/strong>: Novos Materiais e Suas Aplica\u00e7\u00f5es Tecnol\u00f3gicas<\/p>\n<p><strong>Ingresso<\/strong>: 2019\/2<\/p>\n","protected":false},"excerpt":{"rendered":"<p>Curr\u00edculo Lattes Orientador: Prof. Dr. Luis Enrique Gomez Armas Linha de Pesquisa: Novos Materiais e Suas Aplica\u00e7\u00f5es Tecnol\u00f3gicas Ingresso: 2019\/2<\/p>\n","protected":false},"author":629,"featured_media":0,"parent":0,"menu_order":0,"comment_status":"closed","ping_status":"closed","template":"","meta":[],"_links":{"self":[{"href":"https:\/\/cursos.unipampa.edu.br\/cursos\/ppeng\/es\/wp-json\/wp\/v2\/pages\/2444"}],"collection":[{"href":"https:\/\/cursos.unipampa.edu.br\/cursos\/ppeng\/es\/wp-json\/wp\/v2\/pages"}],"about":[{"href":"https:\/\/cursos.unipampa.edu.br\/cursos\/ppeng\/es\/wp-json\/wp\/v2\/types\/page"}],"author":[{"embeddable":true,"href":"https:\/\/cursos.unipampa.edu.br\/cursos\/ppeng\/es\/wp-json\/wp\/v2\/users\/629"}],"replies":[{"embeddable":true,"href":"https:\/\/cursos.unipampa.edu.br\/cursos\/ppeng\/es\/wp-json\/wp\/v2\/comments?post=2444"}],"version-history":[{"count":1,"href":"https:\/\/cursos.unipampa.edu.br\/cursos\/ppeng\/es\/wp-json\/wp\/v2\/pages\/2444\/revisions"}],"predecessor-version":[{"id":2445,"href":"https:\/\/cursos.unipampa.edu.br\/cursos\/ppeng\/es\/wp-json\/wp\/v2\/pages\/2444\/revisions\/2445"}],"wp:attachment":[{"href":"https:\/\/cursos.unipampa.edu.br\/cursos\/ppeng\/es\/wp-json\/wp\/v2\/media?parent=2444"}],"curies":[{"name":"wp","href":"https:\/\/api.w.org\/{rel}","templated":true}]}}