
{"id":2441,"date":"2021-06-07T15:21:45","date_gmt":"2021-06-07T18:21:45","guid":{"rendered":"http:\/\/cursos.unipampa.edu.br\/cursos\/ppeng\/?page_id=2441"},"modified":"2021-06-07T15:21:45","modified_gmt":"2021-06-07T18:21:45","slug":"simone-de-fatima-afonso-pereira","status":"publish","type":"page","link":"https:\/\/cursos.unipampa.edu.br\/cursos\/ppeng\/es\/simone-de-fatima-afonso-pereira\/","title":{"rendered":"Simone de Fatima Afonso Pereira"},"content":{"rendered":"<p><a href=\"https:\/\/cursos.unipampa.edu.br\/cursos\/ppeng\/files\/2021\/06\/simone-scaled.jpg\"><img decoding=\"async\" loading=\"lazy\" class=\"wp-image-2442 aligncenter\" src=\"https:\/\/cursos.unipampa.edu.br\/cursos\/ppeng\/files\/2021\/06\/simone-200x300.jpg\" alt=\"\" width=\"111\" height=\"167\" srcset=\"https:\/\/cursos.unipampa.edu.br\/cursos\/ppeng\/files\/2021\/06\/simone-200x300.jpg 200w, https:\/\/cursos.unipampa.edu.br\/cursos\/ppeng\/files\/2021\/06\/simone-683x1024.jpg 683w, https:\/\/cursos.unipampa.edu.br\/cursos\/ppeng\/files\/2021\/06\/simone-768x1152.jpg 768w, https:\/\/cursos.unipampa.edu.br\/cursos\/ppeng\/files\/2021\/06\/simone-1024x1536.jpg 1024w, https:\/\/cursos.unipampa.edu.br\/cursos\/ppeng\/files\/2021\/06\/simone-1365x2048.jpg 1365w, https:\/\/cursos.unipampa.edu.br\/cursos\/ppeng\/files\/2021\/06\/simone-scaled.jpg 1707w\" sizes=\"(max-width: 111px) 100vw, 111px\" \/><\/a><\/p>\n<p><a href=\"http:\/\/lattes.cnpq.br\/3229313319631426\">Curr\u00edculo Lattes<\/a><\/p>\n<p><strong>Orientador<\/strong>: Prof. Dr. Jacson Webber de Menezes<\/p>\n<p><strong>Linha de Pesquisa<\/strong>: Novos Materiais e Suas Aplica\u00e7\u00f5es Tecnol\u00f3gicas<\/p>\n<p><strong>Ingresso<\/strong>: 2020\/1<\/p>\n","protected":false},"excerpt":{"rendered":"<p>Curr\u00edculo Lattes Orientador: Prof. Dr. Jacson Webber de Menezes Linha de Pesquisa: Novos Materiais e Suas Aplica\u00e7\u00f5es Tecnol\u00f3gicas Ingresso: 2020\/1<\/p>\n","protected":false},"author":629,"featured_media":0,"parent":0,"menu_order":0,"comment_status":"closed","ping_status":"closed","template":"","meta":[],"_links":{"self":[{"href":"https:\/\/cursos.unipampa.edu.br\/cursos\/ppeng\/es\/wp-json\/wp\/v2\/pages\/2441"}],"collection":[{"href":"https:\/\/cursos.unipampa.edu.br\/cursos\/ppeng\/es\/wp-json\/wp\/v2\/pages"}],"about":[{"href":"https:\/\/cursos.unipampa.edu.br\/cursos\/ppeng\/es\/wp-json\/wp\/v2\/types\/page"}],"author":[{"embeddable":true,"href":"https:\/\/cursos.unipampa.edu.br\/cursos\/ppeng\/es\/wp-json\/wp\/v2\/users\/629"}],"replies":[{"embeddable":true,"href":"https:\/\/cursos.unipampa.edu.br\/cursos\/ppeng\/es\/wp-json\/wp\/v2\/comments?post=2441"}],"version-history":[{"count":1,"href":"https:\/\/cursos.unipampa.edu.br\/cursos\/ppeng\/es\/wp-json\/wp\/v2\/pages\/2441\/revisions"}],"predecessor-version":[{"id":2443,"href":"https:\/\/cursos.unipampa.edu.br\/cursos\/ppeng\/es\/wp-json\/wp\/v2\/pages\/2441\/revisions\/2443"}],"wp:attachment":[{"href":"https:\/\/cursos.unipampa.edu.br\/cursos\/ppeng\/es\/wp-json\/wp\/v2\/media?parent=2441"}],"curies":[{"name":"wp","href":"https:\/\/api.w.org\/{rel}","templated":true}]}}