
{"id":2423,"date":"2021-06-07T15:00:27","date_gmt":"2021-06-07T18:00:27","guid":{"rendered":"http:\/\/cursos.unipampa.edu.br\/cursos\/ppeng\/?page_id=2423"},"modified":"2021-06-07T15:00:27","modified_gmt":"2021-06-07T18:00:27","slug":"pablo-fockink-ourique-de-azambuja","status":"publish","type":"page","link":"https:\/\/cursos.unipampa.edu.br\/cursos\/ppeng\/es\/pablo-fockink-ourique-de-azambuja\/","title":{"rendered":"Pablo Fockink Ourique de Azambuja"},"content":{"rendered":"<p><a href=\"https:\/\/cursos.unipampa.edu.br\/cursos\/ppeng\/files\/2021\/06\/pablo.jpg\"><img decoding=\"async\" loading=\"lazy\" class=\"wp-image-2424 aligncenter\" src=\"https:\/\/cursos.unipampa.edu.br\/cursos\/ppeng\/files\/2021\/06\/pablo.jpg\" alt=\"\" width=\"117\" height=\"157\" \/><\/a><\/p>\n<p><a href=\"http:\/\/lattes.cnpq.br\/6949165633069144\">Curr\u00edculo Lattes<\/a><\/p>\n<p><strong>Orientador<\/strong>: Prof. Dr. Jacson Webber de Menenzes<\/p>\n<p><strong>Linha de Pesquisa<\/strong>: Novos Materiais e Suas Aplica\u00e7\u00f5es<\/p>\n<p><strong>Ingresso<\/strong>: 2021\/1<\/p>\n","protected":false},"excerpt":{"rendered":"<p>Curr\u00edculo Lattes Orientador: Prof. Dr. Jacson Webber de Menenzes Linha de Pesquisa: Novos Materiais e Suas Aplica\u00e7\u00f5es Ingresso: 2021\/1<\/p>\n","protected":false},"author":629,"featured_media":0,"parent":0,"menu_order":0,"comment_status":"closed","ping_status":"closed","template":"","meta":[],"_links":{"self":[{"href":"https:\/\/cursos.unipampa.edu.br\/cursos\/ppeng\/es\/wp-json\/wp\/v2\/pages\/2423"}],"collection":[{"href":"https:\/\/cursos.unipampa.edu.br\/cursos\/ppeng\/es\/wp-json\/wp\/v2\/pages"}],"about":[{"href":"https:\/\/cursos.unipampa.edu.br\/cursos\/ppeng\/es\/wp-json\/wp\/v2\/types\/page"}],"author":[{"embeddable":true,"href":"https:\/\/cursos.unipampa.edu.br\/cursos\/ppeng\/es\/wp-json\/wp\/v2\/users\/629"}],"replies":[{"embeddable":true,"href":"https:\/\/cursos.unipampa.edu.br\/cursos\/ppeng\/es\/wp-json\/wp\/v2\/comments?post=2423"}],"version-history":[{"count":1,"href":"https:\/\/cursos.unipampa.edu.br\/cursos\/ppeng\/es\/wp-json\/wp\/v2\/pages\/2423\/revisions"}],"predecessor-version":[{"id":2425,"href":"https:\/\/cursos.unipampa.edu.br\/cursos\/ppeng\/es\/wp-json\/wp\/v2\/pages\/2423\/revisions\/2425"}],"wp:attachment":[{"href":"https:\/\/cursos.unipampa.edu.br\/cursos\/ppeng\/es\/wp-json\/wp\/v2\/media?parent=2423"}],"curies":[{"name":"wp","href":"https:\/\/api.w.org\/{rel}","templated":true}]}}