
{"id":2383,"date":"2021-06-03T18:38:25","date_gmt":"2021-06-03T21:38:25","guid":{"rendered":"http:\/\/cursos.unipampa.edu.br\/cursos\/ppeng\/?page_id=2383"},"modified":"2021-06-03T18:38:25","modified_gmt":"2021-06-03T21:38:25","slug":"iris-nunes-raupp","status":"publish","type":"page","link":"https:\/\/cursos.unipampa.edu.br\/cursos\/ppeng\/es\/iris-nunes-raupp\/","title":{"rendered":"\u00cdris Nunes Raupp"},"content":{"rendered":"<p><\/p>\n<p style=\"text-align: center\"><a href=\"https:\/\/cursos.unipampa.edu.br\/cursos\/ppeng\/files\/2020\/02\/iris-nunes-raupp.jpg\"><img decoding=\"async\" loading=\"lazy\" class=\"alignnone  wp-image-1577\" src=\"https:\/\/cursos.unipampa.edu.br\/cursos\/ppeng\/files\/2020\/02\/iris-nunes-raupp-241x300.jpg\" alt=\"\" width=\"121\" height=\"150\" srcset=\"https:\/\/cursos.unipampa.edu.br\/cursos\/ppeng\/files\/2020\/02\/iris-nunes-raupp-241x300.jpg 241w, https:\/\/cursos.unipampa.edu.br\/cursos\/ppeng\/files\/2020\/02\/iris-nunes-raupp.jpg 720w\" sizes=\"(max-width: 121px) 100vw, 121px\" \/><\/a><\/p>\n<p><a href=\"http:\/\/lattes.cnpq.br\/9819545945241215\">Curr\u00edculo Lattes<\/a><\/p>\n<p>Orientadora: Prof\u00aa. Dr\u00aa.\u00a0 Gabriela Silveira da Rosa<\/p>\n<p>Linha de Pesquisa: Novos Materiais e Suas Aplica\u00e7\u00f5es Tecnol\u00f3gicas<\/p>\n<p>Ingresso: 2019\/1<\/p>","protected":false},"excerpt":{"rendered":"<p>Curr\u00edculo Lattes Orientadora: Prof\u00aa. Dr\u00aa.\u00a0 Gabriela Silveira da Rosa Linha de Pesquisa: Novos Materiais e Suas Aplica\u00e7\u00f5es Tecnol\u00f3gicas Ingresso: 2019\/1<\/p>\n","protected":false},"author":629,"featured_media":0,"parent":0,"menu_order":0,"comment_status":"closed","ping_status":"closed","template":"","meta":[],"_links":{"self":[{"href":"https:\/\/cursos.unipampa.edu.br\/cursos\/ppeng\/es\/wp-json\/wp\/v2\/pages\/2383"}],"collection":[{"href":"https:\/\/cursos.unipampa.edu.br\/cursos\/ppeng\/es\/wp-json\/wp\/v2\/pages"}],"about":[{"href":"https:\/\/cursos.unipampa.edu.br\/cursos\/ppeng\/es\/wp-json\/wp\/v2\/types\/page"}],"author":[{"embeddable":true,"href":"https:\/\/cursos.unipampa.edu.br\/cursos\/ppeng\/es\/wp-json\/wp\/v2\/users\/629"}],"replies":[{"embeddable":true,"href":"https:\/\/cursos.unipampa.edu.br\/cursos\/ppeng\/es\/wp-json\/wp\/v2\/comments?post=2383"}],"version-history":[{"count":1,"href":"https:\/\/cursos.unipampa.edu.br\/cursos\/ppeng\/es\/wp-json\/wp\/v2\/pages\/2383\/revisions"}],"predecessor-version":[{"id":2384,"href":"https:\/\/cursos.unipampa.edu.br\/cursos\/ppeng\/es\/wp-json\/wp\/v2\/pages\/2383\/revisions\/2384"}],"wp:attachment":[{"href":"https:\/\/cursos.unipampa.edu.br\/cursos\/ppeng\/es\/wp-json\/wp\/v2\/media?parent=2383"}],"curies":[{"name":"wp","href":"https:\/\/api.w.org\/{rel}","templated":true}]}}