
{"id":2380,"date":"2021-06-03T18:35:28","date_gmt":"2021-06-03T21:35:28","guid":{"rendered":"http:\/\/cursos.unipampa.edu.br\/cursos\/ppeng\/?page_id=2380"},"modified":"2021-06-03T18:38:53","modified_gmt":"2021-06-03T21:38:53","slug":"glaucio-fetter","status":"publish","type":"page","link":"https:\/\/cursos.unipampa.edu.br\/cursos\/ppeng\/es\/glaucio-fetter\/","title":{"rendered":"Glaucio Fetter"},"content":{"rendered":"<p><\/p>\n<p style=\"text-align: center\"><a href=\"https:\/\/cursos.unipampa.edu.br\/cursos\/ppeng\/files\/2021\/06\/glaucio.jpg\"><img decoding=\"async\" loading=\"lazy\" class=\"alignnone wp-image-2381\" src=\"https:\/\/cursos.unipampa.edu.br\/cursos\/ppeng\/files\/2021\/06\/glaucio-270x300.jpg\" alt=\"\" width=\"140\" height=\"156\" srcset=\"https:\/\/cursos.unipampa.edu.br\/cursos\/ppeng\/files\/2021\/06\/glaucio-270x300.jpg 270w, https:\/\/cursos.unipampa.edu.br\/cursos\/ppeng\/files\/2021\/06\/glaucio.jpg 689w\" sizes=\"(max-width: 140px) 100vw, 140px\" \/><\/a><\/p>\n<p><a href=\"http:\/\/lattes.cnpq.br\/1031047553170627\">Curr\u00edculo Lattes<\/a><\/p>\n<p>Orientadora: Prof. Dr.\u00a0 Marco Ant\u00f4nio Durlo Tier<\/p>\n<p>Linha de Pesquisa: Novos Materiais e Suas Aplica\u00e7\u00f5es Tecnol\u00f3gicas<\/p>\n<p>Ingresso: 2021\/1<\/p>","protected":false},"excerpt":{"rendered":"<p>Curr\u00edculo Lattes Orientadora: Prof. Dr.\u00a0 Marco Ant\u00f4nio Durlo Tier Linha de Pesquisa: Novos Materiais e Suas Aplica\u00e7\u00f5es Tecnol\u00f3gicas Ingresso: 2021\/1<\/p>\n","protected":false},"author":629,"featured_media":0,"parent":0,"menu_order":0,"comment_status":"closed","ping_status":"closed","template":"","meta":[],"_links":{"self":[{"href":"https:\/\/cursos.unipampa.edu.br\/cursos\/ppeng\/es\/wp-json\/wp\/v2\/pages\/2380"}],"collection":[{"href":"https:\/\/cursos.unipampa.edu.br\/cursos\/ppeng\/es\/wp-json\/wp\/v2\/pages"}],"about":[{"href":"https:\/\/cursos.unipampa.edu.br\/cursos\/ppeng\/es\/wp-json\/wp\/v2\/types\/page"}],"author":[{"embeddable":true,"href":"https:\/\/cursos.unipampa.edu.br\/cursos\/ppeng\/es\/wp-json\/wp\/v2\/users\/629"}],"replies":[{"embeddable":true,"href":"https:\/\/cursos.unipampa.edu.br\/cursos\/ppeng\/es\/wp-json\/wp\/v2\/comments?post=2380"}],"version-history":[{"count":2,"href":"https:\/\/cursos.unipampa.edu.br\/cursos\/ppeng\/es\/wp-json\/wp\/v2\/pages\/2380\/revisions"}],"predecessor-version":[{"id":2385,"href":"https:\/\/cursos.unipampa.edu.br\/cursos\/ppeng\/es\/wp-json\/wp\/v2\/pages\/2380\/revisions\/2385"}],"wp:attachment":[{"href":"https:\/\/cursos.unipampa.edu.br\/cursos\/ppeng\/es\/wp-json\/wp\/v2\/media?parent=2380"}],"curies":[{"name":"wp","href":"https:\/\/api.w.org\/{rel}","templated":true}]}}