
{"id":2372,"date":"2021-06-03T18:27:58","date_gmt":"2021-06-03T21:27:58","guid":{"rendered":"http:\/\/cursos.unipampa.edu.br\/cursos\/ppeng\/?page_id=2372"},"modified":"2021-06-03T18:27:58","modified_gmt":"2021-06-03T21:27:58","slug":"gabriele-espindola-azolim","status":"publish","type":"page","link":"https:\/\/cursos.unipampa.edu.br\/cursos\/ppeng\/es\/gabriele-espindola-azolim\/","title":{"rendered":"Gabriele Espindola Azolim"},"content":{"rendered":"<p style=\"text-align: center\"><a href=\"https:\/\/cursos.unipampa.edu.br\/cursos\/ppeng\/files\/2020\/02\/gabriele-espindola-azolim.jpg\"><img decoding=\"async\" loading=\"lazy\" class=\"alignnone wp-image-1571\" src=\"https:\/\/cursos.unipampa.edu.br\/cursos\/ppeng\/files\/2020\/02\/gabriele-espindola-azolim-300x300.jpg\" alt=\"\" width=\"144\" height=\"144\" srcset=\"https:\/\/cursos.unipampa.edu.br\/cursos\/ppeng\/files\/2020\/02\/gabriele-espindola-azolim-300x300.jpg 300w, https:\/\/cursos.unipampa.edu.br\/cursos\/ppeng\/files\/2020\/02\/gabriele-espindola-azolim-150x150.jpg 150w, https:\/\/cursos.unipampa.edu.br\/cursos\/ppeng\/files\/2020\/02\/gabriele-espindola-azolim-768x767.jpg 768w, https:\/\/cursos.unipampa.edu.br\/cursos\/ppeng\/files\/2020\/02\/gabriele-espindola-azolim.jpg 960w\" sizes=\"(max-width: 144px) 100vw, 144px\" \/><\/a><\/p>\n<p><a href=\"http:\/\/lattes.cnpq.br\/8001336059835375\">Curr\u00edculo Lattes<\/a><\/p>\n<p>Orientadora: Prof. Dr.\u00a0 Marco Ant\u00f4nio Durlo Tier<\/p>\n<p>Linha de Pesquisa: Novos Materiais e suas Aplica\u00e7\u00f5es Tecnol\u00f3gicas<\/p>\n<p>Ingresso: 2019\/1<\/p>\n","protected":false},"excerpt":{"rendered":"<p>Curr\u00edculo Lattes Orientadora: Prof. Dr.\u00a0 Marco Ant\u00f4nio Durlo Tier Linha de Pesquisa: Novos Materiais e suas Aplica\u00e7\u00f5es Tecnol\u00f3gicas Ingresso: 2019\/1<\/p>\n","protected":false},"author":629,"featured_media":0,"parent":0,"menu_order":0,"comment_status":"closed","ping_status":"closed","template":"","meta":[],"_links":{"self":[{"href":"https:\/\/cursos.unipampa.edu.br\/cursos\/ppeng\/es\/wp-json\/wp\/v2\/pages\/2372"}],"collection":[{"href":"https:\/\/cursos.unipampa.edu.br\/cursos\/ppeng\/es\/wp-json\/wp\/v2\/pages"}],"about":[{"href":"https:\/\/cursos.unipampa.edu.br\/cursos\/ppeng\/es\/wp-json\/wp\/v2\/types\/page"}],"author":[{"embeddable":true,"href":"https:\/\/cursos.unipampa.edu.br\/cursos\/ppeng\/es\/wp-json\/wp\/v2\/users\/629"}],"replies":[{"embeddable":true,"href":"https:\/\/cursos.unipampa.edu.br\/cursos\/ppeng\/es\/wp-json\/wp\/v2\/comments?post=2372"}],"version-history":[{"count":1,"href":"https:\/\/cursos.unipampa.edu.br\/cursos\/ppeng\/es\/wp-json\/wp\/v2\/pages\/2372\/revisions"}],"predecessor-version":[{"id":2373,"href":"https:\/\/cursos.unipampa.edu.br\/cursos\/ppeng\/es\/wp-json\/wp\/v2\/pages\/2372\/revisions\/2373"}],"wp:attachment":[{"href":"https:\/\/cursos.unipampa.edu.br\/cursos\/ppeng\/es\/wp-json\/wp\/v2\/media?parent=2372"}],"curies":[{"name":"wp","href":"https:\/\/api.w.org\/{rel}","templated":true}]}}