
{"id":2346,"date":"2021-06-03T15:58:27","date_gmt":"2021-06-03T18:58:27","guid":{"rendered":"http:\/\/cursos.unipampa.edu.br\/cursos\/ppeng\/?page_id=2346"},"modified":"2021-06-03T15:58:27","modified_gmt":"2021-06-03T18:58:27","slug":"caterine-piecha-da-silva","status":"publish","type":"page","link":"https:\/\/cursos.unipampa.edu.br\/cursos\/ppeng\/es\/caterine-piecha-da-silva\/","title":{"rendered":"Caterine Piecha da Silva"},"content":{"rendered":"<p style=\"text-align: center\"><a href=\"https:\/\/cursos.unipampa.edu.br\/cursos\/ppeng\/files\/2021\/06\/caterine.jpg\"><img decoding=\"async\" loading=\"lazy\" class=\"alignnone wp-image-2347\" src=\"https:\/\/cursos.unipampa.edu.br\/cursos\/ppeng\/files\/2021\/06\/caterine-300x200.jpg\" alt=\"\" width=\"185\" height=\"123\" srcset=\"https:\/\/cursos.unipampa.edu.br\/cursos\/ppeng\/files\/2021\/06\/caterine-300x200.jpg 300w, https:\/\/cursos.unipampa.edu.br\/cursos\/ppeng\/files\/2021\/06\/caterine.jpg 550w\" sizes=\"(max-width: 185px) 100vw, 185px\" \/><\/a><\/p>\n<p style=\"text-align: left\"><a href=\"http:\/\/lattes.cnpq.br\/0863755241802388\">Curr\u00edculo Lattes<\/a><\/p>\n<p style=\"text-align: left\"><strong>Orientador<\/strong>: Prof. Dr. Cesar Flaubiano da Cruz Cristaldo<\/p>\n<p><strong>Linha de Pesquisa<\/strong>: Modelagem e Simula\u00e7\u00e3o<\/p>\n<p><strong>Ingresso<\/strong>: 2020\/1<\/p>\n","protected":false},"excerpt":{"rendered":"<p>Curr\u00edculo Lattes Orientador: Prof. Dr. Cesar Flaubiano da Cruz Cristaldo Linha de Pesquisa: Modelagem e Simula\u00e7\u00e3o Ingresso: 2020\/1<\/p>\n","protected":false},"author":629,"featured_media":0,"parent":0,"menu_order":0,"comment_status":"closed","ping_status":"closed","template":"","meta":[],"_links":{"self":[{"href":"https:\/\/cursos.unipampa.edu.br\/cursos\/ppeng\/es\/wp-json\/wp\/v2\/pages\/2346"}],"collection":[{"href":"https:\/\/cursos.unipampa.edu.br\/cursos\/ppeng\/es\/wp-json\/wp\/v2\/pages"}],"about":[{"href":"https:\/\/cursos.unipampa.edu.br\/cursos\/ppeng\/es\/wp-json\/wp\/v2\/types\/page"}],"author":[{"embeddable":true,"href":"https:\/\/cursos.unipampa.edu.br\/cursos\/ppeng\/es\/wp-json\/wp\/v2\/users\/629"}],"replies":[{"embeddable":true,"href":"https:\/\/cursos.unipampa.edu.br\/cursos\/ppeng\/es\/wp-json\/wp\/v2\/comments?post=2346"}],"version-history":[{"count":1,"href":"https:\/\/cursos.unipampa.edu.br\/cursos\/ppeng\/es\/wp-json\/wp\/v2\/pages\/2346\/revisions"}],"predecessor-version":[{"id":2348,"href":"https:\/\/cursos.unipampa.edu.br\/cursos\/ppeng\/es\/wp-json\/wp\/v2\/pages\/2346\/revisions\/2348"}],"wp:attachment":[{"href":"https:\/\/cursos.unipampa.edu.br\/cursos\/ppeng\/es\/wp-json\/wp\/v2\/media?parent=2346"}],"curies":[{"name":"wp","href":"https:\/\/api.w.org\/{rel}","templated":true}]}}