
{"id":2306,"date":"2021-06-03T14:22:11","date_gmt":"2021-06-03T17:22:11","guid":{"rendered":"http:\/\/cursos.unipampa.edu.br\/cursos\/ppeng\/?page_id=2306"},"modified":"2025-10-07T17:17:58","modified_gmt":"2025-10-07T20:17:58","slug":"o-curso","status":"publish","type":"page","link":"https:\/\/cursos.unipampa.edu.br\/cursos\/ppeng\/es\/o-curso\/","title":{"rendered":"O Programa"},"content":{"rendered":"<p><strong>Datos B\u00e1sicos del Programa (Plataforma Sucupira, CAPES)<\/strong><span style=\"font-weight: 400\"><br \/>\n<\/span><span style=\"font-weight: 400\"><strong>Nombre:<\/strong> INGENIER\u00cdA<\/span><span style=\"font-weight: 400\"><br \/>\n<\/span><strong>Nombre del programa en ingl\u00e9s: <\/strong><i><span style=\"font-weight: 400\">Graduate Programme in Engineering<\/span><\/i><i><span style=\"font-weight: 400\"><br \/>\n<\/span><\/i><span style=\"font-weight: 400\"><strong>C\u00f3digo:<\/strong> 42046017004P3<\/span><span style=\"font-weight: 400\"><br \/>\n<\/span><span style=\"font-weight: 400\"><strong>\u00c1rea B\u00e1sica:<\/strong> INGENIER\u00cdA CIVIL (30100003)<\/span><span style=\"font-weight: 400\"><br \/>\n<\/span><span style=\"font-weight: 400\"><strong>\u00c1rea de Evaluaci\u00f3n:<\/strong> INGENIER\u00cdA I<\/span><span style=\"font-weight: 400\"><br \/>\n<\/span><span style=\"font-weight: 400\"><strong>A\u00f1o acad\u00e9mico:<\/strong> SEMANAL<\/span><span style=\"font-weight: 400\"><br \/>\n<\/span><span style=\"font-weight: 400\"><strong>Fecha de recomendaci\u00f3n:<\/strong> 28\/10\/2010<\/span><span style=\"font-weight: 400\"><br \/>\n<\/span><span style=\"font-weight: 400\"><strong>Estado:<\/strong> EN FUNCIONAMIENTO<\/span><span style=\"font-weight: 400\"><br \/>\n<\/span><span style=\"font-weight: 400\"><strong>Nota del M\u00e1ster:<\/strong> 4<\/span><\/p>\n<p><span style=\"font-weight: 400\"><strong>Programa ofertado:<\/strong> M\u00e1ster y Doctorado\u00a0<\/span><\/p>\n<p><span style=\"font-weight: 400\"><strong>Modalidad:<\/strong> Acad\u00e9mica\u00a0<\/span><\/p>\n<p><strong>\u00c1rea de Concentraci\u00f3n:<\/strong> <a href=\"https:\/\/cursos.unipampa.edu.br\/cursos\/ppeng\/area-de-concentracao-e-linhas-de-pesquisa\/\"><span style=\"font-weight: 400\">Tecnolog\u00eda de Materiales y Medio Ambiente<\/span><\/a><\/p>\n<p><strong>L\u00edneas de Investigaci\u00f3n:<\/strong><\/p>\n<ul>\n<li style=\"list-style-type: none\">\n<ul>\n<li style=\"font-weight: 400\"><a href=\"https:\/\/cursos.unipampa.edu.br\/cursos\/ppeng\/area-de-concentracao-e-linhas-de-pesquisa\/\"><span style=\"font-weight: 400\">Materiales y Estructuras<\/span><\/a><\/li>\n<li style=\"font-weight: 400\"><a href=\"https:\/\/cursos.unipampa.edu.br\/cursos\/ppeng\/area-de-concentracao-e-linhas-de-pesquisa\/\"><span style=\"font-weight: 400\">Modelizaci\u00f3n y Simulaci\u00f3n<\/span><\/a><\/li>\n<li style=\"font-weight: 400\"><a href=\"https:\/\/cursos.unipampa.edu.br\/cursos\/ppeng\/area-de-concentracao-e-linhas-de-pesquisa\/\"><span style=\"font-weight: 400\">Nuevos Materiales y sus Aplicaciones Tecnol\u00f3gicas<\/span><\/a><\/li>\n<\/ul>\n<\/li>\n<\/ul>\n<p><span style=\"font-weight: 400\"><strong>Admisi\u00f3n:<\/strong> Semestral<\/span><\/p>\n<p><span style=\"font-weight: 400\"><strong>Duraci\u00f3n:<\/strong> 24 meses<\/span><\/p>\n<hr \/>\n<p><strong>DIRECCI\u00d3N DEL PROGRAMA (06\/2025-06\/2027):<\/strong><\/p>\n<p>\u2013 Coordinador: Prof. Dr. Chiara Valsecchi<\/p>\n<p>\u2013 Coordinador Suplente:Prof. Dr. <a href=\"http:\/\/lattes.cnpq.br\/9084066665891488\">Luis Eduardo Kosteski<\/a><\/p>\n<hr \/>\n<p style=\"text-align: justify\"><strong>Objetivos:<br \/>\n<\/strong><span style=\"font-weight: 400\">El Programa de Posgrado en Ingenier\u00eda de la UNIPAMPA tiene como objetivo principal formar recursos humanos calificados para desempe\u00f1arse tanto como futuros investigadores en instituciones de docencia, investigaci\u00f3n y desarrollo tecnol\u00f3gico, como profesionales en el sector p\u00fablico o privado, realizando investigaci\u00f3n de alto nivel y resolviendo problemas relevantes para la sociedad en las \u00e1reas de Materiales y Medio Ambiente y sus implicaciones en la Construcci\u00f3n Civil.<\/span><span style=\"font-weight: 400\"><br \/>\n<\/span><span style=\"font-weight: 400\">Adem\u00e1s de las actividades de investigaci\u00f3n, inherentes a un posgrado <\/span><i><span style=\"font-weight: 400\">Stricto Sensu<\/span><\/i><span style=\"font-weight: 400\">, seg\u00fan el \u00edtem 3.6 del PDI de la UNIPAMPA, el Programa tambi\u00e9n tiene como objetivo la realizaci\u00f3n de estudios t\u00e9cnicos y cient\u00edficos que puedan contribuir al progreso cient\u00edfico y tecnol\u00f3gico del Mercosur, y especialmente de la regi\u00f3n de la frontera sur de <\/span><i><span style=\"font-weight: 400\">Rio Grande do Sul<\/span><\/i><span style=\"font-weight: 400\">. Estos estudios pretenden atender a las necesidades de cualificaci\u00f3n de mano de obra del sector productivo de la regi\u00f3n en Ingenier\u00eda Civil y Ambiental.<\/span><span style=\"font-weight: 400\"><br \/>\n<\/span><span style=\"font-weight: 400\">Por lo tanto, es importante incentivar la formaci\u00f3n de futuros cient\u00edficos en el \u00e1rea, a trav\u00e9s de acciones conjuntas con cursos de graduaci\u00f3n en Ingenier\u00eda Civil y otros que est\u00e9n relacionados o tengan conocimientos pertinentes al \u00e1rea de concentraci\u00f3n de este Programa, tales como cursos de Ingenier\u00eda Agron\u00f3mica, Ingenier\u00eda Mec\u00e1nica, Ingenier\u00eda de Materiales, Ingenier\u00eda El\u00e9ctrica, Ingenier\u00eda de Alimentos, Ingenier\u00eda de Energ\u00edas Renovables y Medio Ambiente, Ingenier\u00eda de Producci\u00f3n, Ingenier\u00eda Qu\u00edmica, F\u00edsica, Qu\u00edmica y Matem\u00e1tica.<\/span><\/p>\n<hr \/>\n<p><strong>Misi\u00f3n:<\/strong><span style=\"font-weight: 400\"><br \/>\n<\/span><span style=\"font-weight: 400\">La misi\u00f3n del PPEng es formar recursos humanos de calidad comprometidos con el incremento de la diversificaci\u00f3n econ\u00f3mica, la creaci\u00f3n de productos de valor agregado y la maduraci\u00f3n intelectual para el desarrollo regional sostenible.<\/span><\/p>\n<p style=\"text-align: justify\"><strong>Visi\u00f3n:<\/strong><span style=\"font-weight: 400\"><br \/>\n<\/span><span style=\"font-weight: 400\">El PPEng pretende ser una referencia en la formaci\u00f3n de recursos humanos calificados y en la producci\u00f3n de conocimiento y tecnolog\u00eda en las regiones de la Pampa Gaucha (que comprende las Fronteras Sur y Oeste de Rio Grande do Sul) y sus pa\u00edses vecinos del Mercosur pr\u00f3ximos a Alegrete (Argentina y Uruguay).<\/span><\/p>\n<hr \/>\n<p><b>Perfil del graduado<\/b><\/p>\n<p style=\"text-align: justify\"><span style=\"font-weight: 400\">La funci\u00f3n del PPEng es proporcionar a los estudiantes una s\u00f3lida formaci\u00f3n acad\u00e9mica generalista y emancipadora en sus \u00e1reas de conocimiento. La formaci\u00f3n de recursos humanos se orienta a la aplicaci\u00f3n del m\u00e9todo cient\u00edfico en la resoluci\u00f3n de problemas y con una amplia comprensi\u00f3n del proceso de investigaci\u00f3n, desarrollo e innovaci\u00f3n. Por ello, los egresados del programa de Maestr\u00eda en Ingenier\u00eda ser\u00e1n capaces de realizar estudios, desarrollar y proponer m\u00e9todos, t\u00e9cnicas y herramientas para implementar soluciones en diversas \u00e1reas de inter\u00e9s de la Ingenier\u00eda Civil y Ambiental. Dado que las l\u00edneas de investigaci\u00f3n y la mayor\u00eda de los proyectos desarrollados en el programa responden a las demandas de la regi\u00f3n, los egresados podr\u00e1n contribuir a las demandas regionales una vez finalizado el m\u00e1ster.<\/span><\/p>\n<hr \/>\n<p style=\"text-align: justify\"><strong>Requisitos de graduaci\u00f3n:<\/strong><\/p>\n<ul style=\"text-align: justify\">\n<li><span style=\"font-weight: 400\">Veinticuatro (24) cr\u00e9ditos cursados en asignaturas:<\/span>\n<ul>\n<li><a href=\"https:\/\/cursos.unipampa.edu.br\/cursos\/ppeng\/novas-disciplinas\/\"><span style=\"font-weight: 400\">Cr\u00e9ditos en asignaturas obligatorias<\/span><\/a>: 6 cr\u00e9ditos.<\/li>\n<li><a href=\"https:\/\/cursos.unipampa.edu.br\/cursos\/ppeng\/novas-disciplinas\/\"><span style=\"font-weight: 400\">Cr\u00e9ditos en asignaturas optativas<\/span><\/a>: 14 cr\u00e9ditos.<\/li>\n<li><a href=\"https:\/\/cursos.unipampa.edu.br\/cursos\/ppeng\/estagio-de-docencia\/\"><span style=\"font-weight: 400\">Pr\u00e1cticas docentes<\/span><\/a>: 2 cr\u00e9ditos.<\/li>\n<li><a href=\"https:\/\/cursos.unipampa.edu.br\/cursos\/ppeng\/estudos-dirigidos-i\/\"><span style=\"font-weight: 400\">Estudios dirigidos I<\/span><\/a>: 2 cr\u00e9ditos.<\/li>\n<\/ul>\n<\/li>\n<li style=\"font-weight: 400\"><span style=\"font-weight: 400\">Superaci\u00f3n del examen de acceso al M\u00e1ster.<\/span><\/li>\n<li style=\"font-weight: 400\"><span style=\"font-weight: 400\">Superaci\u00f3n de una prueba de nivel de ingl\u00e9s.<\/span><\/li>\n<li style=\"font-weight: 400\"><span style=\"font-weight: 400\">Publicaci\u00f3n de al menos un art\u00edculo completo en los anales cient\u00edficos.<\/span><\/li>\n<li style=\"font-weight: 400\"><span style=\"font-weight: 400\">Participaci\u00f3n acreditada en al menos 10 conferencias\/seminarios\/defensas de tesis\/disertaci\u00f3n.<\/span><\/li>\n<li style=\"font-weight: 400\"><span style=\"font-weight: 400\">Aprobaci\u00f3n en la defensa de tesis de m\u00e1ster*<\/span><\/li>\n<\/ul>\n<hr \/>\n<p><span style=\"font-weight: 400\">* La defensa del estudiante s\u00f3lo se autorizar\u00e1 una vez cumplidos todos los dem\u00e1s requisitos para la obtenci\u00f3n del t\u00edtulo.<\/span><\/p>\n<p style=\"text-align: justify\"><strong>Requisitos para a titula\u00e7\u00e3o de doutor:<\/strong><\/p>\n<ul style=\"text-align: justify\">\n<li>\u00a0Vinte e oito (36) cr\u00e9ditos cursados em disciplinas, sendo:\n<ul>\n<li><a href=\"https:\/\/cursos.unipampa.edu.br\/cursos\/ppeng\/novas-disciplinas\/\">Cr\u00e9ditos em disciplinas<\/a>: 28 cr\u00e9ditos.<\/li>\n<li><a href=\"https:\/\/cursos.unipampa.edu.br\/cursos\/ppeng\/estagio-de-docencia\/\">Est\u00e1gio de doc\u00eancia I<\/a>: 2 cr\u00e9ditos.<\/li>\n<li><a href=\"https:\/\/cursos.unipampa.edu.br\/cursos\/ppeng\/estagio-de-docencia\/\">Est\u00e1gio de doc\u00eancia II<\/a>: 2 cr\u00e9ditos.<\/li>\n<li><a href=\"https:\/\/cursos.unipampa.edu.br\/cursos\/ppeng\/estudos-dirigidos-i\/\">Estudos dirigidos I<\/a>: 2 cr\u00e9ditos.<\/li>\n<li><a href=\"https:\/\/cursos.unipampa.edu.br\/cursos\/ppeng\/estudos-dirigidos-i\/\">Estudos dirigidos II<\/a>: 2 cr\u00e9ditos.<\/li>\n<\/ul>\n<\/li>\n<\/ul>\n<ul style=\"text-align: justify\">\n<li>Aprova\u00e7\u00e3o em Exame de Qualifica\u00e7\u00e3o de Doutorado.<\/li>\n<li>Aprova\u00e7\u00e3o em teste de profici\u00eancia em L\u00edngua Inglesa e outra L\u00edngua estrangeira.<\/li>\n<li>Publica\u00e7\u00e3o de, pelo menos, um artigo cient\u00edfico em revista indexada ou com Qualis.<\/li>\n<li>Participa\u00e7\u00e3o devidamente comprovada em, pelo menos, 20 palestras\/semin\u00e1rios\/defesas de tese\/disserta\u00e7\u00e3o.<\/li>\n<li>Aprova\u00e7\u00e3o em Defesa de Tese de Doutorado*.<\/li>\n<\/ul>\n<hr \/>\n<p style=\"text-align: justify\">* Somente ser\u00e1 autorizada a defesa do(a) discente ap\u00f3s a conclus\u00e3o de todos os outros requisitos para a titula\u00e7\u00e3o.<\/p>\n<p><\/p>","protected":false},"excerpt":{"rendered":"<p>Datos B\u00e1sicos del Programa (Plataforma Sucupira, CAPES) Nombre: INGENIER\u00cdA Nombre del programa en ingl\u00e9s: Graduate Programme in Engineering C\u00f3digo: 42046017004P3 \u00c1rea B\u00e1sica: INGENIER\u00cdA CIVIL (30100003) \u00c1rea de Evaluaci\u00f3n: INGENIER\u00cdA I A\u00f1o acad\u00e9mico: SEMANAL Fecha de recomendaci\u00f3n: 28\/10\/2010 Estado: EN FUNCIONAMIENTO Nota del M\u00e1ster: 4 Programa ofertado: M\u00e1ster y Doctorado\u00a0 Modalidad: Acad\u00e9mica\u00a0 \u00c1rea de Concentraci\u00f3n: Tecnolog\u00eda [&hellip;]<\/p>\n","protected":false},"author":629,"featured_media":0,"parent":0,"menu_order":0,"comment_status":"closed","ping_status":"closed","template":"","meta":[],"_links":{"self":[{"href":"https:\/\/cursos.unipampa.edu.br\/cursos\/ppeng\/es\/wp-json\/wp\/v2\/pages\/2306"}],"collection":[{"href":"https:\/\/cursos.unipampa.edu.br\/cursos\/ppeng\/es\/wp-json\/wp\/v2\/pages"}],"about":[{"href":"https:\/\/cursos.unipampa.edu.br\/cursos\/ppeng\/es\/wp-json\/wp\/v2\/types\/page"}],"author":[{"embeddable":true,"href":"https:\/\/cursos.unipampa.edu.br\/cursos\/ppeng\/es\/wp-json\/wp\/v2\/users\/629"}],"replies":[{"embeddable":true,"href":"https:\/\/cursos.unipampa.edu.br\/cursos\/ppeng\/es\/wp-json\/wp\/v2\/comments?post=2306"}],"version-history":[{"count":51,"href":"https:\/\/cursos.unipampa.edu.br\/cursos\/ppeng\/es\/wp-json\/wp\/v2\/pages\/2306\/revisions"}],"predecessor-version":[{"id":4217,"href":"https:\/\/cursos.unipampa.edu.br\/cursos\/ppeng\/es\/wp-json\/wp\/v2\/pages\/2306\/revisions\/4217"}],"wp:attachment":[{"href":"https:\/\/cursos.unipampa.edu.br\/cursos\/ppeng\/es\/wp-json\/wp\/v2\/media?parent=2306"}],"curies":[{"name":"wp","href":"https:\/\/api.w.org\/{rel}","templated":true}]}}