
{"id":2295,"date":"2021-06-03T13:43:27","date_gmt":"2021-06-03T16:43:27","guid":{"rendered":"http:\/\/cursos.unipampa.edu.br\/cursos\/ppeng\/?page_id=2295"},"modified":"2025-08-12T16:54:25","modified_gmt":"2025-08-12T19:54:25","slug":"novas-disciplinas","status":"publish","type":"page","link":"https:\/\/cursos.unipampa.edu.br\/cursos\/ppeng\/es\/novas-disciplinas\/","title":{"rendered":"Disciplinas"},"content":{"rendered":"<p><\/p>\n<p style=\"text-align: justify\">O Curso de Mestrado Acad\u00eamico do Programa de P\u00f3s-Gradua\u00e7\u00e3o em Engenharia (PPEng) oferta semestralmente um conjunto de disciplinas para que os(as) discentes sejam capazes de cumprir os cr\u00e9ditos necess\u00e1rios em disciplinas durante o primeiro ano de curso.<\/p>\n<p style=\"text-align: justify\">O conjunto de disciplinas do programa \u00e9 estruturado de forma que o(a) discente tenha a forma\u00e7\u00e3o necess\u00e1ria para pesquisar sobre os temas abordados no contexto das tr\u00eas linhas de pesquisa do programa.<\/p>\n<p style=\"text-align: justify\">As disciplinas do s\u00e3o comuns \u00e0 todas as linhas de pesquisa do programa, ficando a crit\u00e9rio do(a) discente e seu(sua) orientador(a) decidir sobre quais disciplinas est\u00e3o mais relacionadas ao tema de pesquisa escolhido para elabora\u00e7\u00e3o da disserta\u00e7\u00e3o.<\/p>\n<p style=\"text-align: justify\">A partir da reestrutura\u00e7\u00e3o do programa, ocorrida em 2021, o conjunto atual de disciplinas do PPEng \u00e9:<\/p>\n<p>&nbsp;<\/p>\n<table style=\"border-collapse: collapse;width: 99.8366%;height: 1056px\" border=\"1\">\n<tbody>\n<tr style=\"height: 48px\">\n<td style=\"width: 73.8562%;height: 48px\" data-sheets-value=\"{&quot;1&quot;:2,&quot;2&quot;:&quot;Disciplina&quot;}\">\n<p class=\"Texto_Alinhado_Esquerda\"><strong>Disciplina<\/strong><\/p>\n<\/td>\n<td style=\"width: 11.4379%;text-align: center;height: 48px\" data-sheets-value=\"{&quot;1&quot;:2,&quot;2&quot;:&quot;Cr\u00e9ditos&quot;}\">\n<p class=\"Texto_Alinhado_Esquerda\"><strong>Cr\u00e9ditos<\/strong><\/p>\n<\/td>\n<td style=\"width: 14.5425%;text-align: center;height: 48px\" data-sheets-value=\"{&quot;1&quot;:2,&quot;2&quot;:&quot;Status&quot;}\">\n<p class=\"Texto_Alinhado_Esquerda\"><strong>Obrigat\u00f3ria<\/strong><\/p>\n<\/td>\n<\/tr>\n<tr style=\"height: 48px\">\n<td style=\"width: 73.8562%;height: 48px\" data-sheets-value=\"{&quot;1&quot;:2,&quot;2&quot;:&quot;Est\u00e1gio em doc\u00eancia&quot;}\">\n<p class=\"Texto_Alinhado_Esquerda\"><a href=\"https:\/\/cursos.unipampa.edu.br\/cursos\/ppeng\/estagio-de-docencia\/\">Est\u00e1gio em doc\u00eancia<\/a><\/p>\n<\/td>\n<td style=\"width: 11.4379%;text-align: center;height: 48px\" data-sheets-value=\"{&quot;1&quot;:3,&quot;3&quot;:2}\">\n<p class=\"Texto_Alinhado_Esquerda\">2<\/p>\n<\/td>\n<td style=\"width: 14.5425%;text-align: center;height: 48px\" data-sheets-value=\"{&quot;1&quot;:2,&quot;2&quot;:&quot;Obrigat\u00f3ria&quot;}\">\n<p class=\"Texto_Alinhado_Esquerda\">Sim<\/p>\n<\/td>\n<\/tr>\n<tr style=\"height: 48px\">\n<td style=\"width: 73.8562%;height: 48px\" data-sheets-value=\"{&quot;1&quot;:2,&quot;2&quot;:&quot;Estudos dirigidos&quot;}\">\n<p class=\"Texto_Alinhado_Esquerda\"><a href=\"https:\/\/cursos.unipampa.edu.br\/cursos\/ppeng\/estudos-dirigidos-i\/\">Estudos dirigidos I<\/a><\/p>\n<\/td>\n<td style=\"width: 11.4379%;text-align: center;height: 48px\" data-sheets-value=\"{&quot;1&quot;:3,&quot;3&quot;:2}\">\n<p class=\"Texto_Alinhado_Esquerda\">2<\/p>\n<\/td>\n<td style=\"width: 14.5425%;text-align: center;height: 48px\" data-sheets-value=\"{&quot;1&quot;:2,&quot;2&quot;:&quot;Obrigat\u00f3ria&quot;}\">\n<p class=\"Texto_Alinhado_Esquerda\">Sim<\/p>\n<\/td>\n<\/tr>\n<tr style=\"height: 48px\">\n<td style=\"width: 73.8562%;height: 48px\" data-sheets-value=\"{&quot;1&quot;:2,&quot;2&quot;:&quot;Metodologia do trabalho cient\u00edfico&quot;}\">\n<p class=\"Texto_Alinhado_Esquerda\"><a href=\"https:\/\/cursos.unipampa.edu.br\/cursos\/ppeng\/metodologia-do-trabalho-cientifico\/\">Metodologia do trabalho cient\u00edfico<\/a><\/p>\n<\/td>\n<td style=\"width: 11.4379%;text-align: center;height: 48px\" data-sheets-value=\"{&quot;1&quot;:3,&quot;3&quot;:2}\">\n<p class=\"Texto_Alinhado_Esquerda\">2<\/p>\n<\/td>\n<td style=\"width: 14.5425%;text-align: center;height: 48px\" data-sheets-value=\"{&quot;1&quot;:2,&quot;2&quot;:&quot;Obrigat\u00f3ria&quot;}\">\n<p class=\"Texto_Alinhado_Esquerda\">Sim<\/p>\n<\/td>\n<\/tr>\n<tr style=\"height: 48px\">\n<td style=\"width: 73.8562%;height: 48px\" data-sheets-value=\"{&quot;1&quot;:2,&quot;2&quot;:&quot;Planejamento experimental e otimiza\u00e7\u00e3o de processos&quot;}\">\n<p class=\"Texto_Alinhado_Esquerda\"><a href=\"https:\/\/cursos.unipampa.edu.br\/cursos\/ppeng\/planejamento-experimental-e-otimizacao-de-processos\/\">Planejamento experimental e otimiza\u00e7\u00e3o de processos<\/a><\/p>\n<\/td>\n<td style=\"width: 11.4379%;text-align: center;height: 48px\" data-sheets-value=\"{&quot;1&quot;:3,&quot;3&quot;:2}\">\n<p class=\"Texto_Alinhado_Esquerda\">2<\/p>\n<\/td>\n<td style=\"width: 14.5425%;text-align: center;height: 48px\" data-sheets-value=\"{&quot;1&quot;:2,&quot;2&quot;:&quot;Obrigat\u00f3ria&quot;}\">\n<p class=\"Texto_Alinhado_Esquerda\">Sim<\/p>\n<\/td>\n<\/tr>\n<tr style=\"height: 48px\">\n<td style=\"width: 73.8562%;height: 48px\" data-sheets-value=\"{&quot;1&quot;:2,&quot;2&quot;:&quot;Materiais e Meio ambiente&quot;}\">\n<p class=\"Texto_Alinhado_Esquerda\"><a href=\"https:\/\/cursos.unipampa.edu.br\/cursos\/ppeng\/materiais-e-meio-ambiente\/\">Materiais e Meio ambiente<\/a><\/p>\n<\/td>\n<td style=\"width: 11.4379%;text-align: center;height: 48px\" data-sheets-value=\"{&quot;1&quot;:3,&quot;3&quot;:2}\">\n<p class=\"Texto_Alinhado_Esquerda\">2<\/p>\n<\/td>\n<td style=\"width: 14.5425%;text-align: center;height: 48px\" data-sheets-value=\"{&quot;1&quot;:2,&quot;2&quot;:&quot;Obrigat\u00f3ria&quot;}\">\n<p class=\"Texto_Alinhado_Esquerda\">Sim<\/p>\n<\/td>\n<\/tr>\n<tr style=\"height: 48px\">\n<td style=\"width: 73.8562%;height: 48px\" data-sheets-value=\"{&quot;1&quot;:2,&quot;2&quot;:&quot;An\u00e1lise estrutural&quot;}\">\n<p class=\"Texto_Alinhado_Esquerda\"><a href=\"https:\/\/cursos.unipampa.edu.br\/cursos\/ppeng\/analise-estrutural\/\">An\u00e1lise estrutural<\/a><\/p>\n<\/td>\n<td style=\"width: 11.4379%;text-align: center;height: 48px\" data-sheets-value=\"{&quot;1&quot;:3,&quot;3&quot;:2}\">\n<p class=\"Texto_Alinhado_Esquerda\">2<\/p>\n<\/td>\n<td style=\"width: 14.5425%;text-align: center;height: 48px\" data-sheets-value=\"{&quot;1&quot;:2,&quot;2&quot;:&quot;Optativa&quot;}\">\n<p class=\"Texto_Alinhado_Esquerda\">N\u00e3o<\/p>\n<\/td>\n<\/tr>\n<tr style=\"height: 48px\">\n<td style=\"width: 73.8562%;height: 48px\" data-sheets-value=\"{&quot;1&quot;:2,&quot;2&quot;:&quot;Ci\u00eancia dos materiais&quot;}\">\n<p class=\"Texto_Alinhado_Esquerda\"><a href=\"https:\/\/cursos.unipampa.edu.br\/cursos\/ppeng\/ciencia-dos-materiais\/\">Ci\u00eancia dos materiais<\/a><\/p>\n<\/td>\n<td style=\"width: 11.4379%;text-align: center;height: 48px\" data-sheets-value=\"{&quot;1&quot;:3,&quot;3&quot;:4}\">\n<p class=\"Texto_Alinhado_Esquerda\">4<\/p>\n<\/td>\n<td style=\"width: 14.5425%;text-align: center;height: 48px\" data-sheets-value=\"{&quot;1&quot;:2,&quot;2&quot;:&quot;Optativa&quot;}\">\n<p class=\"Texto_Alinhado_Esquerda\">N\u00e3o<\/p>\n<\/td>\n<\/tr>\n<tr style=\"height: 48px\">\n<td style=\"width: 73.8562%;height: 48px\" data-sheets-value=\"{&quot;1&quot;:2,&quot;2&quot;:&quot;Fundamentos de an\u00e1lise experimental de estruturas&quot;}\">\n<p class=\"Texto_Alinhado_Esquerda\"><a href=\"https:\/\/cursos.unipampa.edu.br\/cursos\/ppeng\/fundamentos-de-analise-experimental-de-estruturas\/\">Fundamentos de an\u00e1lise experimental de estruturas<\/a><\/p>\n<\/td>\n<td style=\"width: 11.4379%;text-align: center;height: 48px\" data-sheets-value=\"{&quot;1&quot;:3,&quot;3&quot;:2}\">\n<p class=\"Texto_Alinhado_Esquerda\">2<\/p>\n<\/td>\n<td style=\"width: 14.5425%;text-align: center;height: 48px\" data-sheets-value=\"{&quot;1&quot;:2,&quot;2&quot;:&quot;Optativa&quot;}\">\n<p class=\"Texto_Alinhado_Esquerda\">N\u00e3o<\/p>\n<\/td>\n<\/tr>\n<tr style=\"height: 48px\">\n<td style=\"width: 73.8562%;height: 48px\" data-sheets-value=\"{&quot;1&quot;:2,&quot;2&quot;:&quot;Fundamentos de mec\u00e2nica dos s\u00f3lidos&quot;}\">\n<p class=\"Texto_Alinhado_Esquerda\"><a href=\"https:\/\/cursos.unipampa.edu.br\/cursos\/ppeng\/fundamentos-de-mecanica-dos-solidos\/\">Fundamentos de mec\u00e2nica dos s\u00f3lidos<\/a><\/p>\n<\/td>\n<td style=\"width: 11.4379%;text-align: center;height: 48px\" data-sheets-value=\"{&quot;1&quot;:3,&quot;3&quot;:4}\">\n<p class=\"Texto_Alinhado_Esquerda\">4<\/p>\n<\/td>\n<td style=\"width: 14.5425%;text-align: center;height: 48px\" data-sheets-value=\"{&quot;1&quot;:2,&quot;2&quot;:&quot;Optativa&quot;}\">\n<p class=\"Texto_Alinhado_Esquerda\">N\u00e3o<\/p>\n<\/td>\n<\/tr>\n<tr style=\"height: 48px\">\n<td style=\"width: 73.8562%;height: 48px\" data-sheets-value=\"{&quot;1&quot;:2,&quot;2&quot;:&quot;Fundamentos do m\u00e9todo de elementos finitos&quot;}\">\n<p class=\"Texto_Alinhado_Esquerda\"><a href=\"https:\/\/cursos.unipampa.edu.br\/cursos\/ppeng\/fundamentos-do-metodo-de-elementos-finitos\/\">Fundamentos do m\u00e9todo de elementos finitos<\/a><\/p>\n<\/td>\n<td style=\"width: 11.4379%;text-align: center;height: 48px\" data-sheets-value=\"{&quot;1&quot;:3,&quot;3&quot;:4}\">\n<p class=\"Texto_Alinhado_Esquerda\">4<\/p>\n<\/td>\n<td style=\"width: 14.5425%;text-align: center;height: 48px\" data-sheets-value=\"{&quot;1&quot;:2,&quot;2&quot;:&quot;Optativa&quot;}\">\n<p class=\"Texto_Alinhado_Esquerda\">N\u00e3o<\/p>\n<\/td>\n<\/tr>\n<tr style=\"height: 48px\">\n<td style=\"width: 73.8562%;height: 48px\" data-sheets-value=\"{&quot;1&quot;:2,&quot;2&quot;:&quot;Introdu\u00e7\u00e3o \u00e0 mec\u00e2nica do cont\u00ednuo&quot;}\">\n<p class=\"Texto_Alinhado_Esquerda\"><a href=\"https:\/\/cursos.unipampa.edu.br\/cursos\/ppeng\/introducao-a-mecanica-do-continuo\/\">Introdu\u00e7\u00e3o \u00e0 mec\u00e2nica do cont\u00ednuo<\/a><\/p>\n<\/td>\n<td style=\"width: 11.4379%;text-align: center;height: 48px\" data-sheets-value=\"{&quot;1&quot;:3,&quot;3&quot;:4}\">\n<p class=\"Texto_Alinhado_Esquerda\">4<\/p>\n<\/td>\n<td style=\"width: 14.5425%;text-align: center;height: 48px\" data-sheets-value=\"{&quot;1&quot;:2,&quot;2&quot;:&quot;Optativa&quot;}\">\n<p class=\"Texto_Alinhado_Esquerda\">N\u00e3o<\/p>\n<\/td>\n<\/tr>\n<tr style=\"height: 48px\">\n<td style=\"width: 73.8562%;height: 48px\" data-sheets-value=\"{&quot;1&quot;:2,&quot;2&quot;:&quot;Introdu\u00e7\u00e3o ao desenvolvimento sustent\u00e1vel: clima e energia&quot;}\">\n<p class=\"Texto_Alinhado_Esquerda\"><a href=\"https:\/\/cursos.unipampa.edu.br\/cursos\/ppeng\/introducao-ao-desenvolvimento-sustentavel-clima-e-energia\/\">Introdu\u00e7\u00e3o ao desenvolvimento sustent\u00e1vel: clima e energia<\/a><\/p>\n<\/td>\n<td style=\"width: 11.4379%;text-align: center;height: 48px\" data-sheets-value=\"{&quot;1&quot;:3,&quot;3&quot;:4}\">\n<p class=\"Texto_Alinhado_Esquerda\">4<\/p>\n<\/td>\n<td style=\"width: 14.5425%;text-align: center;height: 48px\" data-sheets-value=\"{&quot;1&quot;:2,&quot;2&quot;:&quot;Optativa&quot;}\">\n<p class=\"Texto_Alinhado_Esquerda\">N\u00e3o<\/p>\n<\/td>\n<\/tr>\n<tr style=\"height: 48px\">\n<td style=\"width: 73.8562%;height: 48px\" data-sheets-value=\"{&quot;1&quot;:2,&quot;2&quot;:&quot;Materiais comp\u00f3sitos&quot;}\">\n<p class=\"Texto_Alinhado_Esquerda\"><a href=\"https:\/\/cursos.unipampa.edu.br\/cursos\/ppeng\/materiais-compositos\/\">Materiais comp\u00f3sitos<\/a><\/p>\n<\/td>\n<td style=\"width: 11.4379%;text-align: center;height: 48px\" data-sheets-value=\"{&quot;1&quot;:3,&quot;3&quot;:4}\">\n<p class=\"Texto_Alinhado_Esquerda\">4<\/p>\n<\/td>\n<td style=\"width: 14.5425%;text-align: center;height: 48px\" data-sheets-value=\"{&quot;1&quot;:2,&quot;2&quot;:&quot;Optativa&quot;}\">\n<p class=\"Texto_Alinhado_Esquerda\">N\u00e3o<\/p>\n<\/td>\n<\/tr>\n<tr style=\"height: 48px\">\n<td style=\"width: 73.8562%;height: 48px\" data-sheets-value=\"{&quot;1&quot;:2,&quot;2&quot;:&quot;Mecanismos de deforma\u00e7\u00e3o e fratura dos materiais&quot;}\">\n<p class=\"Texto_Alinhado_Esquerda\"><a href=\"https:\/\/cursos.unipampa.edu.br\/cursos\/ppeng\/mecanismos-de-deformacao-e-fratura-dos-materiais\/\">Mecanismos de deforma\u00e7\u00e3o e fratura dos materiais<\/a><\/p>\n<\/td>\n<td style=\"width: 11.4379%;text-align: center;height: 48px\" data-sheets-value=\"{&quot;1&quot;:3,&quot;3&quot;:2}\">\n<p class=\"Texto_Alinhado_Esquerda\">2<\/p>\n<\/td>\n<td style=\"width: 14.5425%;text-align: center;height: 48px\" data-sheets-value=\"{&quot;1&quot;:2,&quot;2&quot;:&quot;Optativa&quot;}\">\n<p class=\"Texto_Alinhado_Esquerda\">N\u00e3o<\/p>\n<\/td>\n<\/tr>\n<tr style=\"height: 48px\">\n<td style=\"width: 73.8562%;height: 48px\" data-sheets-value=\"{&quot;1&quot;:2,&quot;2&quot;:&quot;M\u00e9todos matem\u00e1ticos em engenharia&quot;}\">\n<p class=\"Texto_Alinhado_Esquerda\"><a href=\"https:\/\/cursos.unipampa.edu.br\/cursos\/ppeng\/metodos-matematicos-em-engenharia\/\">M\u00e9todos matem\u00e1ticos em engenharia<\/a><\/p>\n<\/td>\n<td style=\"width: 11.4379%;text-align: center;height: 48px\" data-sheets-value=\"{&quot;1&quot;:3,&quot;3&quot;:4}\">\n<p class=\"Texto_Alinhado_Esquerda\">4<\/p>\n<\/td>\n<td style=\"width: 14.5425%;text-align: center;height: 48px\" data-sheets-value=\"{&quot;1&quot;:2,&quot;2&quot;:&quot;Optativa&quot;}\">\n<p class=\"Texto_Alinhado_Esquerda\">N\u00e3o<\/p>\n<\/td>\n<\/tr>\n<tr style=\"height: 48px\">\n<td style=\"width: 73.8562%;height: 48px\" data-sheets-value=\"{&quot;1&quot;:2,&quot;2&quot;:&quot;M\u00e9todos num\u00e9ricos em engenharia&quot;}\">\n<p class=\"Texto_Alinhado_Esquerda\"><a href=\"https:\/\/cursos.unipampa.edu.br\/cursos\/ppeng\/metodos-numericos-em-engenharia\/\">M\u00e9todos num\u00e9ricos em engenharia<\/a><\/p>\n<\/td>\n<td style=\"width: 11.4379%;text-align: center;height: 48px\" data-sheets-value=\"{&quot;1&quot;:3,&quot;3&quot;:4}\">\n<p class=\"Texto_Alinhado_Esquerda\">4<\/p>\n<\/td>\n<td style=\"width: 14.5425%;text-align: center;height: 48px\" data-sheets-value=\"{&quot;1&quot;:2,&quot;2&quot;:&quot;Optativa&quot;}\">\n<p class=\"Texto_Alinhado_Esquerda\">N\u00e3o<\/p>\n<\/td>\n<\/tr>\n<tr style=\"height: 48px\">\n<td style=\"width: 73.8562%;height: 48px\" data-sheets-value=\"{&quot;1&quot;:2,&quot;2&quot;:&quot;Processos hidroclim\u00e1ticos&quot;}\">\n<p class=\"Texto_Alinhado_Esquerda\"><a href=\"https:\/\/cursos.unipampa.edu.br\/cursos\/ppeng\/processos-hidroclimaticos\/\">Processos hidroclim\u00e1ticos<\/a><\/p>\n<\/td>\n<td style=\"width: 11.4379%;text-align: center;height: 48px\" data-sheets-value=\"{&quot;1&quot;:3,&quot;3&quot;:2}\">\n<p class=\"Texto_Alinhado_Esquerda\">2<\/p>\n<\/td>\n<td style=\"width: 14.5425%;text-align: center;height: 48px\" data-sheets-value=\"{&quot;1&quot;:2,&quot;2&quot;:&quot;Optativa&quot;}\">\n<p class=\"Texto_Alinhado_Esquerda\">N\u00e3o<\/p>\n<\/td>\n<\/tr>\n<tr style=\"height: 48px\">\n<td style=\"width: 73.8562%;height: 48px\" data-sheets-value=\"{&quot;1&quot;:2,&quot;2&quot;:&quot;T\u00e9cnicas de caracteriza\u00e7\u00e3o dos materiais i&quot;}\">\n<p class=\"Texto_Alinhado_Esquerda\"><a href=\"https:\/\/cursos.unipampa.edu.br\/cursos\/ppeng\/tecnicas-de-caracterizacao-dos-materiais-i\/\">T\u00e9cnicas de caracteriza\u00e7\u00e3o dos materiais I<\/a><\/p>\n<\/td>\n<td style=\"width: 11.4379%;text-align: center;height: 48px\" data-sheets-value=\"{&quot;1&quot;:3,&quot;3&quot;:2}\">\n<p class=\"Texto_Alinhado_Esquerda\">2<\/p>\n<\/td>\n<td style=\"width: 14.5425%;text-align: center;height: 48px\" data-sheets-value=\"{&quot;1&quot;:2,&quot;2&quot;:&quot;Optativa&quot;}\">\n<p class=\"Texto_Alinhado_Esquerda\">N\u00e3o<\/p>\n<\/td>\n<\/tr>\n<tr style=\"height: 48px\">\n<td style=\"width: 73.8562%;height: 48px\" data-sheets-value=\"{&quot;1&quot;:2,&quot;2&quot;:&quot;T\u00e9cnicas de caracteriza\u00e7\u00e3o dos materiais ii&quot;}\">\n<p class=\"Texto_Alinhado_Esquerda\"><a href=\"https:\/\/cursos.unipampa.edu.br\/cursos\/ppeng\/tecnicas-de-caracterizacao-dos-materiais-ii\/\">T\u00e9cnicas de caracteriza\u00e7\u00e3o dos materiais II<\/a><\/p>\n<\/td>\n<td style=\"width: 11.4379%;text-align: center;height: 48px\" data-sheets-value=\"{&quot;1&quot;:3,&quot;3&quot;:2}\">\n<p class=\"Texto_Alinhado_Esquerda\">2<\/p>\n<\/td>\n<td style=\"width: 14.5425%;text-align: center;height: 48px\" data-sheets-value=\"{&quot;1&quot;:2,&quot;2&quot;:&quot;Optativa&quot;}\">\n<p class=\"Texto_Alinhado_Esquerda\">N\u00e3o<\/p>\n<\/td>\n<\/tr>\n<tr style=\"height: 48px\">\n<td style=\"width: 73.8562%;height: 48px\" data-sheets-value=\"{&quot;1&quot;:2,&quot;2&quot;:&quot;T\u00f3picos especiais em tecnologia dos materiais e meio ambiente&quot;}\">\n<p class=\"Texto_Alinhado_Esquerda\"><a href=\"https:\/\/cursos.unipampa.edu.br\/cursos\/ppeng\/topicos-especiais-em-tecnologia-dos-materiais-e-meio-ambiente-i\/\">T\u00f3picos especiais em tecnologia dos materiais e meio ambiente I<\/a><\/p>\n<\/td>\n<td style=\"width: 11.4379%;text-align: center;height: 48px\" data-sheets-value=\"{&quot;1&quot;:3,&quot;3&quot;:2}\">\n<p class=\"Texto_Alinhado_Esquerda\">2<\/p>\n<\/td>\n<td style=\"width: 14.5425%;text-align: center;height: 48px\" data-sheets-value=\"{&quot;1&quot;:2,&quot;2&quot;:&quot;Optativa&quot;}\">\n<p class=\"Texto_Alinhado_Esquerda\">N\u00e3o<\/p>\n<\/td>\n<\/tr>\n<tr style=\"height: 48px\">\n<td style=\"width: 73.8562%;height: 48px\" data-sheets-value=\"{&quot;1&quot;:2,&quot;2&quot;:&quot;T\u00f3picos especiais em tecnologia dos materiais e meio ambiente&quot;}\">\n<p class=\"Texto_Alinhado_Esquerda\"><a href=\"https:\/\/cursos.unipampa.edu.br\/cursos\/ppeng\/topicos-especiais-em-tecnologia-dos-materiais-e-meio-ambiente-ii\/\">T\u00f3picos especiais em tecnologia dos materiais e meio ambiente II<\/a><\/p>\n<\/td>\n<td style=\"width: 11.4379%;text-align: center;height: 48px\" data-sheets-value=\"{&quot;1&quot;:3,&quot;3&quot;:2}\">\n<p class=\"Texto_Alinhado_Esquerda\">2<\/p>\n<\/td>\n<td style=\"width: 14.5425%;text-align: center;height: 48px\" data-sheets-value=\"{&quot;1&quot;:2,&quot;2&quot;:&quot;Optativa&quot;}\">\n<p class=\"Texto_Alinhado_Esquerda\">N\u00e3o<\/p>\n<\/td>\n<\/tr>\n<\/tbody>\n<\/table>\n<p>&nbsp;<\/p>\n<p>&nbsp;<\/p>\n<p>&nbsp;<\/p>\n<p>&nbsp;<\/p>\n<p>&nbsp;<\/p>\n<p>&nbsp;<\/p>\n<p>&nbsp;<\/p>\n<p>&nbsp;<\/p>\n<p>&nbsp;<\/p>","protected":false},"excerpt":{"rendered":"<p>O Curso de Mestrado Acad\u00eamico do Programa de P\u00f3s-Gradua\u00e7\u00e3o em Engenharia (PPEng) oferta semestralmente um conjunto de disciplinas para que os(as) discentes sejam capazes de cumprir os cr\u00e9ditos necess\u00e1rios em disciplinas durante o primeiro ano de curso. O conjunto de disciplinas do programa \u00e9 estruturado de forma que o(a) discente tenha a forma\u00e7\u00e3o necess\u00e1ria para [&hellip;]<\/p>\n","protected":false},"author":629,"featured_media":0,"parent":0,"menu_order":0,"comment_status":"closed","ping_status":"closed","template":"","meta":[],"_links":{"self":[{"href":"https:\/\/cursos.unipampa.edu.br\/cursos\/ppeng\/es\/wp-json\/wp\/v2\/pages\/2295"}],"collection":[{"href":"https:\/\/cursos.unipampa.edu.br\/cursos\/ppeng\/es\/wp-json\/wp\/v2\/pages"}],"about":[{"href":"https:\/\/cursos.unipampa.edu.br\/cursos\/ppeng\/es\/wp-json\/wp\/v2\/types\/page"}],"author":[{"embeddable":true,"href":"https:\/\/cursos.unipampa.edu.br\/cursos\/ppeng\/es\/wp-json\/wp\/v2\/users\/629"}],"replies":[{"embeddable":true,"href":"https:\/\/cursos.unipampa.edu.br\/cursos\/ppeng\/es\/wp-json\/wp\/v2\/comments?post=2295"}],"version-history":[{"count":18,"href":"https:\/\/cursos.unipampa.edu.br\/cursos\/ppeng\/es\/wp-json\/wp\/v2\/pages\/2295\/revisions"}],"predecessor-version":[{"id":4001,"href":"https:\/\/cursos.unipampa.edu.br\/cursos\/ppeng\/es\/wp-json\/wp\/v2\/pages\/2295\/revisions\/4001"}],"wp:attachment":[{"href":"https:\/\/cursos.unipampa.edu.br\/cursos\/ppeng\/es\/wp-json\/wp\/v2\/media?parent=2295"}],"curies":[{"name":"wp","href":"https:\/\/api.w.org\/{rel}","templated":true}]}}