
{"id":2286,"date":"2021-06-03T13:29:19","date_gmt":"2021-06-03T16:29:19","guid":{"rendered":"http:\/\/cursos.unipampa.edu.br\/cursos\/ppeng\/?page_id=2286"},"modified":"2021-06-03T13:52:46","modified_gmt":"2021-06-03T16:52:46","slug":"metodos-numericos-em-engenharia","status":"publish","type":"page","link":"https:\/\/cursos.unipampa.edu.br\/cursos\/ppeng\/es\/metodos-numericos-em-engenharia\/","title":{"rendered":"M\u00e9todos num\u00e9ricos em engenharia"},"content":{"rendered":"<p><\/p>\n<p style=\"text-align: justify\"><strong>C\u00f3digo<\/strong>: AL5024<\/p>\n<p style=\"text-align: justify\"><strong>Cr\u00e9ditos<\/strong>: 4<\/p>\n<p style=\"text-align: justify\"><strong>Disciplina obrigat\u00f3ria<\/strong>: N\u00e3o<\/p>\n<p style=\"text-align: justify\"><strong>Semestre de oferta<\/strong>: 1\u00ba Semestre<\/p>\n<p style=\"text-align: justify\"><strong>Docente<\/strong>: Luiz Eduardo Medeiros<\/p>\n<hr \/>\n<p style=\"text-align: justify\"><strong>Ementa<\/strong>:<br \/>\nSistemas de equa\u00e7\u00f5es diferenciais ordin\u00e1rias; m\u00e9todos de passo simples e m\u00faltiplo; estabilidade, converg\u00eancia; caso Stiff; solu\u00e7\u00e3o num\u00e9rica de problemas de contorno e autovalores; m\u00e9todos de diferen\u00e7as para equa\u00e7\u00f5es parab\u00f3licas, el\u00edpticas e hiperb\u00f3licas; m\u00e9todos expl\u00edcitos e impl\u00edcitos; estabilidade e converg\u00eancia; aplica\u00e7\u00f5es em duas e tr\u00eas dimens\u00f5es; m\u00e9todos espectrais; invers\u00e3o num\u00e9rica da transformada de Laplace e m\u00e9todos h\u00edbridos.Sistemas de equa\u00e7\u00f5es diferenciais ordin\u00e1rias; m\u00e9todos de passo simples e m\u00faltiplo; estabilidade, converg\u00eancia; caso Stiff; solu\u00e7\u00e3o num\u00e9rica de problemas de contorno e autovalores; m\u00e9todos de diferen\u00e7as para equa\u00e7\u00f5es parab\u00f3licas, el\u00edpticas e hiperb\u00f3licas; m\u00e9todos expl\u00edcitos e impl\u00edcitos; estabilidade e converg\u00eancia; aplica\u00e7\u00f5es em duas e tr\u00eas dimens\u00f5es; m\u00e9todos espectrais; invers\u00e3o num\u00e9rica da transformada de Laplace e m\u00e9todos h\u00edbridos.<\/p>\n<hr \/>\n<p style=\"text-align: justify\"><strong>Bibliografia<\/strong>:<\/p>\n<ol style=\"text-align: justify\">\n<li>LUENBERGER, D. Linear and Nonlinear Programing. 2a. ed., Norweel: Kluwer Academic Publishers, 2003.<\/li>\n<li>COOK, R. D.; MALKUS, D. S.; PLESHA, M.E. Concepts and Applications of Finite Element Analysis. 4 ed., Nova Jersey: John Wiley &amp; Sons, Inc., 2002.<\/li>\n<li>COTTA, R. M. The Integral Transform Method in Thermal and Fluids Science and Engineering. Nova Iorque: Begell House, Inc., 1998.<\/li>\n<li>ANDREWS, L. C.; SHIVAMOGGI, B. K. Integral Transforms for Engineers (SPIE Press Monograph Vol. PM66). Bellingham: SPIE, 1999.<\/li>\n<li>LEVEQUE,R.J. Finite Volume Methods for Hyperbolic Problems (Cambridge Texts in Applied Mathematics). Cambridge: Cambridge University Press, 2002.<\/li>\n<li>LEVEQUE,R. J. Finite Difference Methods for Ordinary and Partial Differential Equations: Steady-State and Time-Dependent Problems (Classics in Applied Mathematics). Filad\u00e9lfia: SIAM, 2007.<\/li>\n<\/ol>\n<hr \/>\n<p style=\"text-align: justify\">\n<p><\/p>","protected":false},"excerpt":{"rendered":"<p>C\u00f3digo: AL5024 Cr\u00e9ditos: 4 Disciplina obrigat\u00f3ria: N\u00e3o Semestre de oferta: 1\u00ba Semestre Docente: Luiz Eduardo Medeiros Ementa: Sistemas de equa\u00e7\u00f5es diferenciais ordin\u00e1rias; m\u00e9todos de passo simples e m\u00faltiplo; estabilidade, converg\u00eancia; caso Stiff; solu\u00e7\u00e3o num\u00e9rica de problemas de contorno e autovalores; m\u00e9todos de diferen\u00e7as para equa\u00e7\u00f5es parab\u00f3licas, el\u00edpticas e hiperb\u00f3licas; m\u00e9todos expl\u00edcitos e impl\u00edcitos; estabilidade e [&hellip;]<\/p>\n","protected":false},"author":629,"featured_media":0,"parent":0,"menu_order":0,"comment_status":"closed","ping_status":"closed","template":"","meta":[],"_links":{"self":[{"href":"https:\/\/cursos.unipampa.edu.br\/cursos\/ppeng\/es\/wp-json\/wp\/v2\/pages\/2286"}],"collection":[{"href":"https:\/\/cursos.unipampa.edu.br\/cursos\/ppeng\/es\/wp-json\/wp\/v2\/pages"}],"about":[{"href":"https:\/\/cursos.unipampa.edu.br\/cursos\/ppeng\/es\/wp-json\/wp\/v2\/types\/page"}],"author":[{"embeddable":true,"href":"https:\/\/cursos.unipampa.edu.br\/cursos\/ppeng\/es\/wp-json\/wp\/v2\/users\/629"}],"replies":[{"embeddable":true,"href":"https:\/\/cursos.unipampa.edu.br\/cursos\/ppeng\/es\/wp-json\/wp\/v2\/comments?post=2286"}],"version-history":[{"count":2,"href":"https:\/\/cursos.unipampa.edu.br\/cursos\/ppeng\/es\/wp-json\/wp\/v2\/pages\/2286\/revisions"}],"predecessor-version":[{"id":2300,"href":"https:\/\/cursos.unipampa.edu.br\/cursos\/ppeng\/es\/wp-json\/wp\/v2\/pages\/2286\/revisions\/2300"}],"wp:attachment":[{"href":"https:\/\/cursos.unipampa.edu.br\/cursos\/ppeng\/es\/wp-json\/wp\/v2\/media?parent=2286"}],"curies":[{"name":"wp","href":"https:\/\/api.w.org\/{rel}","templated":true}]}}