
{"id":2284,"date":"2021-06-03T13:06:20","date_gmt":"2021-06-03T16:06:20","guid":{"rendered":"http:\/\/cursos.unipampa.edu.br\/cursos\/ppeng\/?page_id=2284"},"modified":"2025-05-23T19:54:49","modified_gmt":"2025-05-23T22:54:49","slug":"mecanismos-de-deformacao-e-fratura-dos-materiais","status":"publish","type":"page","link":"https:\/\/cursos.unipampa.edu.br\/cursos\/ppeng\/es\/mecanismos-de-deformacao-e-fratura-dos-materiais\/","title":{"rendered":"Mecanismos de deforma\u00e7\u00e3o e fratura dos materiais"},"content":{"rendered":"<p><\/p>\n<p style=\"text-align: justify\"><strong>C\u00f3digo<\/strong>: AL5079<\/p>\n<p style=\"text-align: justify\"><strong>Cr\u00e9ditos<\/strong>: 2<\/p>\n<p style=\"text-align: justify\"><strong>Disciplina obrigat\u00f3ria<\/strong>: N\u00e3o<\/p>\n<p style=\"text-align: justify\"><strong>Semestre de oferta<\/strong>: 1\u00ba Semestre*<\/p>\n<p style=\"text-align: justify\"><strong>Docente<\/strong>: Tonilson de Souza Rosendo<\/p>\n<hr \/>\n<p style=\"text-align: justify\"><strong>Ementa<\/strong>: Resist\u00eancia te\u00f3rica dos metais. Teoria das discord\u00e2ncias. Sistemas de deslizamento em redes c\u00fabicas e hexagonais. Intera\u00e7\u00e3o entre discord\u00e2ncias e imperfei\u00e7\u00f5es cristalinas. Teoria de aumento de resist\u00eancia mec\u00e2nica pela introdu\u00e7\u00e3o de solutos. Encruamento, recupera\u00e7\u00e3o, recristaliza\u00e7\u00e3o e crescimento de gr\u00e3o. Endurecimento por precipita\u00e7\u00e3o interfaces coerentes e incoerentes, Forma\u00e7\u00e3o de zonas GP. Equa\u00e7\u00e3o de Orowan Termodin\u00e2mica das Lacunas e difus\u00e3o em s\u00f3lidos. Flu\u00eancia. Comportamento em condi\u00e7\u00f5es criog\u00eanicas de aplica\u00e7\u00e3o. Fratura fr\u00e1gil. Fratura sob carregamentos monot\u00f4nicos e din\u00e2micos.<\/p>\n<hr \/>\n<p style=\"text-align: justify\"><strong>Bibliografia<\/strong>:<\/p>\n<ol style=\"text-align: justify\">\n<li>CALLISTER, W. D. Materials Science and Engineering An Introduction. Nova Jersey: John Wiley &amp; Sons, Inc., 2000.<\/li>\n<li>COURTNEY, T. H., Mechanical Behavior of materials. Nova Iorque: McGraw Hill, 1990.<\/li>\n<li>DOWLING, N. E., Mechanical Behavior of Materials. Nova Iorque, Prentice-Hall, 1993.<\/li>\n<li>DVORAK, G. J., Research Trends in Solid Mechanics. Oxford: Elsevier Science, 2000.<\/li>\n<li>REED HILL, R. E., Princ\u00edpios de metalurgia f\u00edsica. Rio de Janeiro: Guanabara Dois, 1980.<\/li>\n<li>PEREZ, N. Fracture Mechanics, Kluwer Academic Publishers, 2004<\/li>\n<\/ol>\n<hr \/>\n<p style=\"text-align: justify\">* Oferta condicionada \u00e0 demanda.<\/p>\n<p><\/p>","protected":false},"excerpt":{"rendered":"<p>C\u00f3digo: AL5079 Cr\u00e9ditos: 2 Disciplina obrigat\u00f3ria: N\u00e3o Semestre de oferta: 1\u00ba Semestre* Docente: Tonilson de Souza Rosendo Ementa: Resist\u00eancia te\u00f3rica dos metais. Teoria das discord\u00e2ncias. Sistemas de deslizamento em redes c\u00fabicas e hexagonais. Intera\u00e7\u00e3o entre discord\u00e2ncias e imperfei\u00e7\u00f5es cristalinas. Teoria de aumento de resist\u00eancia mec\u00e2nica pela introdu\u00e7\u00e3o de solutos. Encruamento, recupera\u00e7\u00e3o, recristaliza\u00e7\u00e3o e crescimento de [&hellip;]<\/p>\n","protected":false},"author":629,"featured_media":0,"parent":0,"menu_order":0,"comment_status":"closed","ping_status":"closed","template":"","meta":[],"_links":{"self":[{"href":"https:\/\/cursos.unipampa.edu.br\/cursos\/ppeng\/es\/wp-json\/wp\/v2\/pages\/2284"}],"collection":[{"href":"https:\/\/cursos.unipampa.edu.br\/cursos\/ppeng\/es\/wp-json\/wp\/v2\/pages"}],"about":[{"href":"https:\/\/cursos.unipampa.edu.br\/cursos\/ppeng\/es\/wp-json\/wp\/v2\/types\/page"}],"author":[{"embeddable":true,"href":"https:\/\/cursos.unipampa.edu.br\/cursos\/ppeng\/es\/wp-json\/wp\/v2\/users\/629"}],"replies":[{"embeddable":true,"href":"https:\/\/cursos.unipampa.edu.br\/cursos\/ppeng\/es\/wp-json\/wp\/v2\/comments?post=2284"}],"version-history":[{"count":1,"href":"https:\/\/cursos.unipampa.edu.br\/cursos\/ppeng\/es\/wp-json\/wp\/v2\/pages\/2284\/revisions"}],"predecessor-version":[{"id":2285,"href":"https:\/\/cursos.unipampa.edu.br\/cursos\/ppeng\/es\/wp-json\/wp\/v2\/pages\/2284\/revisions\/2285"}],"wp:attachment":[{"href":"https:\/\/cursos.unipampa.edu.br\/cursos\/ppeng\/es\/wp-json\/wp\/v2\/media?parent=2284"}],"curies":[{"name":"wp","href":"https:\/\/api.w.org\/{rel}","templated":true}]}}