
{"id":2278,"date":"2021-06-03T12:58:07","date_gmt":"2021-06-03T15:58:07","guid":{"rendered":"http:\/\/cursos.unipampa.edu.br\/cursos\/ppeng\/?page_id=2278"},"modified":"2025-05-23T19:54:54","modified_gmt":"2025-05-23T22:54:54","slug":"introducao-ao-desenvolvimento-sustentavel-clima-e-energia","status":"publish","type":"page","link":"https:\/\/cursos.unipampa.edu.br\/cursos\/ppeng\/es\/introducao-ao-desenvolvimento-sustentavel-clima-e-energia\/","title":{"rendered":"Introdu\u00e7\u00e3o ao desenvolvimento sustent\u00e1vel: clima e energia"},"content":{"rendered":"<p><\/p>\n<p style=\"text-align: justify\"><strong>C\u00f3digo<\/strong>: AL5097<\/p>\n<p style=\"text-align: justify\"><strong>Cr\u00e9ditos<\/strong>: 4<\/p>\n<p style=\"text-align: justify\"><strong>Disciplina obrigat\u00f3ria<\/strong>: N\u00e3o<\/p>\n<p style=\"text-align: justify\"><strong>Semestre de oferta<\/strong>: 2\u00ba Semestre*<\/p>\n<p style=\"text-align: justify\"><strong>Docente<\/strong>: Felipe Denardin Costa<\/p>\n<hr \/>\n<p style=\"text-align: justify\"><strong>Ementa<\/strong>:<br \/>\nEfeitos urbanos. M\u00e9todos de estudo do clima urbano. O escoamento urbano. Balan\u00e7o de energia urbano. Ilha de calor urbana. Avalia\u00e7\u00e3o do conforto t\u00e9rmico interno e externo. Estrat\u00e9gias de adapta\u00e7\u00e3o ao clima local e impactos na demanda de energia em pr\u00e9dios.<\/p>\n<hr \/>\n<p style=\"text-align: justify\"><strong>Bibliografia<\/strong>:<\/p>\n<ol style=\"text-align: justify\">\n<li>Oke, T., Mills, G., Christen A., &amp; Voogt, J.. Urban Climates. Cambridge: Cambridge University Press, 2017.<\/li>\n<li>FROTA, AB; SCHIFFER, SR. Manual de conforto t\u00e9rmico. 8. ed. Sao Paulo, SP: Studio Nobel, 2007.<\/li>\n<li>BARRY, Roger G.; COSTA, Ronaldo Cataldo. Atmosfera, tempo e clima. 9. ed. Porto Alegre, RS: Bookman, 2013.<\/li>\n<li>NATIONAL RESEARCH COUNCIL. Advancing the Science of Climate Change<br \/>\nNational Academies Press, 2010.<\/li>\n<li>NATIONAL RESEARCH COUNCIL. Engineering and Environmental Challenges:<br \/>\nTechnical Symposium on Earth Systems Engineering. National Academies Press,<br \/>\n2002.<\/li>\n<li>NATIONAL RESEARCH COUNCIL. Urban Meteorology: Forecasting, Monitoring,<br \/>\nand Meeting Users&#8217; Needs. National Academies Press, 2012.<\/li>\n<li>Oke, T. R. Boundary Layer Climates (second edition). London\/New York:<br \/>\nRoutledge, 1987.<\/li>\n<li>NATIONAL RESEARCH COUNCIL. Adapting to the impacts of climate change.<br \/>\nNational Academies Press, 2011.<\/li>\n<li>MORAES, Osvaldo L. L. de. Meteorologia e poluicao atmosferica: teoria, experimentos e simulacao. Santa Maria, RS: FACOS-UFSM, 2010.<\/li>\n<\/ol>\n<hr \/>\n<p style=\"text-align: justify\">* Oferta condicionada \u00e0 demanda.<\/p>\n<p><\/p>","protected":false},"excerpt":{"rendered":"<p>C\u00f3digo: AL5097 Cr\u00e9ditos: 4 Disciplina obrigat\u00f3ria: N\u00e3o Semestre de oferta: 2\u00ba Semestre* Docente: Felipe Denardin Costa Ementa: Efeitos urbanos. M\u00e9todos de estudo do clima urbano. O escoamento urbano. Balan\u00e7o de energia urbano. Ilha de calor urbana. Avalia\u00e7\u00e3o do conforto t\u00e9rmico interno e externo. Estrat\u00e9gias de adapta\u00e7\u00e3o ao clima local e impactos na demanda de energia [&hellip;]<\/p>\n","protected":false},"author":629,"featured_media":0,"parent":0,"menu_order":0,"comment_status":"closed","ping_status":"closed","template":"","meta":[],"_links":{"self":[{"href":"https:\/\/cursos.unipampa.edu.br\/cursos\/ppeng\/es\/wp-json\/wp\/v2\/pages\/2278"}],"collection":[{"href":"https:\/\/cursos.unipampa.edu.br\/cursos\/ppeng\/es\/wp-json\/wp\/v2\/pages"}],"about":[{"href":"https:\/\/cursos.unipampa.edu.br\/cursos\/ppeng\/es\/wp-json\/wp\/v2\/types\/page"}],"author":[{"embeddable":true,"href":"https:\/\/cursos.unipampa.edu.br\/cursos\/ppeng\/es\/wp-json\/wp\/v2\/users\/629"}],"replies":[{"embeddable":true,"href":"https:\/\/cursos.unipampa.edu.br\/cursos\/ppeng\/es\/wp-json\/wp\/v2\/comments?post=2278"}],"version-history":[{"count":2,"href":"https:\/\/cursos.unipampa.edu.br\/cursos\/ppeng\/es\/wp-json\/wp\/v2\/pages\/2278\/revisions"}],"predecessor-version":[{"id":2280,"href":"https:\/\/cursos.unipampa.edu.br\/cursos\/ppeng\/es\/wp-json\/wp\/v2\/pages\/2278\/revisions\/2280"}],"wp:attachment":[{"href":"https:\/\/cursos.unipampa.edu.br\/cursos\/ppeng\/es\/wp-json\/wp\/v2\/media?parent=2278"}],"curies":[{"name":"wp","href":"https:\/\/api.w.org\/{rel}","templated":true}]}}