
{"id":2274,"date":"2021-06-03T12:47:23","date_gmt":"2021-06-03T15:47:23","guid":{"rendered":"http:\/\/cursos.unipampa.edu.br\/cursos\/ppeng\/?page_id=2274"},"modified":"2025-05-23T19:53:07","modified_gmt":"2025-05-23T22:53:07","slug":"fundamentos-do-metodo-de-elementos-finitos","status":"publish","type":"page","link":"https:\/\/cursos.unipampa.edu.br\/cursos\/ppeng\/es\/fundamentos-do-metodo-de-elementos-finitos\/","title":{"rendered":"Fundamentos do m\u00e9todo de elementos finitos"},"content":{"rendered":"<p><\/p>\n<p style=\"text-align: justify\"><strong>C\u00f3digo<\/strong>: AL5018<\/p>\n<p style=\"text-align: justify\"><strong>Cr\u00e9ditos<\/strong>: 4<\/p>\n<p style=\"text-align: justify\"><strong>Disciplina obrigat\u00f3ria<\/strong>: N\u00e3o<\/p>\n<p style=\"text-align: justify\"><strong>Semestre de oferta<\/strong>: 2\u00ba Semestre*<\/p>\n<p style=\"text-align: justify\"><strong>Docente<\/strong>: Sem docente definido<\/p>\n<hr \/>\n<p style=\"text-align: justify\"><strong>Ementa<\/strong>:<\/p>\n<p style=\"text-align: justify\">Conceito B\u00e1sico do M\u00e9todo de Elementos Finitos. Formula\u00e7\u00f5es e Aproxima\u00e7\u00f5es Variacionais; Discretiza\u00e7\u00e3o de dom\u00ednio. Elementos e Fun\u00e7\u00f5es de Interpola\u00e7\u00e3o, Computa\u00e7\u00e3o da Matriz do Elemento. Montagem das Matrizes dos Elementos. Solu\u00e7\u00e3o do Sistema de Equa\u00e7\u00f5es. Aplica\u00e7\u00f5es em An\u00e1lise Estrutural, Transfer\u00eancia de Calor e Avalia\u00e7\u00e3o do Campo Magn\u00e9tico. Execu\u00e7\u00e3o de um programa de Elementos Finitos.<\/p>\n<hr \/>\n<p style=\"text-align: justify\"><strong>Bibliografia<\/strong>:<\/p>\n<ol style=\"text-align: justify\">\n<li>Jacob Fish; Ted Belytschko; Um Primeiro Curso em Elementos Finitos, LTC, 2009.<\/li>\n<li>Reddy, J. N., An Introduction to the Finite Element Method, McGraw-Hill, New York, 1984.<\/li>\n<li>Cook, Robert Davis, Concepts and Applications of Finite Element Analisis, 4th ed., John Wiley, New York, 2002.<\/li>\n<li>Luiz Eloy Vaz, M\u00e9todo dos Elementos Finitos em An\u00e1lise de Estruturas, Elsevier Editora, , Rio de Janeiro, 2011.<\/li>\n<li>SOBRINHO, A. C. Introdu\u00e7\u00e3o ao M\u00e9todo dos Elementos Finitos. Rio de Janeiro: Ci\u00eancia Moderna, 2006.<\/li>\n<li>Aloisio Ernesto Assn, M\u00e9todo dos Elemtos Finitos \u0096 Primeiro Passos, Editora da UNICAMP, 1999.<\/li>\n<li>BUCHANAN, G. R. Shaum\u00b4s Outline of Theory and Problems of Finite Element Analysis. Nova Iorque: McGraw-Hill, 1994.<\/li>\n<li>Hinton, E. and Owen, D.R.J., Finite Element Programming, Academic Press, London, 1977.<\/li>\n<li>Zienkiewicz, O. C., The Finite Element Method (3rd ed.), McGraw-Hill, London, 1986<\/li>\n<li>Humberto Lima Soriano, M\u00e9todo de Elementos Finitos em An\u00e1lise de Estruturas, Editora USP, S\u00e3o Paulo, 2003. 11. Bathe, K. J., Finite Element Procedure, Prentice-Hill, Englewood Cliffs, New Jersey, 1995.<\/li>\n<\/ol>\n<hr \/>\n<p style=\"text-align: justify\">* Oferta condicionada \u00e0 demanda.<\/p>\n<p><\/p>","protected":false},"excerpt":{"rendered":"<p>C\u00f3digo: AL5018 Cr\u00e9ditos: 4 Disciplina obrigat\u00f3ria: N\u00e3o Semestre de oferta: 2\u00ba Semestre* Docente: Sem docente definido Ementa: Conceito B\u00e1sico do M\u00e9todo de Elementos Finitos. Formula\u00e7\u00f5es e Aproxima\u00e7\u00f5es Variacionais; Discretiza\u00e7\u00e3o de dom\u00ednio. Elementos e Fun\u00e7\u00f5es de Interpola\u00e7\u00e3o, Computa\u00e7\u00e3o da Matriz do Elemento. Montagem das Matrizes dos Elementos. Solu\u00e7\u00e3o do Sistema de Equa\u00e7\u00f5es. Aplica\u00e7\u00f5es em An\u00e1lise Estrutural, [&hellip;]<\/p>\n","protected":false},"author":629,"featured_media":0,"parent":0,"menu_order":0,"comment_status":"closed","ping_status":"closed","template":"","meta":[],"_links":{"self":[{"href":"https:\/\/cursos.unipampa.edu.br\/cursos\/ppeng\/es\/wp-json\/wp\/v2\/pages\/2274"}],"collection":[{"href":"https:\/\/cursos.unipampa.edu.br\/cursos\/ppeng\/es\/wp-json\/wp\/v2\/pages"}],"about":[{"href":"https:\/\/cursos.unipampa.edu.br\/cursos\/ppeng\/es\/wp-json\/wp\/v2\/types\/page"}],"author":[{"embeddable":true,"href":"https:\/\/cursos.unipampa.edu.br\/cursos\/ppeng\/es\/wp-json\/wp\/v2\/users\/629"}],"replies":[{"embeddable":true,"href":"https:\/\/cursos.unipampa.edu.br\/cursos\/ppeng\/es\/wp-json\/wp\/v2\/comments?post=2274"}],"version-history":[{"count":3,"href":"https:\/\/cursos.unipampa.edu.br\/cursos\/ppeng\/es\/wp-json\/wp\/v2\/pages\/2274\/revisions"}],"predecessor-version":[{"id":3756,"href":"https:\/\/cursos.unipampa.edu.br\/cursos\/ppeng\/es\/wp-json\/wp\/v2\/pages\/2274\/revisions\/3756"}],"wp:attachment":[{"href":"https:\/\/cursos.unipampa.edu.br\/cursos\/ppeng\/es\/wp-json\/wp\/v2\/media?parent=2274"}],"curies":[{"name":"wp","href":"https:\/\/api.w.org\/{rel}","templated":true}]}}