
{"id":2271,"date":"2021-06-03T12:43:56","date_gmt":"2021-06-03T15:43:56","guid":{"rendered":"http:\/\/cursos.unipampa.edu.br\/cursos\/ppeng\/?page_id=2271"},"modified":"2025-05-23T19:53:04","modified_gmt":"2025-05-23T22:53:04","slug":"fundamentos-de-mecanica-dos-solidos","status":"publish","type":"page","link":"https:\/\/cursos.unipampa.edu.br\/cursos\/ppeng\/es\/fundamentos-de-mecanica-dos-solidos\/","title":{"rendered":"Fundamentos de mec\u00e2nica dos s\u00f3lidos"},"content":{"rendered":"<p><strong>C\u00f3digo<\/strong>: AL5017<\/p>\n<p><strong>Cr\u00e9ditos<\/strong>: 4<\/p>\n<p><strong>Disciplina obrigat\u00f3ria<\/strong>: N\u00e3o<\/p>\n<p><strong>Semestre de oferta<\/strong>: 2\u00ba Semestre*<\/p>\n<p><strong>Docente<\/strong>: Luis Eduardo Kosteski<\/p>\n<hr \/>\n<p><strong>Ementa<\/strong>:<br \/>\nMec\u00e2nica de elasticidade: Introdu\u00e7\u00e3o; Estado plano de tens\u00e3o e de deforma\u00e7\u00e3o; An\u00e1lise de tens\u00f5es e deforma\u00e7\u00f5es; Lei de Hooke; Equa\u00e7\u00e3o de equil\u00edbrio; Equa\u00e7\u00e3o de compatibilidade; Fun\u00e7\u00e3o de tensores de Cauchy; Equa\u00e7\u00e3o de bi-harmonica; Condi\u00e7\u00f5es de contorno; Problemas bidimensionais em coordenadas retangulares; Problemas bidimensionais em coordenadas polares; Teoremas gerais. Mec\u00e2nica de plasticidade: Introdu\u00e7\u00e3o; Modelos simplificados de curva de tens\u00e3o-deforma\u00e7\u00e3o; Desviador de tensor de tens\u00f5es; Crit\u00e9rios de escoamento; Espa\u00e7o de Haigh-Westergaard; Tens\u00e3o e deforma\u00e7\u00e3o efetivas (ou equivalentes); Lei de tens\u00e3o-deforma\u00e7\u00e3o no regime pl\u00e1stico; Condi\u00e7\u00e3o de escoamento; Superf\u00edcie de escoamento; Crit\u00e9rios de carregamento e descarregamento. Mec\u00e2nica da Fratura: Introdu\u00e7\u00e3o; Concentra\u00e7\u00e3o de tens\u00e3o e teoria de equil\u00edbrio de energia de Griffith; Modos de propaga\u00e7\u00e3o de trincas; Campo el\u00e1stico em torno da ponta de uma trinca; Fator de intensidade de tens\u00e3o; Rela\u00e7\u00e3o entre a taxa de al\u00edvio de energia e fator de intensidade de tens\u00e3o; Crit\u00e9rios de propaga\u00e7\u00e3o de trincas; Integral J; Plastifica\u00e7\u00e3o na ponta de uma trinca.<\/p>\n<hr \/>\n<p><strong>Bibliografia<\/strong>:<\/p>\n<ol>\n<li>TIMOSHENKO, S.P.; GOODIER, J. N. Teoria da Elasticidade. 3a ed., Rio de Janeiro: Guanabara Dois, 1980.<\/li>\n<li>LURIE, A. I. Theory of Elasticity (Foundations of Engineering Mechanics). Nova Iorque: Springer, 2005.<\/li>\n<li>FUNG, Y. C.; TONG, P. Classical and Computational Solid Mechanics (Advanced Series in Engineering Science). Singapura: World Scientific Publishing, 2001.<\/li>\n<li>LEMAITRE, J.; CHABOCHE, J. L. Mechanics of Solid Materials. Cambridge: Cambridge University Press, 1994.<\/li>\n<li>ANDERSON, T.L. Fracture Mechanics: Fundamentals and Applications. 3 ed., Boca Raton: CRC Press, 2005.<\/li>\n<li>Fung, Y. C. Foundation of Solid Mechanics, Prentice-Hall, 1977.<\/li>\n<li>Teodor M. Atanackovic; Ardeshir Guran. Theory of Elasticity for Scientists and Engineers. 1ed., Birkh\u00e4user Boston, 2000,<\/li>\n<li>Boresi, Arthur P.; Chong, Kenneth P.; Lee, James D. Elasticity in Engineering Mechanics. 3th ed. Wiley, 2010.<\/li>\n<li>S\u00e1nchz, E. Elementos de Mec\u00e2nica dos S\u00f3lidos, 1ed., Interci\u00eancia, Rio de Janeiro, 2000.<\/li>\n<li>Chakrabarty, J. Theory of Plasticity, 3ed., Elsevier Butterworth-Heinemann, 2006.<\/li>\n<li>David Broek. Elementary Engineering Fracture Mechanics, 4th ed., Kluwer Academic Publishes, 1986.<\/li>\n<\/ol>\n<hr \/>\n<p>* Oferta condicionada \u00e0 demanda.<\/p>","protected":false},"excerpt":{"rendered":"<p>C\u00f3digo: AL5017 Cr\u00e9ditos: 4 Disciplina obrigat\u00f3ria: N\u00e3o Semestre de oferta: 2\u00ba Semestre* Docente: Luis Eduardo Kosteski Ementa: Mec\u00e2nica de elasticidade: Introdu\u00e7\u00e3o; Estado plano de tens\u00e3o e de deforma\u00e7\u00e3o; An\u00e1lise de tens\u00f5es e deforma\u00e7\u00f5es; Lei de Hooke; Equa\u00e7\u00e3o de equil\u00edbrio; Equa\u00e7\u00e3o de compatibilidade; Fun\u00e7\u00e3o de tensores de Cauchy; Equa\u00e7\u00e3o de bi-harmonica; Condi\u00e7\u00f5es de contorno; Problemas bidimensionais [&hellip;]<\/p>\n","protected":false},"author":629,"featured_media":0,"parent":0,"menu_order":0,"comment_status":"closed","ping_status":"closed","template":"","meta":[],"_links":{"self":[{"href":"https:\/\/cursos.unipampa.edu.br\/cursos\/ppeng\/es\/wp-json\/wp\/v2\/pages\/2271"}],"collection":[{"href":"https:\/\/cursos.unipampa.edu.br\/cursos\/ppeng\/es\/wp-json\/wp\/v2\/pages"}],"about":[{"href":"https:\/\/cursos.unipampa.edu.br\/cursos\/ppeng\/es\/wp-json\/wp\/v2\/types\/page"}],"author":[{"embeddable":true,"href":"https:\/\/cursos.unipampa.edu.br\/cursos\/ppeng\/es\/wp-json\/wp\/v2\/users\/629"}],"replies":[{"embeddable":true,"href":"https:\/\/cursos.unipampa.edu.br\/cursos\/ppeng\/es\/wp-json\/wp\/v2\/comments?post=2271"}],"version-history":[{"count":3,"href":"https:\/\/cursos.unipampa.edu.br\/cursos\/ppeng\/es\/wp-json\/wp\/v2\/pages\/2271\/revisions"}],"predecessor-version":[{"id":3755,"href":"https:\/\/cursos.unipampa.edu.br\/cursos\/ppeng\/es\/wp-json\/wp\/v2\/pages\/2271\/revisions\/3755"}],"wp:attachment":[{"href":"https:\/\/cursos.unipampa.edu.br\/cursos\/ppeng\/es\/wp-json\/wp\/v2\/media?parent=2271"}],"curies":[{"name":"wp","href":"https:\/\/api.w.org\/{rel}","templated":true}]}}