
{"id":2267,"date":"2021-06-03T12:38:15","date_gmt":"2021-06-03T15:38:15","guid":{"rendered":"http:\/\/cursos.unipampa.edu.br\/cursos\/ppeng\/?page_id=2267"},"modified":"2025-05-23T19:52:59","modified_gmt":"2025-05-23T22:52:59","slug":"ciencia-dos-materiais","status":"publish","type":"page","link":"https:\/\/cursos.unipampa.edu.br\/cursos\/ppeng\/es\/ciencia-dos-materiais\/","title":{"rendered":"Ci\u00eancia dos Materiais"},"content":{"rendered":"<p><strong>C\u00f3digo<\/strong>: AL5071<\/p>\n<p><strong>Cr\u00e9ditos<\/strong>: 4<\/p>\n<p><strong>Disciplina obrigat\u00f3ria<\/strong>: N\u00e3o<\/p>\n<p><strong>Semestre de oferta<\/strong>: 1\u00ba Semestre<\/p>\n<p><strong>Docente<\/strong>: Marco Ant\u00f4nio Durlo Tier<\/p>\n<hr \/>\n<p><strong>Ementa<\/strong>:<br \/>\nRela\u00e7\u00e3o processamento\/microestrutura\/propriedades de materiais. Estrutura at\u00f4mica e suas intera\u00e7\u00f5es, Materiais cristalinos e materiais amorfos. Metais, Pol\u00edmeros, cer\u00e2micos e comp\u00f3sitos. Imperfei\u00e7\u00f5es cristalinas, Mecanismos de movimento at\u00f4mico (difus\u00e3o), Propriedades mec\u00e2nicas, Diagramas de equil\u00edbrio, As fases metaest\u00e1veis, Tratamentos t\u00e9rmicos e controle de microestruturas, Corros\u00e3o e tratamentos superficiais.<\/p>\n<hr \/>\n<p><strong>Bibliografia<\/strong>:<br \/>\n1. ASKELAND, D. R. The Science and Engineering of Materials. Londres: Chapman and Hall, 1998.<\/p>\n<p>2. CALLISTER, W. D. Materials Science and Engineering An Introduction. Nova Jersey: John Wiley &amp; Sons, Inc., 2000.<\/p>\n<p>3. KALPAKJIAN, S.; SCHMIDT, S. Manufacturing Processes for Engineering Materials. 5a ed., Nova Iorque: Prentice Hall, 2007.<\/p>\n<p>4. CALLISTER, W. D. Ci\u00eancia e Engenharia de Materiais &#8211; Uma Introdu\u00e7\u00e3o. 7a ed., Rio de Janeiro: LTC, 2008.<\/p>","protected":false},"excerpt":{"rendered":"<p>C\u00f3digo: AL5071 Cr\u00e9ditos: 4 Disciplina obrigat\u00f3ria: N\u00e3o Semestre de oferta: 1\u00ba Semestre Docente: Marco Ant\u00f4nio Durlo Tier Ementa: Rela\u00e7\u00e3o processamento\/microestrutura\/propriedades de materiais. Estrutura at\u00f4mica e suas intera\u00e7\u00f5es, Materiais cristalinos e materiais amorfos. Metais, Pol\u00edmeros, cer\u00e2micos e comp\u00f3sitos. Imperfei\u00e7\u00f5es cristalinas, Mecanismos de movimento at\u00f4mico (difus\u00e3o), Propriedades mec\u00e2nicas, Diagramas de equil\u00edbrio, As fases metaest\u00e1veis, Tratamentos t\u00e9rmicos e [&hellip;]<\/p>\n","protected":false},"author":629,"featured_media":0,"parent":0,"menu_order":0,"comment_status":"closed","ping_status":"closed","template":"","meta":[],"_links":{"self":[{"href":"https:\/\/cursos.unipampa.edu.br\/cursos\/ppeng\/es\/wp-json\/wp\/v2\/pages\/2267"}],"collection":[{"href":"https:\/\/cursos.unipampa.edu.br\/cursos\/ppeng\/es\/wp-json\/wp\/v2\/pages"}],"about":[{"href":"https:\/\/cursos.unipampa.edu.br\/cursos\/ppeng\/es\/wp-json\/wp\/v2\/types\/page"}],"author":[{"embeddable":true,"href":"https:\/\/cursos.unipampa.edu.br\/cursos\/ppeng\/es\/wp-json\/wp\/v2\/users\/629"}],"replies":[{"embeddable":true,"href":"https:\/\/cursos.unipampa.edu.br\/cursos\/ppeng\/es\/wp-json\/wp\/v2\/comments?post=2267"}],"version-history":[{"count":2,"href":"https:\/\/cursos.unipampa.edu.br\/cursos\/ppeng\/es\/wp-json\/wp\/v2\/pages\/2267\/revisions"}],"predecessor-version":[{"id":3753,"href":"https:\/\/cursos.unipampa.edu.br\/cursos\/ppeng\/es\/wp-json\/wp\/v2\/pages\/2267\/revisions\/3753"}],"wp:attachment":[{"href":"https:\/\/cursos.unipampa.edu.br\/cursos\/ppeng\/es\/wp-json\/wp\/v2\/media?parent=2267"}],"curies":[{"name":"wp","href":"https:\/\/api.w.org\/{rel}","templated":true}]}}