
{"id":2261,"date":"2021-06-03T12:30:34","date_gmt":"2021-06-03T15:30:34","guid":{"rendered":"http:\/\/cursos.unipampa.edu.br\/cursos\/ppeng\/?page_id=2261"},"modified":"2025-05-23T19:56:35","modified_gmt":"2025-05-23T22:56:35","slug":"processos-hidroclimaticos","status":"publish","type":"page","link":"https:\/\/cursos.unipampa.edu.br\/cursos\/ppeng\/es\/processos-hidroclimaticos\/","title":{"rendered":"Processos hidroclim\u00e1ticos"},"content":{"rendered":"<p><strong>C\u00f3digo:<\/strong> AL50XX<\/p>\n<p><strong>Cr\u00e9ditos<\/strong>: 2<\/p>\n<p><strong>Disciplina obrigat\u00f3ria<\/strong>: N\u00e3o<\/p>\n<p><strong>Semestre de oferta<\/strong>: 2\u00ba Semestre<\/p>\n<p><strong>Docente<\/strong>: Rafael Maroneze<\/p>\n<hr \/>\n<p><strong>Ementa<\/strong>: O Sistema Terrestre. Conceitos de termodin\u00e2mica da atmosfera. Balan\u00e7o de Energia \u00e0 Superf\u00edcie. Esquemas radiativos em modelos atmosf\u00e9ricos. Precipita\u00e7\u00e3o. Camada limite planet\u00e1ria. Intera\u00e7\u00e3o Superf\u00edcie &#8211; Atmosfera. \u00c1gua no solo. Gera\u00e7\u00e3o de escoamento. Sensibilidade do clima local \u00e0s condi\u00e7\u00f5es da superf\u00edcie.<\/p>\n<hr \/>\n<p><strong>Bibliografia<\/strong>:<br \/>\n1. SHUTTLEWORTH, W. James. Terrestrial hydrometeorology. John Wiley &amp; Sons, 2012.<br \/>\n2. BRUTSAERT, Wilfried et al. Hydrology: an introduction. Cambridge University Press, 2005.<br \/>\n3. ROBINSON, Mark; WARD, Roy Charles. Hydrology: principles and processes. Iwa Publishing, 2017.<br \/>\n4. OKE, Timothy R. Boundary layer climates. Routledge, 2002.<br \/>\n5. SAHA, Kshudiram. The Earth&#8217;s atmosphere: Its physics and dynamics. Springer Science &amp; Business Media, 2008.<br \/>\n6. STENSRUD, David J. Parameterization schemes: keys to understanding numerical weather prediction models. Cambridge University Press, 2009.<\/p>","protected":false},"excerpt":{"rendered":"<p>C\u00f3digo: AL50XX Cr\u00e9ditos: 2 Disciplina obrigat\u00f3ria: N\u00e3o Semestre de oferta: 2\u00ba Semestre Docente: Rafael Maroneze Ementa: O Sistema Terrestre. Conceitos de termodin\u00e2mica da atmosfera. Balan\u00e7o de Energia \u00e0 Superf\u00edcie. Esquemas radiativos em modelos atmosf\u00e9ricos. Precipita\u00e7\u00e3o. Camada limite planet\u00e1ria. Intera\u00e7\u00e3o Superf\u00edcie &#8211; Atmosfera. \u00c1gua no solo. Gera\u00e7\u00e3o de escoamento. Sensibilidade do clima local \u00e0s condi\u00e7\u00f5es da [&hellip;]<\/p>\n","protected":false},"author":629,"featured_media":0,"parent":0,"menu_order":0,"comment_status":"closed","ping_status":"closed","template":"","meta":[],"_links":{"self":[{"href":"https:\/\/cursos.unipampa.edu.br\/cursos\/ppeng\/es\/wp-json\/wp\/v2\/pages\/2261"}],"collection":[{"href":"https:\/\/cursos.unipampa.edu.br\/cursos\/ppeng\/es\/wp-json\/wp\/v2\/pages"}],"about":[{"href":"https:\/\/cursos.unipampa.edu.br\/cursos\/ppeng\/es\/wp-json\/wp\/v2\/types\/page"}],"author":[{"embeddable":true,"href":"https:\/\/cursos.unipampa.edu.br\/cursos\/ppeng\/es\/wp-json\/wp\/v2\/users\/629"}],"replies":[{"embeddable":true,"href":"https:\/\/cursos.unipampa.edu.br\/cursos\/ppeng\/es\/wp-json\/wp\/v2\/comments?post=2261"}],"version-history":[{"count":3,"href":"https:\/\/cursos.unipampa.edu.br\/cursos\/ppeng\/es\/wp-json\/wp\/v2\/pages\/2261\/revisions"}],"predecessor-version":[{"id":3760,"href":"https:\/\/cursos.unipampa.edu.br\/cursos\/ppeng\/es\/wp-json\/wp\/v2\/pages\/2261\/revisions\/3760"}],"wp:attachment":[{"href":"https:\/\/cursos.unipampa.edu.br\/cursos\/ppeng\/es\/wp-json\/wp\/v2\/media?parent=2261"}],"curies":[{"name":"wp","href":"https:\/\/api.w.org\/{rel}","templated":true}]}}